{"id":97,"date":"2020-10-27T21:24:12","date_gmt":"2020-10-27T21:24:12","guid":{"rendered":"https:\/\/www.e-test.work\/?page_id=97"},"modified":"2020-10-27T21:24:12","modified_gmt":"2020-10-27T21:24:12","slug":"cerca-de-ti-espana","status":"publish","type":"page","link":"https:\/\/heartfulness.org\/la\/cerca-de-ti-espana\/","title":{"rendered":"Cont\u00e1ctanos"},"content":{"rendered":"\n<p class=\"has-text-align-center titulo-paginas margin-bottom-10 has-vivid-cyan-blue-color has-text-color\"><strong>Un facilitador Heartfulness cerca de ti<\/strong><\/p>\n\n\n\n<div class=\"wp-block-columns is-layout-flex wp-container-core-columns-layout-2 wp-block-columns-is-layout-flex\">\n<div class=\"wp-block-column is-layout-flow wp-block-column-is-layout-flow\">\n<div class=\"wp-block-columns is-layout-flex wp-container-core-columns-layout-1 wp-block-columns-is-layout-flex\">\n<div class=\"wp-block-column is-layout-flow wp-block-column-is-layout-flow\">\n<ul style=\"text-align: left;\">\n<li>A Coru\u00f1a<\/li>\n<li>Barcelona<\/li>\n<li>Benalm\u00e1dena \u2013 M\u00e1laga<\/li>\n<li>Bilbao<\/li>\n<li>Cardedeu<\/li>\n<li>Figueras<\/li>\n<li>Girona<\/li>\n<li>Granada<\/li>\n<li>Huesca<\/li>\n<\/ul>\n<\/div>\n\n\n\n<div class=\"wp-block-column is-layout-flow wp-block-column-is-layout-flow\">\n<ul style=\"text-align: left;\">\n<li>Las Palmas Gran Canaria<\/li>\n<li>Lleida<\/li>\n<li>Madrid<\/li>\n<li>M\u00e9rida<\/li>\n<li>Motril \u2013 Granada<\/li>\n<li>Olba Teruel<\/li>\n<li>Olot<\/li>\n<li>Santander<\/li>\n<li>Sevilla<\/li>\n<\/ul>\n<\/div>\n<\/div>\n\n\n\n<p>&nbsp;Para contactar con un facilitador de meditaci\u00f3n en Espa\u00f1a, env\u00edanos un correo a: <a href=\"mailto:spain@heartfulness.org\">spain@heartfulness.org<\/a><\/p>\n\n\n\n<p>Hay m\u00e1s de 13 000 facilitadores de meditaci\u00f3n Heartfulness alrededor del mundo.&nbsp;<\/p>\n\n\n\n<a href=\"https:\/\/heartspots.heartfulness.org\/\" target=\"_blank\" rel=\"noopener noreferrer\"><div class=\"button blue\" style=\"margin-bottom:10%;margin-top:10%;\">Encuentra uno<\/div><\/a>\n<a href=\"https:\/\/www.e-test.work\/cerca-de-ti-latinoamerica\/\" rel=\"noopener noreferrer\"><div class=\"button blue\" style=\"margin-bottom:10%;margin-top:10%;\"> Latinoam\u00e9rica<\/div><\/a>\n<\/div>\n\n\n\n<div class=\"wp-block-column is-layout-flow wp-block-column-is-layout-flow\">\n<figure class=\"wp-block-image size-large\"><img decoding=\"async\" src=\"https:\/\/www.e-test.work\/wp-content\/uploads\/2020\/10\/Heartspots-1024x1024.jpg\" alt=\"\" class=\"wp-image-98\"\/><\/figure>\n<\/div>\n<\/div>\n\n\n\n<p class=\"has-text-align-center titulo-paginas margin-top-10 has-vivid-cyan-blue-color has-text-color\"><strong>La pr\u00e1ctica de meditaci\u00f3n con un facilitador Heartfulness siempre es gratuita<\/strong><\/p>\n\n\n\n<p><\/p>\n","protected":false},"excerpt":{"rendered":"<p>Un facilitador Heartfulness cerca de ti A Coru\u00f1a Barcelona Benalm\u00e1dena \u2013 M\u00e1laga Bilbao Cardedeu Figueras Girona Granada Huesca Las Palmas Gran Canaria Lleida Madrid M\u00e9rida Motril \u2013 Granada Olba Teruel Olot Santander Sevilla &nbsp;Para contactar con un facilitador de meditaci\u00f3n en Espa\u00f1a, env\u00edanos un correo a: spain@heartfulness.org Hay m\u00e1s de 13 000 facilitadores de meditaci\u00f3n&hellip; <br \/> <a class=\"button small blue\" href=\"https:\/\/heartfulness.org\/la\/cerca-de-ti-espana\/\">Read more<\/a><\/p>\n","protected":false},"author":24,"featured_media":0,"parent":0,"menu_order":0,"comment_status":"closed","ping_status":"closed","template":"","meta":{"footnotes":""},"_links":{"self":[{"href":"https:\/\/heartfulness.org\/la\/wp-json\/wp\/v2\/pages\/97"}],"collection":[{"href":"https:\/\/heartfulness.org\/la\/wp-json\/wp\/v2\/pages"}],"about":[{"href":"https:\/\/heartfulness.org\/la\/wp-json\/wp\/v2\/types\/page"}],"author":[{"embeddable":true,"href":"https:\/\/heartfulness.org\/la\/wp-json\/wp\/v2\/users\/24"}],"replies":[{"embeddable":true,"href":"https:\/\/heartfulness.org\/la\/wp-json\/wp\/v2\/comments?post=97"}],"version-history":[{"count":0,"href":"https:\/\/heartfulness.org\/la\/wp-json\/wp\/v2\/pages\/97\/revisions"}],"wp:attachment":[{"href":"https:\/\/heartfulness.org\/la\/wp-json\/wp\/v2\/media?parent=97"}],"curies":[{"name":"wp","href":"https:\/\/api.w.org\/{rel}","templated":true}]}}