{"id":103,"date":"2020-10-27T21:56:32","date_gmt":"2020-10-27T21:56:32","guid":{"rendered":"https:\/\/www.e-test.work\/?page_id=103"},"modified":"2022-05-04T20:16:20","modified_gmt":"2022-05-04T14:46:20","slug":"programas","status":"publish","type":"page","link":"https:\/\/heartfulness.org\/la\/programas\/","title":{"rendered":"Programas"},"content":{"rendered":"\r\n<div class=\"wp-block-columns is-layout-flex wp-container-core-columns-layout-1 wp-block-columns-is-layout-flex\">\r\n<div class=\"wp-block-column sombra2 is-layout-flow wp-block-column-is-layout-flow\">\r\n<p class=\"has-text-align-center titulo-paginas has-large-font-size\"><strong>Yoga Heartful<\/strong><\/p>\r\n\r\n\r\n\r\n<p class=\"has-text-align-center has-medium-font-size\">Certificaci\u00f3n de instructores<\/p>\r\n\r\n\r\n\r\n<div style=\"height:200px;width:100%;background:url('https:\/\/prodwritenode.heartfulness.org\/la\/wp-content\/uploads\/2022\/03\/Yoga-Heartful.jpg');background-size:cover;background-position-y: center;\"><\/div>\r\n\r\n\r\n\r\n<p class=\"has-text-align-center margin-bottom-10 margin-top-5\">Formaci\u00f3n y entrenamiento en el arte tradicional del yoga, que incluye filosof\u00eda del yoga, posturas f\u00edsicas, pr\u00e1cticas de respiraci\u00f3n y t\u00e9cnicas de meditaci\u00f3n.&nbsp;<\/p>\r\n\r\n\r\n\r\n<a href=\"https:\/\/heartfulness.org\/education\/yoga-courses\/\" target=\"_blank\" rel=\"noopener noreferrer\"><div class=\"button blue\" style=\"margin-bottom:20%;\">M\u00e1s informaci\u00f3n<\/div><\/a>\r\n<a href=\"https:\/\/youtube.com\/playlist?list=PLe17dtBpk4CWUfcLwO_qr9WvMuR8ksy6u\" target=\"_blank\" rel=\"noopener noreferrer\"><div class=\"button blue\" style=\"margin-bottom:20%;\">Ver en Youtube<\/div><\/a>\r\n<\/div>\r\n\r\n\r\n\r\n<div class=\"wp-block-column sombra2 is-layout-flow wp-block-column-is-layout-flow\">\r\n<p class=\"has-text-align-center titulo-paginas has-large-font-size\"><strong>Liderazgo con Coraz\u00f3n&nbsp;<\/strong><\/p>\r\n\r\n\r\n\r\n<p class=\"has-text-align-center has-medium-font-size\">Organizaciones&nbsp;<\/p>\r\n\r\n\r\n\r\n<div style=\"height:200px;width:100%;background:url('https:\/\/prodwritenode.heartfulness.org\/la\/wp-content\/uploads\/2022\/03\/Liderazgo-con-Corazo\u0301n1.jpg');background-size:cover;background-position-y: center;\"><\/div>\r\n\r\n\r\n\r\n<p class=\"has-text-align-center margin-bottom-10 margin-top-5\">Programas de bienestar cuyo prop\u00f3sito es cultivar un ambiente que propicie la comunicaci\u00f3n efectiva, el trabajo en equipo, la armon\u00eda y la salud en las organizaciones.<\/p>\r\n\r\n\r\n\r\n<a href=\"https:\/\/www.youtube.com\/watch?v=OsvdJjd-gDg&amp;feature=youtu.be\" target=\"_blank\" rel=\"noopener noreferrer\"><div class=\"button blue\" style=\"margin-bottom:20%;\">Meditaci\u00f3n en el trabajo<\/div><\/a>\r\n<\/div>\r\n<\/div>\r\n\r\n\r\n\r\n<div class=\"wp-block-columns is-layout-flex wp-container-core-columns-layout-2 wp-block-columns-is-layout-flex\">\r\n<div class=\"wp-block-column sombra2 is-layout-flow wp-block-column-is-layout-flow\">\r\n<p class=\"has-text-align-center titulo-paginas has-large-font-size\"><strong>Ser mi Ser Brillante<\/strong>&nbsp;<\/p>\r\n\r\n\r\n\r\n<p class=\"has-text-align-center has-medium-font-size\">Escuelas<\/p>\r\n\r\n\r\n\r\n<div style=\"height:200px;width:100%;background:url('https:\/\/prodwritenode.heartfulness.org\/la\/wp-content\/uploads\/2022\/03\/Ser-mi-ser-Brillante.jpg');background-size:cover;background-position-y: center;\"><\/div>\r\n\r\n\r\n\r\n<p class=\"has-text-align-center margin-bottom-10 margin-top-5\">Programas de relajaci\u00f3n y meditaci\u00f3n para ni\u00f1os y j\u00f3venes con el fin de nutrir su creatividad, despertar el inter\u00e9s en su aprendizaje y desarrollar habilidades de auto-observaci\u00f3n y comunicaci\u00f3n.<\/p>\r\n\r\n\r\n\r\n<a href=\"https:\/\/sites.google.com\/view\/phe-publico\/presentacion?authuser=0\" target=\"_blank\" rel=\"noopener noreferrer\"><div class=\"button blue\" style=\"margin-bottom:20%;\">Saber m\u00e1s<\/div><\/a>\r\n\r\n\r\n\r\n<p><\/p>\r\n<\/div>\r\n\r\n\r\n\r\n<div class=\"wp-block-column sombra2 is-layout-flow wp-block-column-is-layout-flow\">\r\n<p class=\"has-text-align-center titulo-paginas has-large-font-size\"><strong>Mentes Brillantes<\/strong><\/p>\r\n\r\n\r\n\r\n<p class=\"has-text-align-center has-medium-font-size\">Un regalo para toda la vida<\/p>\r\n\r\n\r\n\r\n<div style=\"height:200px;width:100%;background:url('https:\/\/prodwritenode.heartfulness.org\/la\/wp-content\/uploads\/2019\/07\/hfn-blog-365-yoga-days-year.jpg');background-size:cover;background-position-y: center;\"><\/div>\r\n\r\n\r\n\r\n<p class=\"has-text-align-center margin-bottom-10 margin-top-5\">Mentes brillantes es una iniciativa educativa para equipar a todos los ni\u00f1os con herramientas y m\u00e9todos que mejoren el funcionamiento cognitivo y el logro de la excelencia personal, e infundirles confianza en ellos mismos.<\/p>\r\n\r\n\r\n\r\n<a href=\"https:\/\/www.youtube.com\/watch?v=hsfFGHvaRa8\" target=\"_blank\" rel=\"noopener noreferrer\"><div class=\"button blue\" style=\"margin-bottom:20%;\">Presentaci\u00f3n<\/div><\/a> \r\n<a href=\"https:\/\/www.brighterminds.org\/\" target=\"_blank\" rel=\"noopener noreferrer\"><div class=\"button blue\" style=\"margin-bottom:20%;\">Saber m\u00e1s<\/div><\/a>\r\n\r\n\r\n\r\n<p><\/p>\r\n<\/div>\r\n<\/div>\r\n\r\n\r\n\r\n<div class=\"wp-block-columns is-layout-flex wp-container-core-columns-layout-3 wp-block-columns-is-layout-flex\">\r\n<div class=\"wp-block-column sombra2 is-layout-flow wp-block-column-is-layout-flow\">\r\n<p class=\"has-text-align-center titulo-paginas has-large-font-size\"><strong>Kanha Shanti Vanam<\/strong><\/p>\r\n\r\n\r\n\r\n<p class=\"has-text-align-center\">Iniciativa Green Kanha<\/p>\r\n\r\n\r\n\r\n<div style=\"height:200px;width:100%;background:url('https:\/\/prodwritenode.heartfulness.org\/la\/wp-content\/uploads\/2019\/07\/hfn-blog-meditation-life-health-professional.jpg');background-size:cover;background-position-y: center;\"><\/div>\r\n\r\n\r\n\r\n<p class=\"has-text-align-center margin-bottom-10 margin-top-5\">Un movimiento de transformaci\u00f3n ecol\u00f3gica que ha inspirado a ciudadanos de todo el mundo. Superando las diferencias de nacionalidad, idioma, raza, clase y g\u00e9nero, juntos nos esforzamos por crear espacios verdes resplandecientes donde los campos vibratorios beneficiosos generados por los \u00e1rboles resuenan en un ambiente interior ideal.<\/p>\r\n\r\n\r\n\r\n<a href=\"https:\/\/www.youtube.com\/watch?v=iCSXetW9E8Y&amp;t=87s\" target=\"_blank\" rel=\"noopener noreferrer\"><div class=\"button blue\" style=\"margin-bottom:20%;\">Presentaci\u00f3n<\/div><\/a> \r\n<a href=\"https:\/\/heartfulness.org\/kanha\/green-initiatives\/\" target=\"_blank\" rel=\"noopener noreferrer\"><div class=\"button blue\" style=\"margin-bottom:20%;\">Saber m\u00e1s<\/div><\/a>\r\n<\/div>\r\n\r\n\r\n\r\n<div class=\"wp-block-column is-layout-flow wp-block-column-is-layout-flow\"><\/div>\r\n<\/div>\r\n\r\n\r\n\r\n<p><\/p>\r\n\r\n\r\n\r\n<p>Para m\u00e1s informaci\u00f3n puedes escribir un correo electr\u00f3nico a:&nbsp;<\/p>\r\n\r\n\r\n\r\n<p>Espa\u00f1a: <span class=\"has-inline-color has-vivid-cyan-blue-color\">spain@heartfulness.org<\/span><\/p>\r\n\r\n\r\n\r\n<p>Latinoam\u00e9rica: <span class=\"has-inline-color has-vivid-cyan-blue-color\">latin@heartfulness.org&nbsp;<\/span><\/p>\r\n","protected":false},"excerpt":{"rendered":"<p>Yoga Heartful Certificaci\u00f3n de instructores Formaci\u00f3n y entrenamiento en el arte tradicional del yoga, que incluye filosof\u00eda del yoga, posturas f\u00edsicas, pr\u00e1cticas de respiraci\u00f3n y t\u00e9cnicas de meditaci\u00f3n.&nbsp; M\u00e1s informaci\u00f3n Ver en Youtube Liderazgo con Coraz\u00f3n&nbsp; Organizaciones&nbsp; Programas de bienestar cuyo prop\u00f3sito es cultivar un ambiente que propicie la comunicaci\u00f3n efectiva, el trabajo en equipo,&hellip; <br \/> <a class=\"button small blue\" href=\"https:\/\/heartfulness.org\/la\/programas\/\">Read more<\/a><\/p>\n","protected":false},"author":24,"featured_media":0,"parent":0,"menu_order":0,"comment_status":"closed","ping_status":"closed","template":"","meta":{"footnotes":""},"_links":{"self":[{"href":"https:\/\/heartfulness.org\/la\/wp-json\/wp\/v2\/pages\/103"}],"collection":[{"href":"https:\/\/heartfulness.org\/la\/wp-json\/wp\/v2\/pages"}],"about":[{"href":"https:\/\/heartfulness.org\/la\/wp-json\/wp\/v2\/types\/page"}],"author":[{"embeddable":true,"href":"https:\/\/heartfulness.org\/la\/wp-json\/wp\/v2\/users\/24"}],"replies":[{"embeddable":true,"href":"https:\/\/heartfulness.org\/la\/wp-json\/wp\/v2\/comments?post=103"}],"version-history":[{"count":8,"href":"https:\/\/heartfulness.org\/la\/wp-json\/wp\/v2\/pages\/103\/revisions"}],"predecessor-version":[{"id":8615,"href":"https:\/\/heartfulness.org\/la\/wp-json\/wp\/v2\/pages\/103\/revisions\/8615"}],"wp:attachment":[{"href":"https:\/\/heartfulness.org\/la\/wp-json\/wp\/v2\/media?parent=103"}],"curies":[{"name":"wp","href":"https:\/\/api.w.org\/{rel}","templated":true}]}}