{"id":6265,"date":"2018-09-04T14:18:07","date_gmt":"2018-09-04T08:48:07","guid":{"rendered":"http:\/\/staging.heartfulness.org\/in\/?page_id=6265"},"modified":"2020-04-16T20:20:36","modified_gmt":"2020-04-16T14:50:36","slug":"heartfulness-offerings","status":"publish","type":"page","link":"https:\/\/heartfulness.org\/fi\/heartfulness-offerings\/","title":{"rendered":"Heartfulness Offerings"},"content":{"rendered":"<div class=\"the-hfn-offer-banner\">\n<div class=\"row\">\n<div class=\"col-md-12 text-center\">\n<h5 class=\"padd-tb20 black-color font-medium\">THE HEARTFULNESS OFFERINGS<\/h5>\n<h1 class=\"padd-tb40 m-0 text-center font-bold\">HENKIST\u00c4 HER\u00c4\u00c4MIST\u00c4SI VARTEN,<br \/>\nKAKSITOISTA AURINGONNOUSUA<\/h1>\n<h5 id=\"offer-section\" class=\"padd-tb30\">Seitsem\u00e4ntuhannen vuoden aikana kertynytt\u00e4 henkist\u00e4 viisautta: kaksitoista tapaa syvent\u00e4\u00e4 henkist\u00e4 tietoisuuttasi. Aloitetaan. <a href=\"#offer-section\">Aloitetaan.<\/a><\/h5>\n<\/div>\n<\/div>\n<\/div>\n<div class=\"container\">\n<div class=\"row\">\n<div class=\"col-lg-4 col-md-4 col-sm-12 \">\n<div class=\"the-hfn-offerings-sec mb-5\">\n<div class=\"the-hfn-offering-size\">\n<div class=\"the-hfn-offering-header\">\n<h6 class=\"font-medium m-0\"><a href=\"\/en\/masterclass\" target=\"_blank\" rel=\"noopener noreferrer\">Experience Meditation<\/a><\/h6>\n<\/div>\n<hr style=\"margin: 0px 30px; padding: 0px;\">\n<h5 class=\"font-book\">Daaji&#8217;s Masterclasses<\/h5>\n<div class=\"hfn-offer-img\">\n<style type=\"text\/css\" data-type=\"the7_shortcodes-inline-css\">\/*\nCannot access file system.\n*\/\n<\/style><div class=\"shortcode-single-image-wrap shortcode-single-image-d6c81d5de6274dc50a94b83ae3122dbd alignnone  enable-bg-rollover dt-icon-bg-off\" style=\"margin-top:0px; margin-bottom:0px; margin-left:0px; margin-right:0px; width:400px;\"><div class=\"shortcode-single-image\"><div class=\"fancy-media-wrap\" style=\"\"><div class=\"layzr-bg rollover-video\" style=\"\"><img class=\"lazy-load\" src=\"data:image\/svg+xml;charset=utf-8,%3Csvg xmlns%3D&#039;http%3A%2F%2Fwww.w3.org%2F2000%2Fsvg&#039; viewBox%3D&#039;0 0 400 225&#039;%2F%3E\" width=\"400\" height=\"225\" alt=\"Masterclass\" dt-data-location=\"\/\/prodwritenode.heartfulness.org\/fi\/wp-content\/uploads\/2020\/04\/masterclass-offering-img.jpg\" data-srcset=\"\/\/prodwritenode.heartfulness.org\/fi\/wp-content\/uploads\/2020\/04\/masterclass-offering-img.jpg 400w\" data-src=\"\/\/prodwritenode.heartfulness.org\/fi\/wp-content\/uploads\/2020\/04\/masterclass-offering-img.jpg\" \/><a class=\"video-icon dt-pswp-item pswp-video\" href=\"https:\/\/www.youtube.com\/watch?v=vjECiNQJ4M0\" title=\"Masterclass\" data-dt-img-description=\"\"><\/a><\/div><\/div><\/div><\/div>\n<\/div>\n<p class=\"hfn-offering-content\">Opi meditoimaan kolmessa tutustumisistunnossa, joissa Daaji my\u00f6s kertoo jokaisesta Heartfulness-meditaatioon kuuluvasta harjoituksesta.<\/p>\n<\/div>\n<hr style=\"margin: 20px 30px 0px;\">\n<div class=\"row app-link-margin\" style=\"padding: 20px 44px;\">\n<div class=\"col-xs-6 padd-0\"><a class=\"btn\" href=\"\/en\/masterclass\" target=\"_blank\" rel=\"noopener noreferrer\">Aloita<\/a><\/div>\n<\/div>\n<\/div>\n<\/div>\n<div class=\"col-lg-4 col-md-4 col-sm-12\">\n<div class=\"the-hfn-offerings-sec mb-5\">\n<div class=\"the-hfn-offering-size\">\n<div class=\"the-hfn-offering-header\">\n<h6 class=\"font-medium m-0\"><a href=\"http:\/\/www.daaji.org\/udemy\" target=\"_blank\" rel=\"noopener noreferrer\">Understand Meditation<\/a><\/h6>\n<\/div>\n<hr style=\"margin: 0px 30px; padding: 0px;\">\n<h5 class=\"font-book\">An Online Course<\/h5>\n<div class=\"hfn-offer-img\">\n<div class=\"shortcode-single-image-wrap shortcode-single-image-e9769dd31086bf3565700b796a298ebd alignnone  enable-bg-rollover dt-icon-bg-off\" style=\"margin-top:0px; margin-bottom:0px; margin-left:0px; margin-right:0px; width:400px;\"><div class=\"shortcode-single-image\"><div class=\"fancy-media-wrap\" style=\"\"><div class=\"layzr-bg rollover-video\" style=\"\"><img class=\"lazy-load\" src=\"data:image\/svg+xml;charset=utf-8,%3Csvg xmlns%3D&#039;http%3A%2F%2Fwww.w3.org%2F2000%2Fsvg&#039; viewBox%3D&#039;0 0 400 225&#039;%2F%3E\" width=\"400\" height=\"225\" dt-data-location=\"\/\/prodwritenode.heartfulness.org\/fi\/wp-content\/uploads\/2020\/04\/udemy-offering-img.jpg\" data-srcset=\"\/\/prodwritenode.heartfulness.org\/fi\/wp-content\/uploads\/2020\/04\/udemy-offering-img.jpg 400w\" data-src=\"\/\/prodwritenode.heartfulness.org\/fi\/wp-content\/uploads\/2020\/04\/udemy-offering-img.jpg\" \/><a class=\"video-icon dt-pswp-item pswp-video\" href=\"https:\/\/www.youtube.com\/watch?v=7TUL1WjFXsc\" title=\"\" data-dt-img-description=\"\"><\/a><\/div><\/div><\/div><\/div>\n<\/div>\n<p class=\"hfn-offering-content\">Daajin ohjaama dynaaminen ja k\u00e4yt\u00e4nn\u00f6nl\u00e4heinen online-kurssi sis\u00e4lt\u00e4\u00e4 Heartfulness-harjoittelun k\u00e4yt\u00e4nn\u00f6n sek\u00e4 vinkkej\u00e4 tasapainoiseen el\u00e4m\u00e4ntapaan. <\/p>\n<\/div>\n<hr style=\"margin: 20px 30px 0px;\">\n<div class=\"row app-link-margin\" style=\"padding: 20px 44px;\">\n<div class=\"col-xs-6 padd-0\"><a class=\"btn\" href=\"http:\/\/www.daaji.org\/udemy\" target=\"_blank\" rel=\"noopener noreferrer\">Ilmoittaudu mukaan<\/a><\/div>\n<\/div>\n<\/div>\n<\/div>\n<div class=\"col-lg-4 col-md-4 col-sm-12\">\n<div class=\"the-hfn-offerings-sec mb-5\">\n<div class=\"the-hfn-offering-size\">\n<div class=\"the-hfn-offering-header\">\n<h6 class=\"font-medium m-0\"><a href=\"https:\/\/play.google.com\/store\/apps\/details?id=com.hfn.unified\" target=\"_blank\" rel=\"noopener noreferrer\">Meditation on-the-go<\/a><\/h6>\n<\/div>\n<hr style=\" margin:0px 30px;padding:0px;\">\n<h5 class=\"font-book\">HeartsApp<\/h5>\n<div class=\"hfn-offer-img\">\n<div class=\"shortcode-single-image-wrap shortcode-single-image-be59ac4c363b9d24a6a3d8f84f6b693c alignnone  enable-bg-rollover dt-icon-bg-off\" style=\"margin-top:0px; margin-bottom:0px; margin-left:0px; margin-right:0px; width:400px;\"><div class=\"shortcode-single-image\"><div class=\"fancy-media-wrap\" style=\"\"><div class=\"layzr-bg rollover-video\" style=\"\"><img class=\"lazy-load\" src=\"data:image\/svg+xml;charset=utf-8,%3Csvg xmlns%3D&#039;http%3A%2F%2Fwww.w3.org%2F2000%2Fsvg&#039; viewBox%3D&#039;0 0 400 225&#039;%2F%3E\" width=\"400\" height=\"225\" dt-data-location=\"\/\/prodwritenode.heartfulness.org\/fi\/wp-content\/uploads\/2020\/04\/heartsapp-offering-img.jpg\" data-srcset=\"\/\/prodwritenode.heartfulness.org\/fi\/wp-content\/uploads\/2020\/04\/heartsapp-offering-img.jpg 400w\" data-src=\"\/\/prodwritenode.heartfulness.org\/fi\/wp-content\/uploads\/2020\/04\/heartsapp-offering-img.jpg\" \/><a class=\"video-icon dt-pswp-item pswp-video\" href=\"https:\/\/www.youtube.com\/watch?v=TKR9Xsyvs2w\" title=\"\" data-dt-img-description=\"\"><\/a><\/div><\/div><\/div><\/div>\n<\/div>\n<p class=\"hfn-offering-content\">Lataa t\u00e4m\u00e4 helppok\u00e4ytt\u00f6inen sovellus saadaksesi yhteyden sertifioituun Heartfulness-ohjaajaan \u2013 milloin tahansa, miss\u00e4 tahansa. Meditoi ja ota vastaan Transmissiota mukavasti omassa kodissasi tai ty\u00f6paikallasi. <\/p>\n<\/div>\n<hr style=\"margin: 20px 30px 0px;\">\n<div class=\"row app-link-margin\" style=\"padding:20px 60px;\">\n<div class=\"col-xs-10\">\n<div class=\"row\"><a href=\"https:\/\/play.google.com\/store\/apps\/details?id=com.hfn.unified\" target=\"_blank\" class=\"btn\" rel=\"noopener noreferrer\">Android<\/a> <a class=\"btn\" href=\"https:\/\/itunes.apple.com\/us\/app\/heartsapp-by-heartfulness\/id1438627629?mt=8\" target=\"_blank\" rel=\"noopener noreferrer\">iOS<\/a><\/div>\n<\/div>\n<\/div>\n<\/div>\n<\/div>\n<div class=\"col-lg-4 col-md-4 col-sm-12\">\n<div class=\"the-hfn-offerings-sec mb-5\">\n<div class=\"the-hfn-offering-size\">\n<div class=\"the-hfn-offering-header\">\n<h6 class=\"font-medium m-0\"><a href=\"http:\/\/www.heartfulnessmagazine.com\/subscribe\/\" target=\"_blank\" rel=\"noopener noreferrer\">Monthly Heartfulness<\/a><\/h6>\n<\/div>\n<hr style=\"margin: 0px 30px; padding: 0px;\">\n<h5 class=\"font-book\">Heartfulness Magazine<\/h5>\n<div class=\"hfn-offer-img\">\n<div class=\"shortcode-single-image-wrap shortcode-single-image-b1c43d03a7e2775afea82f9952a7e39f alignnone  enable-bg-rollover dt-icon-bg-off\" style=\"margin-top:0px; margin-bottom:0px; margin-left:0px; margin-right:0px; width:400px;\"><div class=\"shortcode-single-image\"><div class=\"fancy-media-wrap\" style=\"\"><div class=\"layzr-bg rollover-video\" style=\"\"><img class=\"lazy-load\" src=\"data:image\/svg+xml;charset=utf-8,%3Csvg xmlns%3D&#039;http%3A%2F%2Fwww.w3.org%2F2000%2Fsvg&#039; viewBox%3D&#039;0 0 400 225&#039;%2F%3E\" width=\"400\" height=\"225\" dt-data-location=\"\/\/prodwritenode.heartfulness.org\/fi\/wp-content\/uploads\/2020\/04\/magazine-offering-img.jpg\" data-srcset=\"\/\/prodwritenode.heartfulness.org\/fi\/wp-content\/uploads\/2020\/04\/magazine-offering-img.jpg 400w\" data-src=\"\/\/prodwritenode.heartfulness.org\/fi\/wp-content\/uploads\/2020\/04\/magazine-offering-img.jpg\" \/><a class=\"video-icon dt-pswp-item pswp-video\" href=\"https:\/\/www.youtube.com\/watch?v=yIa6_UrQEgQ\" title=\"\" data-dt-img-description=\"\"><\/a><\/div><\/div><\/div><\/div>\n<\/div>\n<p class=\"hfn-offering-content\">T\u00e4ynn\u00e4 kiinnostavia artikkeleita ja vinkkej\u00e4 koskien henkil\u00f6kohtaista kehittymist\u00e4, ihmissuhteita, ty\u00f6paikkaa ja uraa sek\u00e4 henkist\u00e4 hyvinvointia ja ymp\u00e4rist\u00f6\u00e4.<\/p>\n<\/div>\n<hr style=\"margin: 20px 30px 0px;\">\n<div class=\"row app-link-margin\" style=\"padding: 20px 44px;\">\n<div class=\"col-xs-6 padd-0\"><a class=\"btn\" href=\"http:\/\/www.heartfulnessmagazine.com\/subscribe\/\" target=\"_blank\" rel=\"noopener noreferrer\">STilaa<\/a><\/div>\n<\/div>\n<\/div>\n<\/div>\n<div class=\"col-lg-4 col-md-4 col-sm-12\">\n<div class=\"the-hfn-offerings-sec mb-5\">\n<div class=\"the-hfn-offering-size\">\n<div class=\"the-hfn-offering-header\">\n<h6 class=\"font-medium m-0\"><a href=\"https:\/\/www.brighterminds.org\/\" target=\"_blank\" rel=\"noopener noreferrer\">Child Development<\/a><\/h6>\n<\/div>\n<hr style=\"margin: 0px 30px; padding: 0px;\">\n<h5 class=\"font-book\">Brighter Minds<\/h5>\n<div class=\"hfn-offer-img\">\n<div class=\"shortcode-single-image-wrap shortcode-single-image-6ad7e11dce1047f546c91eb8b4040aa2 alignnone  enable-bg-rollover dt-icon-bg-off\" style=\"margin-top:0px; margin-bottom:0px; margin-left:0px; margin-right:0px; width:400px;\"><div class=\"shortcode-single-image\"><div class=\"fancy-media-wrap\" style=\"\"><div class=\"layzr-bg rollover-video\" style=\"\"><img class=\"lazy-load\" src=\"data:image\/svg+xml;charset=utf-8,%3Csvg xmlns%3D&#039;http%3A%2F%2Fwww.w3.org%2F2000%2Fsvg&#039; viewBox%3D&#039;0 0 400 225&#039;%2F%3E\" width=\"400\" height=\"225\" dt-data-location=\"\/\/prodwritenode.heartfulness.org\/fi\/wp-content\/uploads\/2020\/04\/bm-offering-img.jpg\" data-srcset=\"\/\/prodwritenode.heartfulness.org\/fi\/wp-content\/uploads\/2020\/04\/bm-offering-img.jpg 400w\" data-src=\"\/\/prodwritenode.heartfulness.org\/fi\/wp-content\/uploads\/2020\/04\/bm-offering-img.jpg\" \/><a class=\"video-icon dt-pswp-item pswp-video\" href=\"https:\/\/www.youtube.com\/watch?v=EtvOdRXc1i8\" title=\"\" data-dt-img-description=\"\"><\/a><\/div><\/div><\/div><\/div>\n<\/div>\n<p class=\"hfn-offering-content\">Lapsen mielen ja syd\u00e4men potentiaalin kasvuun\u2013 kognitiivisen ja ongelmaratkaisukyvyn, intuition, luovuuden ja tietoisuuden ravitsemiseksi.<\/p>\n<\/div>\n<hr style=\"margin: 20px 30px 0px;\">\n<div class=\"row app-link-margin\" style=\"padding: 20px 44px;\">\n<div class=\"col-xs-6 padd-0\"><a class=\"btn\" href=\"https:\/\/www.brighterminds.org\/\" target=\"_blank\" rel=\"noopener noreferrer\">Aloita<\/a><\/div>\n<\/div>\n<\/div>\n<\/div>\n<div class=\"col-lg-4 col-md-4 col-sm-12\">\n<div class=\"the-hfn-offerings-sec mb-5\">\n<div class=\"the-hfn-offering-size\">\n<div class=\"the-hfn-offering-header\">\n<h6 class=\"font-medium m-0\"><a href=\"http:\/\/education.heartfulness.org\/\" target=\"_blank\" rel=\"noopener noreferrer\">Heartful Students<\/a><\/h6>\n<\/div>\n<hr style=\"margin: 0px 30px; padding: 0px;\">\n<h5 class=\"font-book\">Schools Programs<\/h5>\n<div class=\"hfn-offer-img\">\n<div class=\"shortcode-single-image-wrap shortcode-single-image-ce73c1d360015ad8f8c810fbedcc21f2 alignnone  enable-bg-rollover dt-icon-bg-off\" style=\"margin-top:0px; margin-bottom:0px; margin-left:0px; margin-right:0px; width:400px;\"><div class=\"shortcode-single-image\"><div class=\"fancy-media-wrap\" style=\"\"><div class=\"layzr-bg rollover-video\" style=\"\"><img class=\"lazy-load\" src=\"data:image\/svg+xml;charset=utf-8,%3Csvg xmlns%3D&#039;http%3A%2F%2Fwww.w3.org%2F2000%2Fsvg&#039; viewBox%3D&#039;0 0 400 225&#039;%2F%3E\" width=\"400\" height=\"225\" dt-data-location=\"\/\/prodwritenode.heartfulness.org\/fi\/wp-content\/uploads\/2020\/04\/sconnect-offering-img.jpg\" data-srcset=\"\/\/prodwritenode.heartfulness.org\/fi\/wp-content\/uploads\/2020\/04\/sconnect-offering-img.jpg 400w\" data-src=\"\/\/prodwritenode.heartfulness.org\/fi\/wp-content\/uploads\/2020\/04\/sconnect-offering-img.jpg\" \/><a class=\"video-icon dt-pswp-item pswp-video\" href=\"https:\/\/www.youtube.com\/watch?v=n6g7zbFJBcM\" title=\"\" data-dt-img-description=\"\"><\/a><\/div><\/div><\/div><\/div>\n<\/div>\n<p class=\"hfn-offering-content\">Dynaaminen paketti hauskoja vuorovaikutteisia aktiviteetteja 1.-10.luokkalaisille ohjaamassa tasapainoiseen, viisaiden valintojen ja onnellisuuden el\u00e4m\u00e4\u00e4n. <\/p>\n<\/div>\n<hr style=\"margin: 20px 30px 0px;\">\n<div class=\"row app-link-margin\" style=\"padding: 20px 44px;\">\n<div class=\"col-xs-6 padd-0\"><a class=\"btn\" href=\"http:\/\/education.heartfulness.org\/\" target=\"_blank\" rel=\"noopener noreferrer\">Osallistu<\/a><\/div>\n<\/div>\n<\/div>\n<\/div>\n<div class=\"col-lg-4 col-md-4 col-sm-12\">\n<div class=\"the-hfn-offerings-sec mb-5\">\n<div class=\"the-hfn-offering-size\">\n<div class=\"the-hfn-offering-header\">\n<h6 class=\"font-medium m-0\"><a href=\"http:\/\/education.heartfulness.org\/yoga-trainers\/\" target=\"_blank\" rel=\"noopener noreferrer\">Teach Yoga<\/a><\/h6>\n<\/div>\n<hr style=\"margin: 0px 30px; padding: 0px;\">\n<h5 class=\"font-book\">Yoga Teacher Training Program<\/h5>\n<div class=\"hfn-offer-img\">\n<div class=\"shortcode-single-image-wrap shortcode-single-image-3b88a9145b878f12a2b016bcabe5b5a6 alignnone  enable-bg-rollover dt-icon-bg-off\" style=\"margin-top:0px; margin-bottom:0px; margin-left:0px; margin-right:0px; width:400px;\"><div class=\"shortcode-single-image\"><div class=\"fancy-media-wrap\" style=\"\"><div class=\"layzr-bg rollover-video\" style=\"\"><img class=\"lazy-load\" src=\"data:image\/svg+xml;charset=utf-8,%3Csvg xmlns%3D&#039;http%3A%2F%2Fwww.w3.org%2F2000%2Fsvg&#039; viewBox%3D&#039;0 0 400 225&#039;%2F%3E\" width=\"400\" height=\"225\" dt-data-location=\"\/\/prodwritenode.heartfulness.org\/fi\/wp-content\/uploads\/2020\/04\/tt-offering-img.jpg\" data-srcset=\"\/\/prodwritenode.heartfulness.org\/fi\/wp-content\/uploads\/2020\/04\/tt-offering-img.jpg 400w\" data-src=\"\/\/prodwritenode.heartfulness.org\/fi\/wp-content\/uploads\/2020\/04\/tt-offering-img.jpg\" \/><a class=\"video-icon dt-pswp-item pswp-video\" href=\"https:\/\/www.youtube.com\/watch?v=mA_uu817wEg\" title=\"\" data-dt-img-description=\"\"><\/a><\/div><\/div><\/div><\/div>\n<\/div>\n<p class=\"hfn-offering-content\">Tutustu ja saa kokemusta Ashtanga joogan 8-osaisesta polusta. Valmistu Heartfulness-joogaopettajaksi. Yhden kuukauden ohjelma paikan p\u00e4\u00e4ll\u00e4.  <\/p>\n<\/div>\n<hr style=\"margin: 20px 30px 0px;\">\n<div class=\"row app-link-margin\" style=\"padding: 20px 44px;\">\n<div class=\"col-xs-6 padd-0\"><a class=\"btn\" href=\"http:\/\/education.heartfulness.org\/yoga-trainers\/\" target=\"_blank\" rel=\"noopener noreferrer\">Lis\u00e4tietoa<\/a><\/div>\n<\/div>\n<\/div>\n<\/div>\n<div class=\"col-lg-4 col-md-4 col-sm-12\">\n<div class=\"the-hfn-offerings-sec mb-5\">\n<div class=\"the-hfn-offering-size\">\n<div class=\"the-hfn-offering-header\">\n<h6 class=\"font-medium m-0\"><a href=\"\/en\/kaushalam\" target=\"_blank\" rel=\"noopener noreferrer\">Heartful Leaders<\/a><\/h6>\n<\/div>\n<hr style=\"margin: 0px 30px; padding: 0px;\">\n<h5 class=\"font-book\">Corporate Leadership<\/h5>\n<div class=\"hfn-offer-img\">\n<div class=\"shortcode-single-image-wrap shortcode-single-image-6191b34d83b0b7b1a6295dfdf7f7c432 alignnone  enable-bg-rollover dt-icon-bg-off\" style=\"margin-top:0px; margin-bottom:0px; margin-left:0px; margin-right:0px; width:400px;\"><div class=\"shortcode-single-image\"><div class=\"fancy-media-wrap\" style=\"\"><div class=\"layzr-bg rollover-video\" style=\"\"><img class=\"lazy-load\" src=\"data:image\/svg+xml;charset=utf-8,%3Csvg xmlns%3D&#039;http%3A%2F%2Fwww.w3.org%2F2000%2Fsvg&#039; viewBox%3D&#039;0 0 400 225&#039;%2F%3E\" width=\"400\" height=\"225\" dt-data-location=\"\/\/prodwritenode.heartfulness.org\/fi\/wp-content\/uploads\/2020\/04\/kaushalam-offering-img.jpg\" data-srcset=\"\/\/prodwritenode.heartfulness.org\/fi\/wp-content\/uploads\/2020\/04\/kaushalam-offering-img.jpg 400w\" data-src=\"\/\/prodwritenode.heartfulness.org\/fi\/wp-content\/uploads\/2020\/04\/kaushalam-offering-img.jpg\" \/><a class=\"video-icon dt-pswp-item pswp-video\" href=\"https:\/\/www.youtube.com\/watch?v=W8W1wUCsWzE\" title=\"\" data-dt-img-description=\"\"><\/a><\/div><\/div><\/div><\/div>\n<\/div>\n<p class=\"hfn-offering-content\">Ohjelma yritysjohtajille, jotka pyrkiv\u00e4t menestym\u00e4\u00e4n ty\u00f6ss\u00e4\u00e4n ja johtamisteht\u00e4viss\u00e4\u00e4n. <\/p>\n<\/div>\n<hr style=\"margin: 20px 30px 0px;\">\n<div class=\"row app-link-margin\" style=\"padding: 20px 44px;\">\n<div class=\"col-xs-6 padd-0\"><a class=\"btn\" href=\"\/en\/kaushalam\" target=\"_blank\" rel=\"noopener noreferrer\">Tutustu<\/a><\/div>\n<\/div>\n<\/div>\n<\/div>\n<div class=\"col-lg-4 col-md-4 col-sm-12\">\n<div class=\"the-hfn-offerings-sec mb-5\">\n<div class=\"the-hfn-offering-size\">\n<div class=\"the-hfn-offering-header\">\n<h6 class=\"font-medium m-0\"><a href=\"https:\/\/www.heartfulnessinstitute.org\/medical\" target=\"_blank\" rel=\"noopener noreferrer\">Medical Professionals<\/a><\/h6>\n<\/div>\n<hr style=\"margin: 0px 30px; padding: 0px;\">\n<h5 class=\"font-book\">Continual Medical Education<\/h5>\n<div class=\"hfn-offer-img\">\n[vc_single_image source=&#8221;external_link&#8221; alignment=&#8221;center&#8221; onclick=&#8221;custom_link&#8221; img_link_target=&#8221;_blank&#8221; custom_src=&#8221;\/\/prodwritenode.heartfulness.org\/fi\/wp-content\/uploads\/2020\/04\/cme-offering-img.jpg&#8221; link=&#8221;https:\/\/www.heartfulnessinstitute.org\/medical&#8221;]\n<\/div>\n<p class=\"hfn-offering-content\">Terveydenhuollon ty\u00f6ntekij\u00e4t oppivat l\u00f6yt\u00e4m\u00e4\u00e4n omia sis\u00e4isi\u00e4 voimavarojaan ja pit\u00e4m\u00e4\u00e4n itsest\u00e4\u00e4n huolta, lis\u00e4ten n\u00e4in kyky\u00e4\u00e4n olla paremmin avuksi toisille. <\/p>\n<\/div>\n<hr style=\"margin: 20px 30px 0px;\">\n<div class=\"row app-link-margin\" style=\"padding: 20px 44px;\">\n<div class=\"col-xs-6 padd-0\"><a class=\"btn\" href=\"https:\/\/www.heartfulnessinstitute.org\/medical\" target=\"_blank\" rel=\"noopener noreferrer\">Lis\u00e4\u00e4<\/a><\/div>\n<\/div>\n<\/div>\n<\/div>\n<div class=\"col-lg-4 col-md-4 col-sm-12\">\n<div class=\"the-hfn-offerings-sec mb-5\">\n<div class=\"the-hfn-offering-size\">\n<div class=\"the-hfn-offering-header\">\n<h6 class=\"font-medium m-0\"><a href=\"\/en\/wellness-retreats\" target=\"_blank\" rel=\"noopener noreferrer\">Wellness<\/a><\/h6>\n<\/div>\n<hr style=\"margin: 0px 30px; padding: 0px;\">\n<h5 class=\"font-book\">Heartfulness Retreats<\/h5>\n<div class=\"hfn-offer-img\">\n[vc_single_image source=&#8221;external_link&#8221; alignment=&#8221;center&#8221; onclick=&#8221;custom_link&#8221; img_link_target=&#8221;_blank&#8221; custom_src=&#8221;\/\/prodwritenode.heartfulness.org\/fi\/wp-content\/uploads\/2020\/04\/retreat-offering-img.jpg&#8221; link=&#8221;wellness-retreats&#8221;]\n<\/div>\n<p class=\"hfn-offering-content\">Ota viikonloppu vapaaksi ja tee yksinkertainen muutos el\u00e4m\u00e4ntapaasi terveysasiantuntijoidemme avulla. Ravitsevaa, el\u00e4m\u00e4\u00e4 vahvistavaa ruokaa, joogaa, meditaatiotekniikoita \u2013 virkist\u00e4v\u00e4 ja uudistava kokemus.  <\/p>\n<\/div>\n<hr style=\"margin: 20px 30px 0px;\">\n<div class=\"row app-link-margin\" style=\"padding: 20px 44px;\">\n<div class=\"col-xs-6 padd-0\"><a class=\"btn\" href=\"\/en\/wellness-retreats\" target=\"_blank\" rel=\"noopener noreferrer\">Tutustu<\/a><\/div>\n<\/div>\n<\/div>\n<\/div>\n<div class=\"col-lg-4 col-md-4 col-sm-12\">\n<div class=\"the-hfn-offerings-sec mb-5\">\n<div class=\"the-hfn-offering-size\">\n<div class=\"the-hfn-offering-header\">\n<h6 class=\"font-medium m-0\"><a href=\"https:\/\/kanha.sahajmarg.org\/green-kanha\/\" target=\"_blank\" rel=\"noopener noreferrer\">Kanha Shanti Vanam<\/a><\/h6>\n<\/div>\n<hr style=\"margin: 0px 30px; padding: 0px;\">\n<h5 class=\"font-book\">An Oasis of Peace and Sustainability<\/h5>\n<div class=\"hfn-offer-img\">\n<div class=\"shortcode-single-image-wrap shortcode-single-image-292dcc810759b56db73f0c25ab1660a0 alignnone  enable-bg-rollover dt-icon-bg-off\" style=\"margin-top:0px; margin-bottom:0px; margin-left:0px; margin-right:0px; width:400px;\"><div class=\"shortcode-single-image\"><div class=\"fancy-media-wrap\" style=\"\"><div class=\"layzr-bg rollover-video\" style=\"\"><img class=\"lazy-load\" src=\"data:image\/svg+xml;charset=utf-8,%3Csvg xmlns%3D&#039;http%3A%2F%2Fwww.w3.org%2F2000%2Fsvg&#039; viewBox%3D&#039;0 0 400 0&#039;%2F%3E\" width=\"400\" dt-data-location=\"\/\/prodwritenode.heartfulness.org\/fi\/wp-content\/uploads\/2020\/04\/kanha-offering-img.jpg\" data-srcset=\"\/\/prodwritenode.heartfulness.org\/fi\/wp-content\/uploads\/2020\/04\/kanha-offering-img.jpg 400w\" data-src=\"\/\/prodwritenode.heartfulness.org\/fi\/wp-content\/uploads\/2020\/04\/kanha-offering-img.jpg\" \/><a class=\"video-icon dt-pswp-item pswp-video\" href=\"https:\/\/www.youtube.com\/watch?v=2n24km0IS7c\" title=\"\" data-dt-img-description=\"\"><\/a><\/div><\/div><\/div><\/div>\n<\/div>\n<p class=\"hfn-offering-content\">Kansainv\u00e4linen joogan, meditaation ja kest\u00e4v\u00e4n el\u00e4m\u00e4ntavan keskus.Kanha on keskus, joka tarjoaa opetusta ja tukee niin henkil\u00f6kohtaisessa, sis\u00e4isess\u00e4 kasvussa, el\u00e4m\u00e4ntavan muutoksissa kuin planeettamme hyvinvoinnissakin<\/p>\n<\/div>\n<hr style=\"margin: 20px 30px 0px;\">\n<div class=\"row app-link-margin\" style=\"padding: 20px 44px;\">\n<div class=\"col-xs-6 padd-0\"><a class=\"btn\" href=\"https:\/\/kanha.sahajmarg.org\/green-kanha\/\" target=\"_blank\" rel=\"noopener noreferrer\">Kehity<\/a><\/div>\n<\/div>\n<\/div>\n<\/div>\n<div class=\"col-lg-4 col-md-4 col-sm-12\">\n<div class=\"the-hfn-offerings-sec mb-5\">\n<div class=\"the-hfn-offering-size\">\n<div class=\"the-hfn-offering-header\">\n<h6 class=\"font-medium m-0\"><a href=\"https:\/\/heartfulness.org\/obt\/\" target=\"_blank\" rel=\"noopener noreferrer\">One Beautiful Thought<\/a><\/h6>\n<\/div>\n<hr style=\" margin:0px 30px;padding:0px;\">\n<h5 class=\"font-book\">Daily Wisdom to Live By<\/h5>\n<div class=\"hfn-offer-img\">\n<div class=\"shortcode-single-image-wrap shortcode-single-image-6beaf5502ed6b67e0da11f3e23085d44 alignnone  enable-bg-rollover dt-icon-bg-off\" style=\"margin-top:0px; margin-bottom:0px; margin-left:0px; margin-right:0px; width:400px;\"><div class=\"shortcode-single-image\"><div class=\"fancy-media-wrap\" style=\"\"><div class=\"layzr-bg rollover-video\" style=\"\"><img class=\"lazy-load\" src=\"data:image\/svg+xml;charset=utf-8,%3Csvg xmlns%3D&#039;http%3A%2F%2Fwww.w3.org%2F2000%2Fsvg&#039; viewBox%3D&#039;0 0 400 225&#039;%2F%3E\" width=\"400\" height=\"225\" dt-data-location=\"\/\/prodwritenode.heartfulness.org\/fi\/wp-content\/uploads\/2020\/04\/obt-offering-img.jpg\" data-srcset=\"\/\/prodwritenode.heartfulness.org\/fi\/wp-content\/uploads\/2020\/04\/obt-offering-img.jpg 400w\" data-src=\"\/\/prodwritenode.heartfulness.org\/fi\/wp-content\/uploads\/2020\/04\/obt-offering-img.jpg\" \/><a class=\"video-icon dt-pswp-item pswp-video\" href=\"https:\/\/www.youtube.com\/watch?v=wXnulLBi0Ho\" title=\"\" data-dt-img-description=\"\"><\/a><\/div><\/div><\/div><\/div>\n<\/div>\n<p class=\"hfn-offering-content\">Milt\u00e4 tuntuisi aloittaa jokainen p\u00e4iv\u00e4 inspiroivalla Heartfulness-Oppaan ajatuksella? Niit\u00e4 lukiessasi sis\u00e4ist\u00e4t samalla itseesi aamun meditoinnin synnytt\u00e4m\u00e4n olotilan. <\/p>\n<\/div>\n<hr style=\"margin: 20px 30px 0px;\">\n<div class=\"row app-link-margin\" style=\"padding:20px 44px;\">\n<div class=\"col-xs-6 padd-0\">\n                       <a href=\"https:\/\/heartfulness.org\/obt\/\" target=\"_blank\" class=\"btn\" rel=\"noopener noreferrer\">Tilaa<\/a><\/div>\n<\/div>\n<\/div>\n<\/div>\n<\/div>\n<\/div>\n<div class=\"row\">\n<div class=\"container\">\n<p class=\"text-center\" style=\"margin-bottom: 20px;\">Halutessasi lis\u00e4tietoa tai halutessasi j\u00e4rjest\u00e4\u00e4 Heartfulness-tilaisuuksia organisaatiossasi, koulussasi, opiskelupaikassasi tai muussa paikassa, ota yhteytt\u00e4 <a class=\"link-color\" href=\"mailto:info@heartfulness.org\">info@heartfulness.org<\/a><\/p>\n<\/div>\n<\/div>\n","protected":false},"excerpt":{"rendered":"<p>THE HEARTFULNESS OFFERINGS HENKIST\u00c4 HER\u00c4\u00c4MIST\u00c4SI VARTEN, KAKSITOISTA AURINGONNOUSUA Seitsem\u00e4ntuhannen vuoden aikana kertynytt\u00e4 henkist\u00e4 viisautta: kaksitoista tapaa syvent\u00e4\u00e4 henkist\u00e4 tietoisuuttasi. Aloitetaan. Aloitetaan. Experience Meditation Daaji&#8217;s Masterclasses Opi meditoimaan kolmessa tutustumisistunnossa, joissa Daaji my\u00f6s kertoo jokaisesta Heartfulness-meditaatioon kuuluvasta harjoituksesta. Aloita Understand Meditation An Online Course Daajin ohjaama dynaaminen ja k\u00e4yt\u00e4nn\u00f6nl\u00e4heinen online-kurssi sis\u00e4lt\u00e4\u00e4 Heartfulness-harjoittelun k\u00e4yt\u00e4nn\u00f6n sek\u00e4 vinkkej\u00e4 tasapainoiseen el\u00e4m\u00e4ntapaan. Ilmoittaudu mukaan Meditation on-the-go&hellip;&#8230; <a href=\"https:\/\/heartfulness.org\/fi\/heartfulness-offerings\/\">Read More<\/a>.<\/p>\n","protected":false},"author":4,"featured_media":0,"parent":0,"menu_order":0,"comment_status":"closed","ping_status":"closed","template":"","meta":[],"yst_prominent_words":[1120,208,170,27,1751,15,2268,765,1756,491,1062,1749,286,34,1748,1832,180,663,274,1750],"_links":{"self":[{"href":"https:\/\/heartfulness.org\/fi\/wp-json\/wp\/v2\/pages\/6265"}],"collection":[{"href":"https:\/\/heartfulness.org\/fi\/wp-json\/wp\/v2\/pages"}],"about":[{"href":"https:\/\/heartfulness.org\/fi\/wp-json\/wp\/v2\/types\/page"}],"author":[{"embeddable":true,"href":"https:\/\/heartfulness.org\/fi\/wp-json\/wp\/v2\/users\/4"}],"replies":[{"embeddable":true,"href":"https:\/\/heartfulness.org\/fi\/wp-json\/wp\/v2\/comments?post=6265"}],"version-history":[{"count":45,"href":"https:\/\/heartfulness.org\/fi\/wp-json\/wp\/v2\/pages\/6265\/revisions"}],"predecessor-version":[{"id":11507,"href":"https:\/\/heartfulness.org\/fi\/wp-json\/wp\/v2\/pages\/6265\/revisions\/11507"}],"wp:attachment":[{"href":"https:\/\/heartfulness.org\/fi\/wp-json\/wp\/v2\/media?parent=6265"}],"wp:term":[{"taxonomy":"yst_prominent_words","embeddable":true,"href":"https:\/\/heartfulness.org\/fi\/wp-json\/wp\/v2\/yst_prominent_words?post=6265"}],"curies":[{"name":"wp","href":"https:\/\/api.w.org\/{rel}","templated":true}]}}