{"id":569,"date":"2017-05-15T15:09:18","date_gmt":"2017-05-15T09:39:18","guid":{"rendered":"http:\/\/staging.staging.heartfulness.org\/in\/en\/?page_id=569"},"modified":"2020-04-21T16:29:40","modified_gmt":"2020-04-21T10:59:40","slug":"about-heartfulness","status":"publish","type":"page","link":"https:\/\/heartfulness.org\/fi\/about-heartfulness\/","title":{"rendered":"About Heartfulness"},"content":{"rendered":"<div class=\"about grey lighten-2 padd-tb45\">\n<div class=\"container\">\n<div class=\"row\">\n<div class=\"col-md-12\">\n<h2 id=\"about-text-big\" class=\"font-book text-center\">Ihmiskunta kulkee eteenp\u00e4in syd\u00e4men avulla.<\/h2>\n<div class=\"row padd-tb25\">\n<div class=\"col-md-6 cat-img-col\"><img class=\"img-responsive\" src=\"\/\/prodwritenode.heartfulness.org\/fi\/wp-content\/uploads\/2020\/04\/hfn-about-us-img.png\" alt=\"Humanity\u2019s way forward is through the heart\" \/><\/div>\n<div class=\"col-md-6\">\n<h5 class=\"cat-block-intro\">Heartfulness on yksinkertainen ja hienovireinen meditaatioharjoittelu, joka yhdist\u00e4\u00e4 jokaisen meist\u00e4 oman syd\u00e4memme valoon ja rakkauteen. Maailmanlaajuisen, tuhansien HeartSpot-keskusten muodostaman verkoston sek\u00e4 suurenmoisen matkapuhelinsovelluksen avulla tarjoamme maailmalle p\u00e4ivitt\u00e4isen meditaatiok\u00e4yt\u00e4nn\u00f6n, joka her\u00e4tt\u00e4\u00e4 esiin mahdollisuutemme yksinkertaiseen, ilont\u00e4ytteiseen olemassaoloon.<\/h5>\n<h5 class=\"cat-block-intro padd-t15\"><a class=\"link-color\" href=\"http:\/\/www.daaji.org\/\" target=\"_blank\" rel=\"noopener noreferrer\">Daaji<\/a> | <a class=\"link-color\" href=\"http:\/\/www.heartfulnessmagazine.com\/\" target=\"_blank\" rel=\"noopener noreferrer\">Heartfulness Magazine<\/a> | <a class=\"link-color\" href=\"https:\/\/play.google.com\/store\/apps\/details?id=com.letsmeditate&amp;hl=enOur app\" target=\"_blank\" rel=\"noopener noreferrer\">Sovellus<\/a><\/h5>\n<\/div>\n<\/div>\n<\/div>\n<\/div>\n<\/div>\n<\/div>\n<div class=\"hfn-module-block padd-tb60 hfn-divider-single\">\n<div class=\"container\">\n<div class=\"row\">\n<div class=\"col-md-12\">\n<h1 class=\"font-book text-center\">Nelj\u00e4 Mestaria<\/h1>\n<div class=\"col-md-12 padd-0\">\n<div class=\"hfn-cat-hr padd-tb20\">\n<hr \/>\n<\/div>\n<\/div>\n<\/div>\n<\/div>\n<div class=\"row block-order\">\n<div class=\"col-md-6 padd-0\">\n<div class=\"cat-block-col\">\n<h4 class=\"text-right font-book theme-color\">Lalaji<\/h4>\n<p class=\"text-right master-year-info\">1873 \u2013 1931<\/p>\n<p class=\"cat-block-intro text-justify\">Shri Ram Chandra, Fatehgarhista &#8211; tuttavallisemmin Lalaji &#8211; oli Heartfulness-tradition ensimm\u00e4inen opettaja. H\u00e4n elvytti ikivanhan joogisen transmission taidon, jotta kaikki omasta henkisest\u00e4 kehityksest\u00e4\u00e4n vilpitt\u00f6m\u00e4sti kiinnostuneet voisivat kokea tietoisuuden laajenemisen sen kaikkein korkeimpaan tasoon asti. <a class=\"link-color\" href=\"lalaji\">Lue lis\u00e4\u00e4 &gt; <\/a><\/p>\n<\/div>\n<\/div>\n<div class=\"col-md-6 padd-0\">\n<div class=\"cat-img-col\"><img class=\"img-responsive\" src=\"\/\/prodwritenode.heartfulness.org\/fi\/wp-content\/uploads\/2020\/04\/lalaji-master-history.jpg\" alt=\"Lalaji\" \/><\/div>\n<\/div>\n<\/div>\n<div class=\"row\">\n<div class=\"col-md-6 padd-0\">\n<div class=\"cat-img-col\"><img class=\"img-responsive\" src=\"\/\/prodwritenode.heartfulness.org\/fi\/wp-content\/uploads\/2020\/04\/babuji-master-history.jpg\" alt=\"Babuji\" \/><\/div>\n<\/div>\n<div class=\"col-md-6 padd-0\">\n<div class=\"cat-block-col\">\n<h4 class=\"text-left font-book theme-color\">Babuji<\/h4>\n<p class=\"text-left master-year-info\">1899 \u2013 1983<\/p>\n<p class=\"cat-block-intro text-justify\">Lalajin seuraajan nimi oli my\u00f6s Shri Ram Chandra. H\u00e4nt\u00e4 kutsutaan my\u00f6s Babuji\u00b4ksi. H\u00e4nkin asui Uttar Pradeshissa, Shahjahanpurin kaupungissa. H\u00e4nell\u00e4 oli perhe ja h\u00e4n toimi virkailijana paikallisessa oikeuslaitoksessa yli kolmekymment\u00e4 vuotta. <a class=\"link-color\" href=\"babuji\">Lue lis\u00e4\u00e4 &gt; <\/a><\/p>\n<\/div>\n<\/div>\n<\/div>\n<div class=\"row block-order\">\n<div class=\"col-md-6 padd-0\">\n<div class=\"cat-block-col\">\n<h4 class=\"text-right font-book theme-color\">Chariji<\/h4>\n<p class=\"text-right master-year-info\">1927 \u2013 2014<\/p>\n<p class=\"cat-block-intro text-justify\">Babujin seuraajaa, Parthasarathi Rajagopalacharia, kutsutaan nimell\u00e4 Chariji. H\u00e4n syntyi l\u00e4hell\u00e4 Chennaita, Etel\u00e4-Intiassa ja h\u00e4n sai koulutuksensa brittil\u00e4isen koulutuksen mukaisesti valmistuen Benaresin hindulaisesta yliopistosta yhteiskuntatieteiden kandidaatiksi. <a class=\"link-color\" href=\"chariji\">Lue lis\u00e4\u00e4 &gt; <\/a><\/p>\n<\/div>\n<\/div>\n<div class=\"col-md-6 padd-0\">\n<div class=\"cat-img-col\"><img class=\"img-responsive\" src=\"\/\/prodwritenode.heartfulness.org\/fi\/wp-content\/uploads\/2020\/04\/chariji-master-history.jpg\" alt=\"Charji\" \/><\/div>\n<\/div>\n<\/div>\n<div class=\"row\">\n<div class=\"col-md-6 padd-0\">\n<div class=\"cat-img-col\"><img class=\"img-responsive\" src=\"\/\/prodwritenode.heartfulness.org\/fi\/wp-content\/uploads\/2020\/04\/kamlesh-d-patel-daaji-1.png\" alt=\"Kamlesh D Patel\" \/><\/div>\n<\/div>\n<div class=\"col-md-6 padd-0\">\n<div class=\"cat-block-col\">\n<h4 class=\"text-left font-book theme-color\">Kamlesh Patel<\/h4>\n<p class=\"text-left master-year-info\">1956 \u2013 present<\/p>\n<p class=\"cat-block-intro text-justify\">Monet tuntevat h\u00e4net nimell\u00e4 Daaji. H\u00e4nen opetuksensa l\u00e4ht\u00f6kohta on oma, henkil\u00f6kohtainen kokemus Heartfulness-meditaatiosta. Samalla nuo opetukset heijastavat h\u00e4nen syv\u00e4llist\u00e4 tutkijahenke\u00e4\u00e4n sek\u00e4 maailman suurten henkisten traditioiden ja tieteen edistysaskelten kunnioitusta.  <a class=\"link-color\" href=\"kamlesh-d-patel\">Lue lis\u00e4\u00e4 &gt; <\/a><\/p>\n<\/div>\n<\/div>\n<\/div>\n<\/div>\n<\/div>\n<div class=\"about-testimonial-block padd-tb60 hfn-divider-single\">\n<div class=\"container\">\n<div class=\"row\">\n<div class=\"col-md-12 padd-0\">\n<h2 class=\"font-book text-center\">KOMMENTTEJA JA PALAUTETTA<\/h2>\n<div class=\"hfn-cat-hr padd-tb20\">\n<hr \/>\n<\/div>\n<\/div>\n<\/div>\n<div class=\"row\">\n<div class=\"col-md-12\"><style type=\"text\/css\" data-type=\"the7_shortcodes-inline-css\">.testimonials-carousel-shortcode.testimonials-carousel-shortcode-id-ddb689c7cbfac61f2ab1005174861713.owl-carousel .owl-nav a {\n  width: 36px;\n  height: 36px;\n  border-radius: 500px;\n}\n.testimonials-carousel-shortcode.testimonials-carousel-shortcode-id-ddb689c7cbfac61f2ab1005174861713.owl-carousel .owl-nav a:before,\n.testimonials-carousel-shortcode.testimonials-carousel-shortcode-id-ddb689c7cbfac61f2ab1005174861713.owl-carousel .owl-nav a:after {\n  border-width: 0px;\n}\n.testimonials-carousel-shortcode.testimonials-carousel-shortcode-id-ddb689c7cbfac61f2ab1005174861713.owl-carousel .owl-nav a.owl-prev {\n  top: 50%;\n  transform: translateY(calc(-50% + 0px));\n  left: -43px;\n}\n@media all and (-ms-high-contrast: none) {\n  .testimonials-carousel-shortcode.testimonials-carousel-shortcode-id-ddb689c7cbfac61f2ab1005174861713.owl-carousel .owl-nav a.owl-prev {\n    transform: translateY(-50%);\n    margin-top: 0px;\n  }\n}\n.testimonials-carousel-shortcode.testimonials-carousel-shortcode-id-ddb689c7cbfac61f2ab1005174861713.owl-carousel .owl-nav a.owl-prev i {\n  padding: 0px 0px 0px 0px;\n}\n.testimonials-carousel-shortcode.testimonials-carousel-shortcode-id-ddb689c7cbfac61f2ab1005174861713.owl-carousel .owl-nav a.owl-next {\n  top: 50%;\n  transform: translateY(calc(-50% + 0px));\n  right: -43px;\n}\n@media all and (-ms-high-contrast: none) {\n  .testimonials-carousel-shortcode.testimonials-carousel-shortcode-id-ddb689c7cbfac61f2ab1005174861713.owl-carousel .owl-nav a.owl-next {\n    transform: translateY(-50%);\n    margin-top: 0px;\n  }\n}\n.testimonials-carousel-shortcode.testimonials-carousel-shortcode-id-ddb689c7cbfac61f2ab1005174861713.owl-carousel .owl-nav a.owl-next i {\n  padding: 0px 0px 0px 0px;\n}\n.testimonials-carousel-shortcode.testimonials-carousel-shortcode-id-ddb689c7cbfac61f2ab1005174861713.owl-carousel .owl-nav i {\n  font-size: 18px;\n}\n.testimonials-carousel-shortcode.testimonials-carousel-shortcode-id-ddb689c7cbfac61f2ab1005174861713.owl-carousel .owl-nav a:not(:hover) i,\n.testimonials-carousel-shortcode.testimonials-carousel-shortcode-id-ddb689c7cbfac61f2ab1005174861713.owl-carousel .owl-nav a:not(:hover) i:before {\n  color: #686868;\n  background: none;\n}\n.testimonials-carousel-shortcode.testimonials-carousel-shortcode-id-ddb689c7cbfac61f2ab1005174861713.owl-carousel .owl-nav a:hover i,\n.testimonials-carousel-shortcode.testimonials-carousel-shortcode-id-ddb689c7cbfac61f2ab1005174861713.owl-carousel .owl-nav a:hover i:before {\n  color: rgba(10,10,10,0.75);\n  background: none;\n}\n.testimonials-carousel-shortcode.testimonials-carousel-shortcode-id-ddb689c7cbfac61f2ab1005174861713 .owl-dots {\n  top: calc(100% + 20px);\n  left: 50%;\n  transform: translateX(calc(-50% + 0px));\n}\n@media all and (-ms-high-contrast: none) {\n  .testimonials-carousel-shortcode.testimonials-carousel-shortcode-id-ddb689c7cbfac61f2ab1005174861713 .owl-dots {\n    transform: translateX(-50%);\n    margin-left: 0px;\n  }\n}\n.testimonials-carousel-shortcode.testimonials-carousel-shortcode-id-ddb689c7cbfac61f2ab1005174861713 .owl-dot {\n  width: 10px;\n  height: 10px;\n  margin: 0 8px;\n}\n.bullets-ubax.testimonials-carousel-shortcode.testimonials-carousel-shortcode-id-ddb689c7cbfac61f2ab1005174861713 .owl-dot.active span {\n  border-color: ;\n}\n@media screen and (max-width: 778px) {\n  .testimonials-carousel-shortcode.testimonials-carousel-shortcode-id-ddb689c7cbfac61f2ab1005174861713.hide-arrows.owl-carousel .owl-nav a {\n    display: none;\n  }\n}\n@media screen and (max-width: 778px) {\n  .testimonials-carousel-shortcode.testimonials-carousel-shortcode-id-ddb689c7cbfac61f2ab1005174861713.reposition-arrows.owl-carousel .owl-nav .owl-prev {\n    top: 50%;\n    transform: translateY(calc(-50% + 0px));\n    left: -18px;\n  }\n  .testimonials-carousel-shortcode.testimonials-carousel-shortcode-id-ddb689c7cbfac61f2ab1005174861713.reposition-arrows.owl-carousel .owl-nav .owl-next {\n    top: 50%;\n    transform: translateY(calc(-50% + 0px));\n    right: -18px;\n  }\n}\n@media screen and (max-width: 778px) and all and (-ms-high-contrast: none) {\n  .testimonials-carousel-shortcode.testimonials-carousel-shortcode-id-ddb689c7cbfac61f2ab1005174861713.reposition-arrows.owl-carousel .owl-nav .owl-prev {\n    transform: translateY(-50%);\n    margin-top: 0px;\n  }\n}\n@media screen and (max-width: 778px) and all and (-ms-high-contrast: none) {\n  .testimonials-carousel-shortcode.testimonials-carousel-shortcode-id-ddb689c7cbfac61f2ab1005174861713.reposition-arrows.owl-carousel .owl-nav .owl-next {\n    transform: translateY(-50%);\n    margin-top: 0px;\n  }\n}\n.testimonials-carousel-shortcode.testimonials-carousel-shortcode-id-ddb689c7cbfac61f2ab1005174861713 .testimonial-item {\n  padding: 30px 30px 20px 30px;\n}\n.testimonials-carousel-shortcode.testimonials-carousel-shortcode-id-ddb689c7cbfac61f2ab1005174861713 .testimonial-name,\n.testimonials-carousel-shortcode.testimonials-carousel-shortcode-id-ddb689c7cbfac61f2ab1005174861713 .testimonial-name a,\n.testimonials-carousel-shortcode.testimonials-carousel-shortcode-id-ddb689c7cbfac61f2ab1005174861713 .testimonial-name span {\n  margin-bottom: 0px;\n  font-weight: bold;\n}\n.testimonials-carousel-shortcode.testimonials-carousel-shortcode-id-ddb689c7cbfac61f2ab1005174861713 .testimonial-position {\n  margin-bottom: 20px;\n}\n.testimonials-carousel-shortcode.testimonials-carousel-shortcode-id-ddb689c7cbfac61f2ab1005174861713 .testimonial-position,\n.testimonials-carousel-shortcode.testimonials-carousel-shortcode-id-ddb689c7cbfac61f2ab1005174861713 .testimonial-position span {\n  font-weight: bold;\n}\n.testimonials-carousel-shortcode.testimonials-carousel-shortcode-id-ddb689c7cbfac61f2ab1005174861713  .testimonial-avatar {\n  padding: 0px 20px 20px 0px;\n}\n.testimonials-carousel-shortcode.testimonials-carousel-shortcode-id-ddb689c7cbfac61f2ab1005174861713  .testimonial-avatar a,\n.testimonials-carousel-shortcode.testimonials-carousel-shortcode-id-ddb689c7cbfac61f2ab1005174861713  .testimonial-avatar span,\n.testimonials-carousel-shortcode.testimonials-carousel-shortcode-id-ddb689c7cbfac61f2ab1005174861713  .testimonial-avatar img {\n  max-width: 80px;\n}\n.testimonials-carousel-shortcode.testimonials-carousel-shortcode-id-ddb689c7cbfac61f2ab1005174861713 .dt-css-grid .testimonial-avatar img,\n.testimonials-carousel-shortcode.testimonials-carousel-shortcode-id-ddb689c7cbfac61f2ab1005174861713 .dt-css-grid .testimonial-avatar svg {\n  max-width: 100%;\n}\n.testimonials-carousel-shortcode.testimonials-carousel-shortcode-id-ddb689c7cbfac61f2ab1005174861713.layout-5:not(.hide-testimonial-avatar) .content-wrap,\n.testimonials-carousel-shortcode.testimonials-carousel-shortcode-id-ddb689c7cbfac61f2ab1005174861713.layout-6:not(.hide-testimonial-avatar) .content-wrap {\n  width: calc(100% - 80px - 20px - 0px);\n}\n.testimonials-carousel-shortcode.testimonials-carousel-shortcode-id-ddb689c7cbfac61f2ab1005174861713 .testimonial-content {\n  margin-bottom: 0px;\n}\n.testimonials-carousel-shortcode.testimonials-carousel-shortcode-id-ddb689c7cbfac61f2ab1005174861713  .testimonial-avatar,\n.testimonials-carousel-shortcode.testimonials-carousel-shortcode-id-ddb689c7cbfac61f2ab1005174861713  .testimonial-avatar a.rollover,\n.testimonials-carousel-shortcode.testimonials-carousel-shortcode-id-ddb689c7cbfac61f2ab1005174861713  .testimonial-avatar a.rollover *,\n.testimonials-carousel-shortcode.testimonials-carousel-shortcode-id-ddb689c7cbfac61f2ab1005174861713  .testimonial-avatar img,\n.testimonials-carousel-shortcode.testimonials-carousel-shortcode-id-ddb689c7cbfac61f2ab1005174861713  .testimonial-avatar .no-avatar,\n.testimonials-carousel-shortcode.testimonials-carousel-shortcode-id-ddb689c7cbfac61f2ab1005174861713  .testim-no-avatar {\n  border-radius: 500px;\n}\n.testimonials-carousel-shortcode.testimonials-carousel-shortcode-id-ddb689c7cbfac61f2ab1005174861713  .testimonial-avatar .no-avatar {\n  height: 80px;\n}\n.testimonials-carousel-shortcode.testimonials-carousel-shortcode-id-ddb689c7cbfac61f2ab1005174861713  .testimonial-avatar .no-avatar {\n  font-size: 80px;\n  width: 80px;\n}\n<\/style><div class=\"owl-carousel testimonials-carousel-shortcode dt-testimonials-shortcode dt-owl-carousel-call testimonials-carousel-shortcode-id-ddb689c7cbfac61f2ab1005174861713 content-align-center layout-1 content-bg-off hide-testimonial-position hide-testimonial-avatar bullets-small-dot-stroke reposition-arrows arrows-bg-on dt-arrow-border-on dt-arrow-hover-border-on disable-arrows-hover-bg arrows-hover-bg-on  \" data-scroll-mode=\"1\" data-col-num=\"1\" data-wide-col-num=\"1\" data-laptop-col=\"1\" data-h-tablet-columns-num=\"1\" data-v-tablet-columns-num=\"1\" data-phone-columns-num=\"1\" data-auto-height=\"false\" data-col-gap=\"30\" data-stage-padding=\"0\" data-speed=\"600\" data-autoplay=\"true\" data-autoplay_speed=\"6000\" data-arrows=\"true\" data-bullet=\"false\" data-next-icon=\"Defaults-chevron-right\" data-prev-icon=\"Defaults-chevron-left\"><div class=\"testimonial-item\"><div class=\"content-wrap\"><div class=\"testimonial-vcard\"><div class=\"testimonial-position\"><\/div><\/div><div class=\"testimonial-content\"><p>Ohjelmanne on ihmeellinen. Kaikki luennoitsijat olivat \u00e4\u00e4rimm\u00e4isen ammattitaitoisia ja tunsin miten he olivat asiastaan innoissaan. On ollut kunnia saada osallistua ohjelmaanne ja kutsunkin teid\u00e4t ja Heartfulness Instituutin t\u00e4nne jatkossakin. Tied\u00e4n ett\u00e4 monet muutkin nauttisivat ohjelmastanne.  <\/p>\n<p class=\"font-book\">Dr Hoyt Ross, CEO, Promise Hospital, Oxford, FL, USA <\/p>\n<\/div><\/div><\/div><div class=\"testimonial-item\"><div class=\"content-wrap\"><div class=\"testimonial-vcard\"><div class=\"testimonial-position\"><\/div><\/div><div class=\"testimonial-content\"><p>Pystyn tuskin kuvailemaan miten positiivisia meditaation vaikutukset ovat olleet. L\u00e4\u00e4k\u00e4rit, jotka ottivat osaa Heartfulness-meditaation koulutukseen, raportoivat hyvinvointinsa kasvamisesta, burnoutin v\u00e4henemisest\u00e4 ja paremmasta suhtautumisestaan potilashoitoon. Olen varma, ett\u00e4 sin\u00e4kin huomaat hy\u00f6dyn. <\/p>\n<p class=\"font-book\">Dr Mansee Thakur, I\/C Director,<br \/>\nMGM Institute of Health Science, India. <\/p>\n<\/div><\/div><\/div><div class=\"testimonial-item\"><div class=\"content-wrap\"><div class=\"testimonial-vcard\"><div class=\"testimonial-position\"><\/div><\/div><div class=\"testimonial-content\"><p>Tulimme vakuuttuneiksi siit\u00e4, ett\u00e4 jaksamme kohdata mink\u00e4 tahansa vaikeuden el\u00e4m\u00e4ss\u00e4mme. Ohjelma auttoi meit\u00e4 ajattelemaan oikealla tavalla ja ymm\u00e4rt\u00e4m\u00e4\u00e4n toisten tunteita. Se auttoi minua kehitt\u00e4m\u00e4\u00e4n melkein kuin uudenlaisen persoonallisuuden. Se auttoi kuuntelemaan enemm\u00e4nkin sieluani kuin mielt\u00e4ni. Ennen t\u00e4t\u00e4 olin kuin kivi, nyt olen l\u00e4hde, jossa omalla taiteellisella ty\u00f6ll\u00e4ni on arvoa. Kiitos avustanne, ett\u00e4 saatoin kehitt\u00e4\u00e4 luonnettani.  <\/p>\n<p class=\"font-book\">10th Standard Students at JNV Pedavegi, India<\/p>\n<\/div><\/div><\/div><div class=\"testimonial-item\"><div class=\"content-wrap\"><div class=\"testimonial-vcard\"><div class=\"testimonial-position\"><\/div><\/div><div class=\"testimonial-content\"><p>Aloitin meditoimaan v\u00e4hent\u00e4\u00e4kseni stressi\u00e4 kiireisess\u00e4 ty\u00f6ss\u00e4ni ja saadakseni tasapainoa el\u00e4m\u00e4\u00e4ni. Suoraan sanottuna Heartfulness-meditaatio on muuttanut koko el\u00e4m\u00e4ni. Se on lahja, jonka avulla voin paremmin hallita aktiivista mielt\u00e4ni, n\u00e4en ihmiset ja jokap\u00e4iv\u00e4iset kokemukseni positiivisemmin ja pyrin olemaan niin hyv\u00e4 ihminen kuin voin. Ty\u00f6ni ohjaajana, HR teht\u00e4viss\u00e4 sek\u00e4 suhteissani yst\u00e4viin ja perheeseen ovat todellakin muuttuneet my\u00f6nteisell\u00e4 tavalla. Heartfulness-meditaatio edellytt\u00e4\u00e4 omistautumista, jotta siit\u00e4 hy\u00f6tyy parhaiten. V\u00e4h\u00e4n kuin salille meneminen \u2013 et voi olettaa, ett\u00e4 nostat kuntoa, jos treenaat vain kerran viikossa.<\/p>\n<p class=\"font-book\">Tania Gough <br \/>HR Consultant, New Zealand<\/p>\n<\/div><\/div><\/div><div class=\"testimonial-item\"><div class=\"content-wrap\"><div class=\"testimonial-vcard\"><div class=\"testimonial-position\"><\/div><\/div><div class=\"testimonial-content\"><p>Heartfulness-meditaation oppiminen ja harjoittaminen on vaikuttanut merkitt\u00e4v\u00e4sti minuun ja perheeseeni. Meditoinnin avulla olemme kokeneet tyyneytt\u00e4, joka heijastuu koko p\u00e4iv\u00e4n tilanteisiin ja keskin\u00e4iset suhteemme ovat parantuneet sen seurauksena. Minut houkutteli mukaan aloittelijoille tarkoitettuun ryhm\u00e4meditaatioon yst\u00e4v\u00e4ni, joka oli huomannut sen v\u00e4hent\u00e4v\u00e4n stressi\u00e4 ja ahdistusta. Tekniikka oli helppo ja olen huomannut, miten ohjaajat ovat aidosti halukkaita jakamaan oppimaansa. Heartfulness-meditaatiosta on nyt tullut olennainen osa jokap\u00e4iv\u00e4ist\u00e4 el\u00e4m\u00e4\u00e4ni ja suosittelen sit\u00e4 todella vilpitt\u00f6m\u00e4sti.   <\/p>\n<p class=\"font-book\">Jo Jack<br \/>Teacher, New Zealand<\/p>\n<\/div><\/div><\/div><div class=\"testimonial-item\"><div class=\"content-wrap\"><div class=\"testimonial-vcard\"><div class=\"testimonial-position\"><\/div><\/div><div class=\"testimonial-content\"><p>On ollut ilo ty\u00f6skennell\u00e4 Heartfulness-meditaation Jacksonvillen osaston kanssa. Kahdesti kuukaudessa pidetyt meditaatio- ja rentoutustilaisuudet Orange Park Branch kirjastossa ovat tutustuttaneet asiakkaamme meditaatioon ja sen terveyshy\u00f6tyihin. Kaikkein t\u00e4rkeint\u00e4 on kuitenkin ollut, kuten monet asiakkaat ovat kertoneet, se miten tapaamiset ovet muistuttaneet heit\u00e4 oman ajan t\u00e4rkeydest\u00e4; siit\u00e4, miten el\u00e4\u00e4 hetkess\u00e4 ja miten omaksua positiivinen el\u00e4m\u00e4nasenne. <\/p>\n<p class=\"font-book\">Jazmin Ortiz<br \/>\nLibrary Clerk | Orange Park Branch Library<\/p>\n<\/div><\/div><\/div><div class=\"testimonial-item\"><div class=\"content-wrap\"><div class=\"testimonial-vcard\"><div class=\"testimonial-position\"><\/div><\/div><div class=\"testimonial-content\"><p>Haluaisimme kiitt\u00e4\u00e4 l\u00e4sn\u00e4olostanne kirjastossamme. Ensimm\u00e4isen lukuvuoden aikana useat kanta-asiakkaamme toivoivat Heartfulness-meditaatiotapahtumaa uudelleen. Emme empineet ottaa teihin yhteytt\u00e4 uudelleen. Toivottavasti saamme jatkaa suurenmoista ohjelmaanne t\u00e4n\u00e4kin kev\u00e4\u00e4n\u00e4. Suosittelemme teit\u00e4 todella mielell\u00e4mme my\u00f6s muille kirjastoille.<\/p>\n<p class=\"font-book\">Spyros Tsompanakis<br \/>\nM.L.I.S. (W.S.U.), M.A.Mus. (E.M.U.)<br \/>\nTechnology and Adult Services Librarian, Pontiac Library.<\/p>\n<\/div><\/div><\/div><div class=\"testimonial-item\"><div class=\"content-wrap\"><div class=\"testimonial-vcard\"><div class=\"testimonial-position\"><\/div><\/div><div class=\"testimonial-content\"><p>Olen suositellut meditaatiota potilailleni jo vuosia, koska l\u00e4\u00e4ketieteelliset tutkimukset osoittavat sen auttavan sympaattisen ja parasympaattisen hermoj\u00e4rjestelm\u00e4n tasapainoon. Se voi madaltaa veren kortisolitasoa, laskea verenpainetta ja parantaa unta. Olen oppinut monia asioita kokemukseni kautta. Suosittelen meditaatiota jokaiselle el\u00e4v\u00e4lle olennol<\/p>\n<p class=\"font-book\">Dr Gary Huber<br \/>\nOhio.<\/p>\n<\/div><\/div><\/div><div class=\"testimonial-item\"><div class=\"content-wrap\"><div class=\"testimonial-vcard\"><div class=\"testimonial-position\"><\/div><\/div><div class=\"testimonial-content\"><p>Viimeisten kuuden kuukauden aikana meit\u00e4 on Los Gatos UMC:ssa siunattu mahdollisuudella pit\u00e4\u00e4 viikottain Heartfulness-meditaatiotunteja. Niit\u00e4 on pit\u00e4nyt t\u00e4m\u00e4n lempe\u00e4n, syd\u00e4nkeskeisen meditaation pitk\u00e4aikainen ohjaaja. Ne kirkkomme ja yhteis\u00f6mme j\u00e4senet, jotka olivat mukana, kokivat suurta rentoutumista, ahdistuksen v\u00e4henemist\u00e4, ajatusten rauhoittumista ja lis\u00e4\u00e4ntyv\u00e4\u00e4 my\u00f6t\u00e4tuntoa ja iloa. <\/p>\n<p class=\"font-book\">Jennifer Murdock <br \/> Pastor, Los Gatos United Methodist Church, California<\/p>\n<\/div><\/div><\/div><div class=\"testimonial-item\"><div class=\"content-wrap\"><div class=\"testimonial-vcard\"><div class=\"testimonial-position\"><\/div><\/div><div class=\"testimonial-content\"><p>Aloitimme p\u00e4ivitt\u00e4isen Heartfulness-meditaation. Lapset kykeniv\u00e4t p\u00e4\u00e4sem\u00e4\u00e4n rauhalliseen tilaan jo 10-15 minuutin j\u00e4lkeen ja olin todella onnellinen p\u00e4ivist\u00e4, jolloin he tulivat huoneeseeni ja kysyiv\u00e4t milloin taas meditoidaan! <\/p>\n<p class=\"font-book\">Lynn Copeland<br \/>Urban Ridge Realty, Juvenile Detention Village<\/p>\n<\/div><\/div><\/div><\/div><\/div>\n<\/div>\n<\/div>\n<\/div>\n","protected":false},"excerpt":{"rendered":"<p>Ihmiskunta kulkee eteenp\u00e4in syd\u00e4men avulla. Heartfulness on yksinkertainen ja hienovireinen meditaatioharjoittelu, joka yhdist\u00e4\u00e4 jokaisen meist\u00e4 oman syd\u00e4memme valoon ja rakkauteen. Maailmanlaajuisen, tuhansien HeartSpot-keskusten muodostaman verkoston sek\u00e4 suurenmoisen matkapuhelinsovelluksen avulla tarjoamme maailmalle p\u00e4ivitt\u00e4isen meditaatiok\u00e4yt\u00e4nn\u00f6n, joka her\u00e4tt\u00e4\u00e4 esiin mahdollisuutemme yksinkertaiseen, ilont\u00e4ytteiseen olemassaoloon. Daaji | Heartfulness Magazine | Sovellus Nelj\u00e4 Mestaria Lalaji 1873 \u2013 1931 Shri Ram Chandra, Fatehgarhista &#8211; tuttavallisemmin Lalaji &#8211;&hellip;&#8230; <a href=\"https:\/\/heartfulness.org\/fi\/about-heartfulness\/\">Read More<\/a>.<\/p>\n","protected":false},"author":4,"featured_media":0,"parent":0,"menu_order":0,"comment_status":"closed","ping_status":"closed","template":"","meta":[],"yst_prominent_words":[1627,27,15,37,2043,1762,1620,34,1734,1626,1625,1623,1628,1624,772,230,165,1839,164,160],"_links":{"self":[{"href":"https:\/\/heartfulness.org\/fi\/wp-json\/wp\/v2\/pages\/569"}],"collection":[{"href":"https:\/\/heartfulness.org\/fi\/wp-json\/wp\/v2\/pages"}],"about":[{"href":"https:\/\/heartfulness.org\/fi\/wp-json\/wp\/v2\/types\/page"}],"author":[{"embeddable":true,"href":"https:\/\/heartfulness.org\/fi\/wp-json\/wp\/v2\/users\/4"}],"replies":[{"embeddable":true,"href":"https:\/\/heartfulness.org\/fi\/wp-json\/wp\/v2\/comments?post=569"}],"version-history":[{"count":67,"href":"https:\/\/heartfulness.org\/fi\/wp-json\/wp\/v2\/pages\/569\/revisions"}],"predecessor-version":[{"id":11527,"href":"https:\/\/heartfulness.org\/fi\/wp-json\/wp\/v2\/pages\/569\/revisions\/11527"}],"wp:attachment":[{"href":"https:\/\/heartfulness.org\/fi\/wp-json\/wp\/v2\/media?parent=569"}],"wp:term":[{"taxonomy":"yst_prominent_words","embeddable":true,"href":"https:\/\/heartfulness.org\/fi\/wp-json\/wp\/v2\/yst_prominent_words?post=569"}],"curies":[{"name":"wp","href":"https:\/\/api.w.org\/{rel}","templated":true}]}}