{"id":5408,"date":"2018-02-20T14:08:01","date_gmt":"2018-02-20T08:38:01","guid":{"rendered":"http:\/\/staging.heartfulness.org\/in\/?page_id=5408"},"modified":"2020-04-20T19:26:39","modified_gmt":"2020-04-20T13:56:39","slug":"learn-the-basics","status":"publish","type":"page","link":"https:\/\/heartfulness.org\/fi\/learn-the-basics\/","title":{"rendered":"Learn the basics"},"content":{"rendered":"<div class=\"hfn-home-category-block\">\n<div class=\"container\">\n<div class=\"row\">\n<div class=\"col-md-6 padd-0\">\n<div class=\"cat-block-col\">\n<h2 class=\"text-right block-heading theme-color\">Rentoudu ja meditoi. <\/h2>\n<div class=\"cat-block-intro\">\n<p class=\"text-right padd-tb5 black-color\"><strong>Laajenna tietoisuuttasi <\/strong><\/p>\n<p class=\"text-right\">Opi Heartfulness-rentoutus, jolla luot kehon ja mielen v\u00e4lille koherenssia ja tyyneytt\u00e4. Jatka meditoimalla syd\u00e4mess\u00e4 olevaa valon l\u00e4hdett\u00e4 p\u00e4\u00e4st\u00e4ksesi syvemm\u00e4lle itseesi. <\/p>\n<\/div>\n<\/div>\n<\/div>\n<div class=\"col-md-6 padd-0\">\n<div class=\"cat-img-col\"><a href=\"https:\/\/youtu.be\/gd4VrCnOD90\" target=\"_blank\" rel=\"noopener noreferrer\"><img class=\"img-responsive\" src=\"\/\/prodwritenode.heartfulness.org\/fi\/wp-content\/uploads\/2020\/04\/relax-basic.jpg\" alt=\"Relax basic\" \/><\/a><\/div>\n<\/div>\n<\/div>\n<div class=\"row block-order\">\n<div class=\"col-md-6 padd-0\">\n<div class=\"cat-img-col\"><a href=\"https:\/\/youtu.be\/kTsBwjkv9yM\" target=\"_blank\" rel=\"noopener noreferrer\"><img class=\"img-responsive\" src=\"\/\/prodwritenode.heartfulness.org\/fi\/wp-content\/uploads\/2020\/04\/rejuvenate-basic.jpg\" alt=\"Rejuvenate basic\" \/><\/a><\/div>\n<div class=\"cat-sub-col\">\n<div class=\"\">\n<p class=\"text-center\">\n<\/div>\n<\/div>\n<\/div>\n<div class=\"col-md-6 padd-0\">\n<div class=\"cat-block-col\">\n<h2 class=\"text-left block-heading theme-color\">Puhdista ja uudistu<\/h2>\n<div class=\"cat-block-intro \">\n<p class=\"text-leftpadd-tb5 black-color\"><strong>Selkeyt\u00e4<\/strong><\/p>\n<p class=\"text-left\">Daaji ohjaa sinut yksinkertaisen, uudistavan menetelm\u00e4n avulla irti mielen ehdollistumista. Menetelm\u00e4 on k\u00e4ytt\u00f6kelpoinen tapa p\u00e4iv\u00e4n lopulla p\u00e4\u00e4st\u00e4 stressist\u00e4 ja hankalista tunteista. Se saa sinut tuntemaan olosi kevyeksi ja virkistyneeksi.<\/p>\n<\/div>\n<\/div>\n<\/div>\n<\/div>\n<div class=\"row\">\n<div class=\"col-md-6 padd-0\">\n<div class=\"cat-block-col hfn-community-block\">\n<h2 class=\"text-right block-heading theme-color\">Luo yhteys <\/h2>\n<div class=\"cat-block-intro\">\n<p class=\"text-right padd-tb5 black-color\"><strong> Sis\u00e4iseen itseesi <\/strong><\/p>\n<p class=\"text-right padd-tb5\">Opi l\u00f6yt\u00e4m\u00e4\u00e4n yhteys sis\u00e4iseen itseesi kuuntelemalla syd\u00e4mesi \u00e4\u00e4nt\u00e4. Tee havaintoja syvimmist\u00e4 tunteistasi, tee viisaita p\u00e4\u00e4t\u00f6ksi\u00e4 ja puno oma kohtalosi. <\/p>\n<\/div>\n<\/div>\n<\/div>\n<div class=\"col-md-6 padd-0\">\n<div class=\"cat-img-col \"><a href=\"https:\/\/youtu.be\/JIHNzroF_Fo\" target=\"_blank\" rel=\"noopener noreferrer\"><img class=\"img-responsive\" src=\"\/\/prodwritenode.heartfulness.org\/fi\/wp-content\/uploads\/2020\/04\/connect-basic.jpg\" alt=\"Connect basic\" \/><\/a><\/div>\n<\/div>\n<\/div>\n<\/div>\n<\/div>\n","protected":false},"excerpt":{"rendered":"<p>Rentoudu ja meditoi. Laajenna tietoisuuttasi Opi Heartfulness-rentoutus, jolla luot kehon ja mielen v\u00e4lille koherenssia ja tyyneytt\u00e4. Jatka meditoimalla syd\u00e4mess\u00e4 olevaa valon l\u00e4hdett\u00e4 p\u00e4\u00e4st\u00e4ksesi syvemm\u00e4lle itseesi. Puhdista ja uudistu Selkeyt\u00e4 Daaji ohjaa sinut yksinkertaisen, uudistavan menetelm\u00e4n avulla irti mielen ehdollistumista. Menetelm\u00e4 on k\u00e4ytt\u00f6kelpoinen tapa p\u00e4iv\u00e4n lopulla p\u00e4\u00e4st\u00e4 stressist\u00e4 ja hankalista tunteista. Se saa sinut tuntemaan olosi kevyeksi ja virkistyneeksi. Luo yhteys&hellip;&#8230; <a href=\"https:\/\/heartfulness.org\/fi\/learn-the-basics\/\">Read More<\/a>.<\/p>\n","protected":false},"author":4,"featured_media":0,"parent":0,"menu_order":0,"comment_status":"closed","ping_status":"closed","template":"","meta":[],"yst_prominent_words":[1014,15,390,209,1756,1874,2032],"_links":{"self":[{"href":"https:\/\/heartfulness.org\/fi\/wp-json\/wp\/v2\/pages\/5408"}],"collection":[{"href":"https:\/\/heartfulness.org\/fi\/wp-json\/wp\/v2\/pages"}],"about":[{"href":"https:\/\/heartfulness.org\/fi\/wp-json\/wp\/v2\/types\/page"}],"author":[{"embeddable":true,"href":"https:\/\/heartfulness.org\/fi\/wp-json\/wp\/v2\/users\/4"}],"replies":[{"embeddable":true,"href":"https:\/\/heartfulness.org\/fi\/wp-json\/wp\/v2\/comments?post=5408"}],"version-history":[{"count":16,"href":"https:\/\/heartfulness.org\/fi\/wp-json\/wp\/v2\/pages\/5408\/revisions"}],"predecessor-version":[{"id":11525,"href":"https:\/\/heartfulness.org\/fi\/wp-json\/wp\/v2\/pages\/5408\/revisions\/11525"}],"wp:attachment":[{"href":"https:\/\/heartfulness.org\/fi\/wp-json\/wp\/v2\/media?parent=5408"}],"wp:term":[{"taxonomy":"yst_prominent_words","embeddable":true,"href":"https:\/\/heartfulness.org\/fi\/wp-json\/wp\/v2\/yst_prominent_words?post=5408"}],"curies":[{"name":"wp","href":"https:\/\/api.w.org\/{rel}","templated":true}]}}