{"id":529,"date":"2017-05-03T18:22:51","date_gmt":"2017-05-03T12:52:51","guid":{"rendered":"http:\/\/staging.staging.heartfulness.org\/in\/en\/?page_id=529"},"modified":"2020-04-21T16:45:38","modified_gmt":"2020-04-21T11:15:38","slug":"new-ideas","status":"publish","type":"page","link":"https:\/\/heartfulness.org\/fi\/new-ideas\/","title":{"rendered":"New Ideas"},"content":{"rendered":"<div class=\"container\">\n<div class=\"row m-auto\">\n<div class=\"col-lg-12 padd-tb30\">\n<p class=\"idea-touch\">Auta meit\u00e4 viem\u00e4\u00e4n se seuravalle muutoksen tasolle. Kerro meille ideoistasi alla.<\/p>\n<div id=\"ideacontent\">\n<p>Onko sinulla ideoita, joilla edist\u00e4\u00e4 Heartfulness l\u00e4hestymistapaa? Olet tullut oikeaan paikkaan. Jos olet innostunut asiasta ja halukas jakamaan ajatuksiasi, olemme kuulolla. Uusien, luovien ideoittesi avulla voimme vied\u00e4 Heartfulness-meditaatiota kokonaan uudelle tasolle.<\/p>\n<p class=\"padd-t20\">Miten voit tehd\u00e4 sen? T\u00e4yt\u00e4t vain allaolevat kohdat ja otamme sinuun yhteytt\u00e4.<\/p>\n<\/p><\/div><\/div><\/div><\/div>\n<div class=\"container padd-b40\">\n<div class=\"row m-auto\">\n<div class=\"col-lg-6 padd-b20\">\n<div class=\"share-idea-form\">\n      <!-- \n\n<form>\n      \n\n<div class=\"input-field\">\n        \n\n<div class=\"hfn-input-group\">\n            <i class=\"material-icons prefix\">email<\/i><input type=\"text\" name=\"email\" id=\"email\" class=\"validate\"><label for=\"icon_prefix\">Email Id <span class=\"red-text\">*<\/span><\/label><span class=\"error-text red-text\" id=\"error_email\"><\/span> <\/div>\n\n\n      <\/div>\n\n\n      \n\n<div class=\"input-field\">\n        \n\n<div class=\"hfn-input-group\">\n            <i class=\"material-icons prefix\">mode_edit<\/i><textarea name=\"InputMessage\" id=\"InputMessage\" class=\"materialize-textarea\"><\/textarea><label for=\"icon_prefix\">Enter Your New ideas <span class=\"red-text\">*<\/span><\/label><span class=\"error-text red-text\" id=\"error_email\"><\/span>\n        <\/div>\n\n\n      <\/div>\n\n\n     \n\n<div class=\"input-field\">\n        \n\n<div class=\"hfn-input-group\">\n            \n\n<div class=\"g-recaptcha\" data-sitekey=\"6LfiwgQTAAAAALW43m8JsS_1hl98w--s1AFMqZ_0\"><\/div>\n\n<span class=\"errmsgcaptcha captcha-error-text red-text\"><\/span>\n        <\/div>\n\n\n      <\/div>\n\n\n      \n\n<div class=\"input-field\">\n        \n\n<div class=\"hfn-input-group\">\n            <input type=\"submit\" class=\"waves-effect waves-light btn login-button\" value=\"Submit\">\n        <\/div>\n\n\n          <\/div>\n\n\n          <\/form>\n\n -->\n      <\/div>\n<div role=\"form\" class=\"wpcf7\" id=\"wpcf7-f1663-o1\" lang=\"en-US\" dir=\"ltr\">\n<div class=\"screen-reader-response\"><\/div>\n<form action=\"\/fi\/wp-json\/wp\/v2\/pages\/529#wpcf7-f1663-o1\" method=\"post\" class=\"wpcf7-form\" novalidate=\"novalidate\">\n<div style=\"display: none;\">\n<input type=\"hidden\" name=\"_wpcf7\" value=\"1663\" \/>\n<input type=\"hidden\" name=\"_wpcf7_version\" value=\"5.1.7\" \/>\n<input type=\"hidden\" name=\"_wpcf7_locale\" value=\"en_US\" \/>\n<input type=\"hidden\" name=\"_wpcf7_unit_tag\" value=\"wpcf7-f1663-o1\" \/>\n<input type=\"hidden\" name=\"_wpcf7_container_post\" value=\"0\" \/>\n<\/div>\n<div class=\"hfn-input-group input-field\">\n<i class=\"material-icons prefix\">email<\/i><span class=\"wpcf7-form-control-wrap your-email\"><input type=\"email\" name=\"your-email\" value=\"\" size=\"40\" class=\"wpcf7-form-control wpcf7-text wpcf7-email wpcf7-validates-as-required wpcf7-validates-as-email\" id=\"email\" aria-required=\"true\" aria-invalid=\"false\" \/><\/span><label for=\"email\">Email<span class=\"red-text\">*<\/span><\/label>\n<\/div>\n<div class=\"hfn-input-group input-field\"> <i class=\"material-icons prefix\">mode_edit<\/i><span class=\"wpcf7-form-control-wrap your-message\"><textarea name=\"your-message\" cols=\"40\" rows=\"10\" maxlength=\"1000\" minlength=\"100\" class=\"wpcf7-form-control wpcf7-textarea wpcf7-validates-as-required materialize-textarea\" id=\"msg\" aria-required=\"true\" aria-invalid=\"false\"><\/textarea><\/span><label for=\"msg\">Enter Your New ideas<span class=\"red-text\">*<\/span><\/label><\/p>\n<p><span> <span class=\"wpcf7-character-count down\" data-target-name=\"your-message\" data-starting-value=\"1000\" data-current-value=\"1000\" data-maximum-value=\"1000\" data-minimum-value=\"100\">1000<\/span> Char(s) left <\/span>\n<\/div>\n<div class=\"hfn-input-group input-field\"><label class=\"hfn-checkbox\"><input name=\"checkboxes\" type=\"checkbox\" value=\"AGREE\" id=\"check-1\"\/> <span>I Agree to the <a href=\"\/en\/terms\/\" target=\"_blank\">Terms and Conditions<\/a><\/span><\/label><\/div>\n<p><\/br><br \/>\n[recaptcha]<\/p>\n<div class=\"padd-t20\">\n<input type=\"submit\" value=\"SUBMIT\" class=\"wpcf7-form-control wpcf7-submit\" \/>\n<\/div>\n<div class=\"wpcf7-response-output wpcf7-display-none\"><\/div><\/form><\/div><\/div>\n<div class=\"col-lg-6\"> <img src=\"\/\/prodwritenode.heartfulness.org\/fi\/wp-content\/uploads\/2020\/04\/idea-form-img.png\" alt=\"Heartfulness has touched many lives\" class=\"img-fluid\"\/> <\/div><\/div><\/div>\n","protected":false},"excerpt":{"rendered":"<p>Auta meit\u00e4 viem\u00e4\u00e4n se seuravalle muutoksen tasolle. Kerro meille ideoistasi alla. Onko sinulla ideoita, joilla edist\u00e4\u00e4 Heartfulness l\u00e4hestymistapaa? Olet tullut oikeaan paikkaan. Jos olet innostunut asiasta ja halukas jakamaan ajatuksiasi, olemme kuulolla. Uusien, luovien ideoittesi avulla voimme vied\u00e4 Heartfulness-meditaatiota kokonaan uudelle tasolle. Miten voit tehd\u00e4 sen? T\u00e4yt\u00e4t vain allaolevat kohdat ja otamme sinuun yhteytt\u00e4&#8230;. <a href=\"https:\/\/heartfulness.org\/fi\/new-ideas\/\">Read More<\/a>.<\/p>\n","protected":false},"author":4,"featured_media":0,"parent":0,"menu_order":0,"comment_status":"closed","ping_status":"closed","template":"","meta":[],"yst_prominent_words":[23,15,83,84],"_links":{"self":[{"href":"https:\/\/heartfulness.org\/fi\/wp-json\/wp\/v2\/pages\/529"}],"collection":[{"href":"https:\/\/heartfulness.org\/fi\/wp-json\/wp\/v2\/pages"}],"about":[{"href":"https:\/\/heartfulness.org\/fi\/wp-json\/wp\/v2\/types\/page"}],"author":[{"embeddable":true,"href":"https:\/\/heartfulness.org\/fi\/wp-json\/wp\/v2\/users\/4"}],"replies":[{"embeddable":true,"href":"https:\/\/heartfulness.org\/fi\/wp-json\/wp\/v2\/comments?post=529"}],"version-history":[{"count":44,"href":"https:\/\/heartfulness.org\/fi\/wp-json\/wp\/v2\/pages\/529\/revisions"}],"predecessor-version":[{"id":11528,"href":"https:\/\/heartfulness.org\/fi\/wp-json\/wp\/v2\/pages\/529\/revisions\/11528"}],"wp:attachment":[{"href":"https:\/\/heartfulness.org\/fi\/wp-json\/wp\/v2\/media?parent=529"}],"wp:term":[{"taxonomy":"yst_prominent_words","embeddable":true,"href":"https:\/\/heartfulness.org\/fi\/wp-json\/wp\/v2\/yst_prominent_words?post=529"}],"curies":[{"name":"wp","href":"https:\/\/api.w.org\/{rel}","templated":true}]}}