{"id":4777,"date":"2017-11-11T13:44:22","date_gmt":"2017-11-11T08:14:22","guid":{"rendered":"http:\/\/staging.staging.heartfulness.org\/in\/en\/?page_id=4777"},"modified":"2020-04-06T15:01:45","modified_gmt":"2020-04-06T09:31:45","slug":"kamlesh-d-patel","status":"publish","type":"page","link":"https:\/\/heartfulness.org\/fi\/kamlesh-d-patel\/","title":{"rendered":"Kamlesh D Patel"},"content":{"rendered":"<div class=\"daaji\">\n<div class=\"container\">\n<div class=\"row padd-t50\">\n<div class=\"col-md-12\">\n<h4 class=\"text-left font-book theme-color\">Kamlesh D Patel<\/h4>\n<p class=\"text-left master-year-info\">(1956 &#8211; Present)<\/p>\n<p class=\"content-bottom padd-t20\">Kamlesh D. Patel on ikiaikaisen tradition tuore \u00e4\u00e4ni. H\u00e4net tunnetaan tuttavallisesti nimell\u00e4 Daaji, ja h\u00e4nen opetuksensa pohjautuvat h\u00e4nen omaan kokemuksensa Heartfulness-meditaatiosta. Samalla ne heijastavat h\u00e4nen syv\u00e4\u00e4 tukijahenke\u00e4\u00e4n sek\u00e4 maailman suurten henkisten traditioiden ja tieteen edistysaskelten kunnioitusta.<\/p>\n<p class=\"content-bottom\">Daaji syntyi Gujaratissa 1956. H\u00e4n tunsi jo nuorena kiinnostusta meditaatioon ja henkisyyteen ja aloitti Heartfulness-meditaation farmaseuttiopiskelijana, yhdeks\u00e4ntoista vuoden i\u00e4ss\u00e4. Pian h\u00e4n tapasi ensimm\u00e4isen Gurunsa, Babujin, j\u00e4rjestyksess\u00e4 toisen Heartfulness-gurun. Valmistuttuaan hyvin arvosanoin L.M.College of Pharmacy\u00b4st\u00e4, Ahmedabadista h\u00e4n meni naimisiin, muutti New Yorkiin ja sai kaksi poikaa. Perheen is\u00e4n teht\u00e4vien ohella h\u00e4n rakensi menestyv\u00e4n apteekkiyrityksen, jatkoi rakastamansa meditaation harjoittamista ja omistautui my\u00f6hemmin Babujin seuraajalle, Charijille. Vuosien mittaan Daaji toimi yh\u00e4 t\u00e4rke\u00e4mm\u00e4ss\u00e4 roolissa Heartfulness-liikkeess\u00e4 sek\u00e4 sen organisaatiossa ett\u00e4 levitt\u00e4en sen sanomaa ja opettaen sen menetelmi\u00e4. Vuonna 2011 Chariji valitsi Daajin henkiseksi seuraajakseen<\/p>\n<p class=\"content-bottom\">Heartfulness-liikkeen johtajana Daaji hoitaa nyt monia nykyp\u00e4iv\u00e4n gurun velvoitteita: matkustaa laajasti jakaen tukeaan kaikkialle, jossa henkisyydest\u00e4 ollaan kiinnostuneita. H\u00e4n uskoo vahvasti nuorison hy\u00f6tyv\u00e4n k\u00e4yt\u00e4nn\u00f6llisist\u00e4 itsehallinnan v\u00e4lineist\u00e4 ja universaaleista arvoista. H\u00e4nen opastuksellaan opiskelijat ja opettajat yli 2500 koulusta, yliopistosta ja korkeakoulusta ovat ottaneet k\u00e4ytt\u00f6\u00f6ns\u00e4 opinto-kokonaisuuksia, jotka perustuvat arvopohjaiseen itsens\u00e4 kehitt\u00e4miseen <\/p>\n<p class=\"content-bottom\">Daaji omistaa paljon aikaansa ja energiaansa omaan henkil\u00f6kohtaiseen tutkimusty\u00f6h\u00f6ns\u00e4 henkisyyden ja tietoisuuden alueella. H\u00e4n jakaa s\u00e4\u00e4nn\u00f6llisesti ajatuksiaan julkisissa puheissaan, omalla nettisivullaan ja sosiaalisessa mediassa sek\u00e4 broadcast, paino- ja digitaalisessa mediassa. Daajin artikkeleita on ilmestynyt monissa eturivin julkaisuissa mm Huffington Postissa, Chicago Tribunessa, Times of Indiassa ja Business Standardissa. H\u00e4nen kahdentoista jakson sarja Radio City Swaran, Dil Ki Awaaz sai hyv\u00e4n vastaanoton.<\/p>\n<p class=\"content-bottom\">Daaji haluaa edist\u00e4\u00e4 ikivanhan tradition ja modernin tieteellisen ymm\u00e4rryksen liittoa. H\u00e4n on koonnut sadan tiedemiehen joukon tutkimaan meditaation ja joogisen transmission psykologisia ja geneettisi\u00e4 vaikutuksia. H\u00e4n uskoo mahdollisuuteen l\u00e4hesty\u00e4 henkisyytt\u00e4 tieteen menetelmin \u2013 t\u00e4m\u00e4 k\u00e4yt\u00e4nn\u00f6nl\u00e4heinen l\u00e4hestymistapa on l\u00e4ht\u00f6isin h\u00e4nen omasta kokemuksestaan ja alan hallinnastaan. Kuten h\u00e4n usein sanoo: &#8220;&#8221;Olet itse sek\u00e4 kokeen tekij\u00e4, koe ett\u00e4 my\u00f6s sen tulos<\/p>\n<p class=\"content-bottom\">Daajin toive on saattaa Heartfulness-meditaatio kaikkien ulottuville kaikkialla maailmassa. H\u00e4nen ohjauksessaan Heartfulness-j\u00e4rjest\u00f6 tarjoaa ilmaista meditaatio-opetusta tuhansissa HeartSpot- ja retriitti-keskuksissa 160 maassa. Heartfulness-ohjaajat ymp\u00e4ri maailmaa ohjaavat yksil\u00f6llist\u00e4 tai ryhm\u00e4meditaatiota henkil\u00f6kohtaisissa tapaamisissa tai et\u00e4n\u00e4 Let\u00b4s Meditate sovelluksen v\u00e4lityksell\u00e4.<\/p>\n<p class=\"content-bottom\">L\u00f6yd\u00e4t lis\u00e4\u00e4 Daajista <a target=\"_blank\" href=\"\/\/daaji.org\/\" rel=\"noopener noreferrer\">http:\/\/daaji.org\/<\/a><\/p>\n<\/div>\n<\/div>\n<\/div>\n<\/div>\n","protected":false},"excerpt":{"rendered":"<p>Kamlesh D Patel (1956 &#8211; Present) Kamlesh D. Patel on ikiaikaisen tradition tuore \u00e4\u00e4ni. H\u00e4net tunnetaan tuttavallisesti nimell\u00e4 Daaji, ja h\u00e4nen opetuksensa pohjautuvat h\u00e4nen omaan kokemuksensa Heartfulness-meditaatiosta. Samalla ne heijastavat h\u00e4nen syv\u00e4\u00e4 tukijahenke\u00e4\u00e4n sek\u00e4 maailman suurten henkisten traditioiden ja tieteen edistysaskelten kunnioitusta. Daaji syntyi Gujaratissa 1956. H\u00e4n tunsi jo nuorena kiinnostusta meditaatioon ja henkisyyteen ja aloitti Heartfulness-meditaation farmaseuttiopiskelijana, yhdeks\u00e4ntoista vuoden&hellip;&#8230; <a href=\"https:\/\/heartfulness.org\/fi\/kamlesh-d-patel\/\">Read More<\/a>.<\/p>\n","protected":false},"author":4,"featured_media":0,"parent":0,"menu_order":0,"comment_status":"closed","ping_status":"closed","template":"","meta":[],"yst_prominent_words":[2077,1203,1200,80,170,27,1199,15,37,1198,171,619,34,638,197,1195,1202,180,1201,1204],"_links":{"self":[{"href":"https:\/\/heartfulness.org\/fi\/wp-json\/wp\/v2\/pages\/4777"}],"collection":[{"href":"https:\/\/heartfulness.org\/fi\/wp-json\/wp\/v2\/pages"}],"about":[{"href":"https:\/\/heartfulness.org\/fi\/wp-json\/wp\/v2\/types\/page"}],"author":[{"embeddable":true,"href":"https:\/\/heartfulness.org\/fi\/wp-json\/wp\/v2\/users\/4"}],"replies":[{"embeddable":true,"href":"https:\/\/heartfulness.org\/fi\/wp-json\/wp\/v2\/comments?post=4777"}],"version-history":[{"count":11,"href":"https:\/\/heartfulness.org\/fi\/wp-json\/wp\/v2\/pages\/4777\/revisions"}],"predecessor-version":[{"id":11357,"href":"https:\/\/heartfulness.org\/fi\/wp-json\/wp\/v2\/pages\/4777\/revisions\/11357"}],"wp:attachment":[{"href":"https:\/\/heartfulness.org\/fi\/wp-json\/wp\/v2\/media?parent=4777"}],"wp:term":[{"taxonomy":"yst_prominent_words","embeddable":true,"href":"https:\/\/heartfulness.org\/fi\/wp-json\/wp\/v2\/yst_prominent_words?post=4777"}],"curies":[{"name":"wp","href":"https:\/\/api.w.org\/{rel}","templated":true}]}}