{"id":4774,"date":"2017-11-11T13:42:57","date_gmt":"2017-11-11T08:12:57","guid":{"rendered":"http:\/\/staging.staging.heartfulness.org\/in\/en\/?page_id=4774"},"modified":"2020-05-19T16:33:31","modified_gmt":"2020-05-19T11:03:31","slug":"chariji","status":"publish","type":"page","link":"https:\/\/heartfulness.org\/fi\/chariji\/","title":{"rendered":"Chariji"},"content":{"rendered":"<div class=\"daaji\">\n<div class=\"container\">\n<div class=\"row padd-tb40\">\n<div class=\"col-md-12\">\n<h4 class=\"text-left font-book theme-color\">Chariji Maharaj <\/h4>\n<p class=\"text-left master-year-info\">1927 A.D \u2013 2014 A.D.<\/p>\n<p class=\"content-bottom padd-t20\">Shri Parthasarathi Rajagopalachari,  kutsumanimell\u00e4 Chariji, syntyi Vayalurissa (Chennain l\u00e4hell\u00e4), Etel\u00e4-Intiassa.<\/p>\n<p class=\"content-bottom\">Charijin kiinnostus henkisyyteen her\u00e4si kahdeksantoista vuoden i\u00e4ss\u00e4 ollessaan kuuntelemassa luentoa Bhagavad Gitasta. H\u00e4n jatkoi silti opiskeluaan ja valmistui Benaresin hindulaisesta yliopistosta luonnontieteiden kandidaatiksi. H\u00e4nen ensimm\u00e4inen ty\u00f6paikkansa oli kemian teknologiassa jonka j\u00e4lkeen h\u00e4n vietti kaksi vuotta Jugoslaviassa opiskellen muovituotantoteknologiaa<\/p>\n<p class=\"content-bottom\">H\u00e4n meni naimisiin vuonna 1955 ja siirtyi T.T. Krishnamachari-yhti\u00f6n palvelukseen samana vuonna. H\u00e4n kohosi nopeasti yhden yritysryhm\u00e4n toimitusjohtajaksi. Ty\u00f6 edellytti paljon matkustamista Intiassa ja ulkomailla. T\u00e4t\u00e4 maailmalla matkailun tapaa h\u00e4n jatkoi koko el\u00e4m\u00e4ns\u00e4 niin ammatillisesti kuin my\u00f6hemmin Heartfulnes-oppaan teht\u00e4v\u00e4ss\u00e4\u00e4n.<\/p>\n<p class=\"content-bottom\">Vuonna  1964 Chariji tutustui Heartfulness-meditaatioon ja useita kuukausia my\u00f6hemmin h\u00e4n tapasi Babujin. Ensimm\u00e4isest\u00e4 tapaamisesta l\u00e4htien, kuten h\u00e4n kirjassaan <em>Mestarini\/ My Master<\/em> kirjoittaa &#8220;tiesin v\u00e4litt\u00f6m\u00e4sti ja intuitiivisesti, ett\u00e4 olin l\u00f6yt\u00e4nyt henkil\u00f6n, joka yksin voisi olla Mestarini ja opastaa minut p\u00e4\u00e4m\u00e4\u00e4r\u00e4\u00e4ni.&#8221;<\/p>\n<p class=\"content-bottom\">Chariji jatkoi ty\u00f6n ja perheen velvoitteiden hoitamista ja samaan aikaan omistautui tunnollisesti omaan henkiseen harjoitteluunsa \u2013 syv\u00e4sti kiintyneen\u00e4 Babujiin. H\u00e4n omistautui Babujin ty\u00f6n auttamiselle: toteuttamaan t\u00e4m\u00e4n visiota koko ihmiskunnalle. <\/p>\n<p class=\"content-bottom\">Chariji seurasi Babujia t\u00e4m\u00e4n pitkille matkoille ymp\u00e4ri Intiaa. My\u00f6s eurooppalaiset tunsivat vetoa Babujia ja h\u00e4nen opetuksiaan kohtaan ja matkustivat Intiaan tapaamaan h\u00e4nt\u00e4. N\u00e4iden yhteyksien seurauksena Chariji seurasi Babujia ensimm\u00e4iselle monista ulkomaanmatkoistaan Eurooppaan ja Amerikkaan. v.1972.  He tapasivat asiasta kiinnostuneita, ohjasivat meditaatioita, pitiv\u00e4t puheita ja vastailivat kysymyksiin. Heid\u00e4n v\u00e4lilleen kasvoi molemminpuolinen rakkaudellinen suhde<\/p>\n<p class=\"content-bottom\">Babuji nimitti Charijin seuraajakseen viel\u00e4 el\u00e4ess\u00e4\u00e4n. Babujin kuoleman j\u00e4lkeen 1983 Chariji otti paikan h\u00e4nen henkisen\u00e4 edustajanaan. H\u00e4n omistautui jatkamaan Babujin aloittamaa ty\u00f6t\u00e4 ja viem\u00e4\u00e4n eteenp\u00e4in t\u00e4m\u00e4n visiota ihmiskunnalle. H\u00e4nen johdollaan Babujin alkuunpanema organisaatio levisi sek\u00e4 Intiassa ett\u00e4 yli sadassa muussa maassa. Charijin kuollessa j\u00e4senm\u00e4\u00e4r\u00e4 oli lis\u00e4\u00e4ntynyt 5000sta \u2013kuten se oli Babujin aikana\u2013 500 000een. Kaikki ty\u00f6 on aina perustunut vapaaehtoisuuteen ja organisaation toiminnan rahoittaminen vapaaehtoisiin lahjoituksiin.\n <\/p>\n<p class=\"content-bottom\">Chariji osoittautui olevan juuri sellainen, mink\u00e4 Babuji m\u00e4\u00e4ritteli ideaaliksi ihmiseksi \u2013 ihminen, jolla on l\u00e4nsimainen mieli ja it\u00e4mainen syd\u00e4n.<\/p>\n<p class=\"content-bottom\">Chariji oli sek\u00e4 loistava puhuja ett\u00e4 l\u00e4hes yli-inhimillinen ty\u00f6skentelykapasiteetissaan. Huolimatta niist\u00e4 lukemattomista ihmisist\u00e4, jotka tulivat tapaamaan h\u00e4nt\u00e4 ja joita h\u00e4n matkojensa aikana tapasi, h\u00e4n oli tunnettu siit\u00e4, ett\u00e4 halusi keskitty\u00e4 erikseen jokaisen tapaamansa ihmisen asiaan. Kymmenill\u00e4 tuhansilla ihmisill\u00e4 on tarinoita n\u00e4ist\u00e4 kahdenkeskisist\u00e4 tapaamisista, jotka muuttivat heid\u00e4n el\u00e4m\u00e4ns\u00e4.<\/p>\n<p class=\"content-bottom\">H\u00e4n kirjoitti ja julkaisi yli sata kirjaa. Kirja <em>My Master\/ Mestarini<\/em> on k\u00e4\u00e4nnetty yli 20 kielelle. Muita kirjoja ovat mm. h\u00e4nen omat p\u00e4iv\u00e4kirjansa matkoista Babujin kanssa, omael\u00e4m\u00e4nkerta ja lukematon m\u00e4\u00e4r\u00e4 puheita Intiassa ja ulkomailla, joissa h\u00e4n sek\u00e4 edusti ett\u00e4 laajensi oman Mestarinsa opetuksia.<\/p>\n<p class=\"content-bottom\">\nVuodesta 2008 Charijin terveys huononi ja v.2010 h\u00e4n k\u00e4ytti uusinta teknologiaa tiedottaessaan kaikkia meditoijia omasta seuraajastaan Kamlesh D. Patelista. T\u00e4m\u00e4 oli h\u00e4nen tapansa varmistaa, ett\u00e4 Kamlesh sai heti alusta t\u00e4yden tuen valtavaksi kasvaneeseen ty\u00f6sarkaan. T\u00e4st\u00e4 ilmoituksesta Charijin kuolemaan asti opettaja ja h\u00e4nen oppilaansa olivat l\u00e4hes aina yhdess\u00e4.\n<\/p>\n<p class=\"content-bottom\">Charijin kuoltua 20.12 2014 maailmanlaajuisen Heartfulness-oppaan teht\u00e4v\u00e4\u00e4n astui h\u00e4nen seuraajansa Shri Kamlesh D. Patel. Kutsumme h\u00e4nt\u00e4 lempe\u00e4sti nimell\u00e4 <a href=\"kamlesh-d-patel\" class=\"link-color\">Daaji<\/a>.<\/p>\n<\/div>\n<\/div>\n<\/div>\n<\/div>\n","protected":false},"excerpt":{"rendered":"<p>Chariji Maharaj 1927 A.D \u2013 2014 A.D. Shri Parthasarathi Rajagopalachari, kutsumanimell\u00e4 Chariji, syntyi Vayalurissa (Chennain l\u00e4hell\u00e4), Etel\u00e4-Intiassa. Charijin kiinnostus henkisyyteen her\u00e4si kahdeksantoista vuoden i\u00e4ss\u00e4 ollessaan kuuntelemassa luentoa Bhagavad Gitasta. H\u00e4n jatkoi silti opiskeluaan ja valmistui Benaresin hindulaisesta yliopistosta luonnontieteiden kandidaatiksi. H\u00e4nen ensimm\u00e4inen ty\u00f6paikkansa oli kemian teknologiassa jonka j\u00e4lkeen h\u00e4n vietti kaksi vuotta Jugoslaviassa opiskellen muovituotantoteknologiaa H\u00e4n meni naimisiin vuonna 1955&hellip;&#8230; <a href=\"https:\/\/heartfulness.org\/fi\/chariji\/\">Read More<\/a>.<\/p>\n","protected":false},"author":4,"featured_media":0,"parent":0,"menu_order":0,"comment_status":"closed","ping_status":"closed","template":"","meta":[],"yst_prominent_words":[2058,2054,1432,1157,1429,1197,15,1377,31,1430,619,2043,1435,2057,1436,2059,180,1434,1431,1816],"_links":{"self":[{"href":"https:\/\/heartfulness.org\/fi\/wp-json\/wp\/v2\/pages\/4774"}],"collection":[{"href":"https:\/\/heartfulness.org\/fi\/wp-json\/wp\/v2\/pages"}],"about":[{"href":"https:\/\/heartfulness.org\/fi\/wp-json\/wp\/v2\/types\/page"}],"author":[{"embeddable":true,"href":"https:\/\/heartfulness.org\/fi\/wp-json\/wp\/v2\/users\/4"}],"replies":[{"embeddable":true,"href":"https:\/\/heartfulness.org\/fi\/wp-json\/wp\/v2\/comments?post=4774"}],"version-history":[{"count":18,"href":"https:\/\/heartfulness.org\/fi\/wp-json\/wp\/v2\/pages\/4774\/revisions"}],"predecessor-version":[{"id":11559,"href":"https:\/\/heartfulness.org\/fi\/wp-json\/wp\/v2\/pages\/4774\/revisions\/11559"}],"wp:attachment":[{"href":"https:\/\/heartfulness.org\/fi\/wp-json\/wp\/v2\/media?parent=4774"}],"wp:term":[{"taxonomy":"yst_prominent_words","embeddable":true,"href":"https:\/\/heartfulness.org\/fi\/wp-json\/wp\/v2\/yst_prominent_words?post=4774"}],"curies":[{"name":"wp","href":"https:\/\/api.w.org\/{rel}","templated":true}]}}