{"id":4771,"date":"2017-11-11T13:39:50","date_gmt":"2017-11-11T08:09:50","guid":{"rendered":"http:\/\/staging.staging.heartfulness.org\/in\/en\/?page_id=4771"},"modified":"2020-04-06T14:10:16","modified_gmt":"2020-04-06T08:40:16","slug":"babuji","status":"publish","type":"page","link":"https:\/\/heartfulness.org\/fi\/babuji\/","title":{"rendered":"Babuji"},"content":{"rendered":"<div class=\"daaji\">\n<div class=\"container\">\n<div class=\"row padd-tb40\">\n<div class=\"col-md-12\">\n<h4 class=\"text-left font-book theme-color\">Babuji Maharaj<\/h4>\n<p class=\"text-left master-year-info\">1899 A.D.\u2013 1983 A.D.<\/p>\n<p class=\"content-bottom padd-t20\">Babuji syntyi 30.5 1899 pohjois-Intialaisessa Shahjahanpurin kaupungissa (Uttar Pradesh). Jo varhain h\u00e4n tunsi kaipausta henkiseen tiedostamiseen, joka j\u00e4tti varjoonsa kaiken muun.<\/p>\n<p class=\"content-bottom\">H\u00e4n toimi virkailijana Shahjahanpurin alueoikeudessa yli kolmekymment\u00e4 vuotta. H\u00e4n oli naimisissa yhdeks\u00e4ntoista vuotiaasta ja h\u00e4nen vaimonsa, Bhagwati, synnytti h\u00e4nelle kaksi tyt\u00e4rt\u00e4 ja nelj\u00e4 poikaa ennen kuolemaansa 1949.<\/p>\n<p class=\"content-bottom\">Kes\u00e4kuussa 1922, kaksikymment\u00e4kaksi vuotiaana, h\u00e4n tapasi Lalajin, joka tunnisti Babujin samaksi henkil\u00f6ksi, jonka oli n\u00e4hnyt unessa tulevan seuraajakseen.<\/p>\n<p class=\"content-bottom\">Vaikka guru ja oppilas tapasivat vain muutaman kerran ennen kuin Lalaji j\u00e4tti fyysisen kehonsa 1931, Babuji eli jatkuvassa Lalajin muistamisen tilassa eik\u00e4 tuntenut voivansa el\u00e4\u00e4 sekuntiakaan ilman t\u00e4m\u00e4n sis\u00e4ist\u00e4 ohjausta. Babuji uskoi tietoisuuden evoluution olevan jokaisen synnyinoikeus ja ett\u00e4 sen tulisi olla tarjolla kaikille todellisille etsij\u00f6ille kaikkialla. H\u00e4n uskoi, ett\u00e4 todellinen Guru on palvelija ja h\u00e4n eli el\u00e4m\u00e4ns\u00e4 palvellen kaikkia, rodusta, uskonnosta, sukupuolesta tai kansallisuudesta riippumatta. H\u00e4n opetti, ett\u00e4 materiaalisen ja henkisen el\u00e4m\u00e4n on kuljettava k\u00e4si k\u00e4dess\u00e4 kuin linnun kaksi siipe\u00e4 ja ett\u00e4 tavallinen perhe-el\u00e4m\u00e4 on paras ymp\u00e4rist\u00f6 oppia t\u00e4rkeit\u00e4 hyveit\u00e4, rakkautta ja uhrautuvaisuutta. Samalla tavoin h\u00e4n yksinkertaisti ja viimeisteli raja-joogan systeemi\u00e4 siten, ett\u00e4 kaikki voisivat harjoittaa ja hy\u00f6ty\u00e4 siit\u00e4.<\/p>\n<p class=\"content-bottom\">H\u00e4n neuvoi seuraajiaan olemaan lannistumatta omien vikojensa ja puutteidensa keskell\u00e4. H\u00e4n kehotti heit\u00e4 p\u00e4\u00e4st\u00e4m\u00e4\u00e4n irti virheist\u00e4\u00e4n ja p\u00e4\u00e4tt\u00e4m\u00e4\u00e4n olla tekem\u00e4tt\u00e4 niit\u00e4 en\u00e4\u00e4. H\u00e4n muistutti heit\u00e4, ett\u00e4 juuri t\u00e4ss\u00e4 hetkess\u00e4 voimme kehitt\u00e4\u00e4 luonnettamme ja siten luoda valoisamman tulevaisuuden. <\/p>\n<p class=\"content-bottom\">Babuji oli ihmisen\u00e4 mit\u00e4 n\u00f6yrin ja h\u00e4nell\u00e4 oli suunnaton usko ja luottamus omaan opettajaansa. H\u00e4n oli varma siit\u00e4, ett\u00e4 kaikki henkisyyden etsij\u00e4t, kulttuuri- tai kansallisuustaustasta riippumatta, ottaisivat mielihyvin vastaan h\u00e4nen tarjoamansa yksinkertaisen ja tehokkaan meditaatiomenetelm\u00e4n. Vuonna 1972 h\u00e4n toi Heartfulness-meditaation Eurooppaan ja Amerikkaan. H\u00e4nen kanssaan matkusti h\u00e4nen avustajansa Shri Parthasarathi Rajagopalachari Chennaista. Parthasarathi, kutsumanimelt\u00e4\u00e4n <a href=\"chariji\" class=\"link-color\">Chariji<\/a>, valittiin Babujin seuraajaksi ja Heartfulness-tradition kolmanneksi oppaaksi.<\/p>\n<\/div>\n<\/div>\n<\/div>\n<\/div>\n","protected":false},"excerpt":{"rendered":"<p>Babuji Maharaj 1899 A.D.\u2013 1983 A.D. Babuji syntyi 30.5 1899 pohjois-Intialaisessa Shahjahanpurin kaupungissa (Uttar Pradesh). Jo varhain h\u00e4n tunsi kaipausta henkiseen tiedostamiseen, joka j\u00e4tti varjoonsa kaiken muun. H\u00e4n toimi virkailijana Shahjahanpurin alueoikeudessa yli kolmekymment\u00e4 vuotta. H\u00e4n oli naimisissa yhdeks\u00e4ntoista vuotiaasta ja h\u00e4nen vaimonsa, Bhagwati, synnytti h\u00e4nelle kaksi tyt\u00e4rt\u00e4 ja nelj\u00e4 poikaa ennen kuolemaansa 1949. Kes\u00e4kuussa 1922, kaksikymment\u00e4kaksi vuotiaana, h\u00e4n tapasi&hellip;&#8230; <a href=\"https:\/\/heartfulness.org\/fi\/babuji\/\">Read More<\/a>.<\/p>\n","protected":false},"author":4,"featured_media":0,"parent":0,"menu_order":0,"comment_status":"closed","ping_status":"closed","template":"","meta":[],"yst_prominent_words":[2053,2054,1876,1157,1248,1199,2055,15,1239,1762,1250,1249,1368,1246,1247,180],"_links":{"self":[{"href":"https:\/\/heartfulness.org\/fi\/wp-json\/wp\/v2\/pages\/4771"}],"collection":[{"href":"https:\/\/heartfulness.org\/fi\/wp-json\/wp\/v2\/pages"}],"about":[{"href":"https:\/\/heartfulness.org\/fi\/wp-json\/wp\/v2\/types\/page"}],"author":[{"embeddable":true,"href":"https:\/\/heartfulness.org\/fi\/wp-json\/wp\/v2\/users\/4"}],"replies":[{"embeddable":true,"href":"https:\/\/heartfulness.org\/fi\/wp-json\/wp\/v2\/comments?post=4771"}],"version-history":[{"count":15,"href":"https:\/\/heartfulness.org\/fi\/wp-json\/wp\/v2\/pages\/4771\/revisions"}],"predecessor-version":[{"id":11351,"href":"https:\/\/heartfulness.org\/fi\/wp-json\/wp\/v2\/pages\/4771\/revisions\/11351"}],"wp:attachment":[{"href":"https:\/\/heartfulness.org\/fi\/wp-json\/wp\/v2\/media?parent=4771"}],"wp:term":[{"taxonomy":"yst_prominent_words","embeddable":true,"href":"https:\/\/heartfulness.org\/fi\/wp-json\/wp\/v2\/yst_prominent_words?post=4771"}],"curies":[{"name":"wp","href":"https:\/\/api.w.org\/{rel}","templated":true}]}}