{"id":4767,"date":"2017-11-11T13:34:44","date_gmt":"2017-11-11T08:04:44","guid":{"rendered":"http:\/\/staging.staging.heartfulness.org\/in\/en\/?page_id=4767"},"modified":"2020-04-06T14:11:53","modified_gmt":"2020-04-06T08:41:53","slug":"lalaji","status":"publish","type":"page","link":"https:\/\/heartfulness.org\/fi\/lalaji\/","title":{"rendered":"Lalaji"},"content":{"rendered":"<div class=\"about-lalaji\">\n<div class=\"container\">\n<div class=\"row padd-t40\">\n<div class=\"col-md-12\">\n<h4 class=\"text-left font-book theme-color\">Lalaji Maharaj<\/h2>\n<p class=\"text-left master-year-info\">1873 A.D. \u2013 1931 A.D.<\/p>\n<p class=\"content-bottom padd-t20\">Shri Ram Chandra, Fatehgarhista &#8211; tuttavallisemmin Lalaji &#8211; oli Heartfulness-tradition ensimm\u00e4inen opettaja. H\u00e4n elvytti ikivanhan joogisen transmission taidon, jotta kaikki omasta henkisest\u00e4 kehityksest\u00e4\u00e4n vilpitt\u00f6m\u00e4sti kiinnostuneet voisivat kokea tietoisuuden laajenemisen sen kaikkein korkeimpaan tasoon asti<\/p>\n<p class=\"content-bottom\">Lalji oli vakuuttunut perhe-el\u00e4m\u00e4n merkityksest\u00e4 omalle kehittymiselle. Itseasiassa h\u00e4n antoi vaimolleen kunniaa inspiraatiostaan ja valppaudestaan henkisen totuuden tiell\u00e4\u00e4n.<\/p>\n<p class=\"content-bottom\">Lalaji oli luonnoltaan tyyni mutta liikuttui helposti toisten iloista ja suruista. H\u00e4n vihastui harvoin. H\u00e4n ei pit\u00e4nyt turhia puheita mutta oli taitava  kommunikoimaan ajatuksiaan ja valloittamaan kuulijoidensa syd\u00e4met. Persoonallisuudellaan, el\u00e4misen tavallaan ja k\u00e4ytt\u00e4ytymisell\u00e4\u00e4n h\u00e4n sai jokaisen rakastamaan ja kunnioittamaan itse\u00e4\u00e4n.<\/p>\n<p class=\"content-bottom\">Lalaji kykeni her\u00e4tt\u00e4m\u00e4\u00e4n ihmisen henkisen kehityksen alkuun silm\u00e4nr\u00e4p\u00e4yksess\u00e4 muttei pit\u00e4nyt mink\u00e4\u00e4nlaisesta n\u00e4yt\u00f6sm\u00e4isyydest\u00e4. P\u00e4\u00e4st\u00e4kseen irti syd\u00e4men moninaisista komplekseista, h\u00e4n pyysi seuraajiaan tekem\u00e4\u00e4n vihollisistaan yst\u00e4vi\u00e4. H\u00e4n piti moraalia olennaisena asiana Itsen tiedostamisessa ja rakkaudenharjoitusta kaikkein suurimpana. H\u00e4n opetti, ett\u00e4 k\u00e4rsimykset ovat jumalallisia siunauksia, jotka k\u00e4tkev\u00e4t monia salaisuuksia.<\/p>\n<p class=\"content-bottom\">Kun Lalaji ei ollut ty\u00f6paikallaan, h\u00e4n opetti seuraajiaan ja jakoi n\u00e4ille transmissiota \u00f6isin aina aamukahteen asti. El\u00e4kkeelle j\u00e4\u00e4misens\u00e4 j\u00e4lkeen v. 1929 h\u00e4n alkoi k\u00e4ytt\u00e4\u00e4 kaiken aikansa henkiselle ty\u00f6lle. H\u00e4n k\u00e4ytti kaksi, kolme tuntia joka p\u00e4iv\u00e4 kirjojen, artikkeleiden ja kirjeiden sanelemiseen. H\u00e4n oli Urdun, Persian ja Arabian kielten suuri tuntija ja osasi hyvin my\u00f6s Hindi\u00e4 ja Sanskritia. <\/p>\n<p class=\"content-bottom\">Lalaji eli yksinkertaista ja harrasta el\u00e4m\u00e4\u00e4. H\u00e4nen maineensa kiiri kauas ja monet l\u00e4hestyiv\u00e4t h\u00e4nt\u00e4 saadakseen lohdutusta ja henkist\u00e4 opastusta. H\u00e4n ei koskaan k\u00e4\u00e4nnytt\u00e4nyt ket\u00e4\u00e4n luotaan antamatta siunaustaan heid\u00e4n henkiselle kehitykselleen. H\u00e4nell\u00e4 oli kaunis, melodinen \u00e4\u00e4ni ja h\u00e4nen laulullaan oli voima koskettaa kuulijoiden sielua. T\u00e4m\u00e4n suuren oppaan ty\u00f6n ansiosta Heartfulness voi t\u00e4n\u00e4 p\u00e4iv\u00e4n\u00e4 tarjota yksinkertaisen ja tehokkaan tien kaikille henkisyydest\u00e4 kiinnostuneille<\/p>\n<p class=\"content-bottom\">Transmission taito siirtyi Lalajilta Shri Ram Chandralle, Shahjahanpurista(known as <a href=\"babuji\" class=\"link-color\">Babuji<\/a>) , josta tuli Heartfulness-tradition toinen opas.\n<\/p>\n<\/p><\/div><\/div><\/div>\n<\/div>\n","protected":false},"excerpt":{"rendered":"<p>Lalaji Maharaj 1873 A.D. \u2013 1931 A.D. Shri Ram Chandra, Fatehgarhista &#8211; tuttavallisemmin Lalaji &#8211; oli Heartfulness-tradition ensimm\u00e4inen opettaja. H\u00e4n elvytti ikivanhan joogisen transmission taidon, jotta kaikki omasta henkisest\u00e4 kehityksest\u00e4\u00e4n vilpitt\u00f6m\u00e4sti kiinnostuneet voisivat kokea tietoisuuden laajenemisen sen kaikkein korkeimpaan tasoon asti Lalji oli vakuuttunut perhe-el\u00e4m\u00e4n merkityksest\u00e4 omalle kehittymiselle. Itseasiassa h\u00e4n antoi vaimolleen kunniaa inspiraatiostaan ja valppaudestaan henkisen totuuden tiell\u00e4\u00e4n. Lalaji&hellip;&#8230; <a href=\"https:\/\/heartfulness.org\/fi\/lalaji\/\">Read More<\/a>.<\/p>\n","protected":false},"author":4,"featured_media":0,"parent":0,"menu_order":0,"comment_status":"closed","ping_status":"closed","template":"","meta":[],"yst_prominent_words":[2054,2079,167,1754,15,1242,2043,1239,1762,36,2014,165,1246,2059,164,160,180,1204,35,1816],"_links":{"self":[{"href":"https:\/\/heartfulness.org\/fi\/wp-json\/wp\/v2\/pages\/4767"}],"collection":[{"href":"https:\/\/heartfulness.org\/fi\/wp-json\/wp\/v2\/pages"}],"about":[{"href":"https:\/\/heartfulness.org\/fi\/wp-json\/wp\/v2\/types\/page"}],"author":[{"embeddable":true,"href":"https:\/\/heartfulness.org\/fi\/wp-json\/wp\/v2\/users\/4"}],"replies":[{"embeddable":true,"href":"https:\/\/heartfulness.org\/fi\/wp-json\/wp\/v2\/comments?post=4767"}],"version-history":[{"count":15,"href":"https:\/\/heartfulness.org\/fi\/wp-json\/wp\/v2\/pages\/4767\/revisions"}],"predecessor-version":[{"id":11352,"href":"https:\/\/heartfulness.org\/fi\/wp-json\/wp\/v2\/pages\/4767\/revisions\/11352"}],"wp:attachment":[{"href":"https:\/\/heartfulness.org\/fi\/wp-json\/wp\/v2\/media?parent=4767"}],"wp:term":[{"taxonomy":"yst_prominent_words","embeddable":true,"href":"https:\/\/heartfulness.org\/fi\/wp-json\/wp\/v2\/yst_prominent_words?post=4767"}],"curies":[{"name":"wp","href":"https:\/\/api.w.org\/{rel}","templated":true}]}}