{"id":202,"date":"2017-02-17T13:17:55","date_gmt":"2017-02-17T07:47:55","guid":{"rendered":"http:\/\/staging.staging.heartfulness.org\/in\/en\/?page_id=202"},"modified":"2020-04-16T20:59:05","modified_gmt":"2020-04-16T15:29:05","slug":"connect-with-us","status":"publish","type":"page","link":"https:\/\/heartfulness.org\/fi\/connect-with-us\/","title":{"rendered":"Connect With Us"},"content":{"rendered":"<div class=\"connect-banner pt-4\">\n<div class=\"hfn-container px-4\">\n<div class=\"row\">\n<div class=\"col-md-6 py-5\">\n<h2 class=\"gotham-medium text-white\">Ota meihin yhteytt\u00e4<\/h2>\n<h5 class=\"text-white gotham-light\">Heartfulness on hiljainen, ikiaikainen virta, joka koskettaa meit\u00e4 jokaista.<\/h5>\n<\/div>\n<\/div>\n<\/div>\n<\/div>\n<div class=\"hfn-container px-4\">\n<div class=\"row\">\n<div class=\"col-md-6 py-5\">\n<img src=\"\/\/prodwritenode.heartfulness.org\/fi\/wp-content\/uploads\/2020\/04\/contact-call-banner-img.png\">\n<\/div>\n<div class=\"col-md-6\">\n<div class=\"newcontact-form-sec mt-md-n5\">\n<div class=\"bg-light rounded-top shadow-sm p-4 mt-md-n5\">\n<h3 class=\"gotham-medium theme-color\">Tutustu Heartfulness<\/h3>\n<h6>T\u00e4yt\u00e4 rekister\u00f6intikaavake transmission kanssa tapahtuvaan Heartfulness-meditaatioon. Meditaatioistunnot voidaan toteuttaa et\u00e4isyyden p\u00e4\u00e4st\u00e4 tai kahdenkeskisiss\u00e4 tapaamisissa, niin kuin sinulle ja Heartfulness-ohjaajallesi on sopivinta<\/h6>\n<\/div>\n<\/div>\n<div class=\"rounded-bottom bg-white shadow px-4 py-3 pb-5 col-md-12\">\n<div id=\"registersub\">\n<div class=\"main main-login main-center\">\n<form id=\"regform\" action=\"#\" method=\"post\">\n<div class=\"row d-block\">\n<div class=\"input-field col s12 m6\">\n<div class=\"hfn-input-group\"><i class=\"material-icons prefix\">account_circle<\/i><input id=\"firstName\" class=\"validate\" name=\"firstName\" type=\"text\" \/><label for=\"icon_prefix\">First Name<\/label><span class=\"errmsgfname error-text red-text\"><\/span><\/div>\n<\/div>\n<div class=\"input-field col s12 m6\">\n<div class=\"hfn-input-group\"><i class=\"material-icons prefix\">account_circle<\/i><input id=\"lastName\" class=\"validate\" name=\"lastName\" type=\"text\" \/><label for=\"icon_prefix\">Last Name<\/label><span class=\"errmsglname error-text red-text\"><\/span><\/div>\n<\/div>\n<\/div>\n<div class=\"row d-block\">\n<div class=\"input-field col s12 m6\">\n<div class=\"hfn-input-group\"><i class=\"material-icons prefix\">email<\/i><input id=\"userEmail\" class=\"validate\" name=\"userEmail\" type=\"email\" \/><label for=\"icon_prefix\">Email Id<\/label><span class=\"errmsgemail error-text red-text\"><\/span><\/div>\n<\/div>\n<div class=\"input-field col s12 m6\">\n<div class=\"hfn-input-group\"><i class=\"material-icons prefix\">phone<\/i><input id=\"icon_telephone\" class=\"validate\" name=\"phoneNumber\" type=\"tel\" \/><label for=\"icon_telephone\">Phone No<\/label><\/div>\n<\/div>\n<\/div>\n<div class=\"row d-block\">\n<div class=\"input-field col s12\">\n<div class=\"hfn-input-group\"><i class=\"material-icons prefix\">language<\/i><select id=\"country\" class=\"countryselect\" name=\"country\"><option selected=\"selected\" value>&#8211; Select Country &#8211;<\/option><option value=\"India\">India<\/option><option value=\"United States\">United States<\/option><option value=\"Afghanistan\">Afghanistan<\/option><option value=\"Albania\">Albania<\/option><option value=\"Algeria\">Algeria<\/option><option value=\"Andorra\">Andorra<\/option><option value=\"Angola\">Angola<\/option><option value=\"Antigua and Barbuda\">Antigua and Barbuda<\/option><option value=\"Argentina\">Argentina<\/option><option value=\"Armenia\">Armenia<\/option><option value=\"Australia\">Australia<\/option><option value=\"Austria\">Austria<\/option><option value=\"Azerbaijan\">Azerbaijan<\/option><option value=\"Bahamas\">Bahamas<\/option><option value=\"Bahrain\">Bahrain<\/option><option value=\"Bangladesh\">Bangladesh<\/option><option value=\"Barbados\">Barbados<\/option><option value=\"Belarus\">Belarus<\/option><option value=\"Belgium\">Belgium<\/option><option value=\"Belize\">Belize<\/option><option value=\"Benin\">Benin<\/option><option value=\"Bhutan\">Bhutan<\/option><option value=\"Bolivia\">Bolivia<\/option><option value=\"Bosnia and Herzegovina\">Bosnia and Herzegovina<\/option><option value=\"Botswana\">Botswana<\/option><option value=\"Brazil\">Brazil<\/option><option value=\"Brunei\">Brunei<\/option><option value=\"Bulgaria\">Bulgaria<\/option><option value=\"Burkina Faso\">Burkina Faso<\/option><option value=\"Burundi\">Burundi<\/option><option value=\"Cambodia\">Cambodia<\/option><option value=\"Cameroon\">Cameroon<\/option><option value=\"Canada\">Canada<\/option><option value=\"Cape Verde\">Cape Verde<\/option><option value=\"Cayman Islands\">Cayman Islands<\/option><option value=\"Central African Republic\">Central African Republic<\/option><option value=\"Chad\">Chad<\/option><option value=\"Chile\">Chile<\/option><option value=\"China\">China<\/option><option value=\"Colombi\">Colombi<\/option><option value=\"Comoros\">Comoros<\/option><option value=\"Congo (Brazzaville)\">Congo (Brazzaville)<\/option><option value=\"Congo\">Congo<\/option><option value=\"Costa Rica\">Costa Rica<\/option><option value=\"Cote d'Ivoire\">Cote d\u2019Ivoire<\/option><option value=\"Croatia\">Croatia<\/option><option value=\"Cuba\">Cuba<\/option><option value=\"Cyprus\">Cyprus<\/option><option value=\"Czech Republic\">Czech Republic<\/option><option value=\"Denmark\">Denmark<\/option><option value=\"Djibouti\">Djibouti<\/option><option value=\"Dominica\">Dominica<\/option><option value=\"Dominican Republic\">Dominican Republic<\/option><option value=\"East Timor (Timor Timur)\">East Timor (Timor Timur)<\/option><option value=\"Ecuador\">Ecuador<\/option><option value=\"Egypt\">Egypt<\/option><option value=\"El Salvador\">El Salvador<\/option><option value=\"Equatorial Guinea\">Equatorial Guinea<\/option><option value=\"Eritrea\">Eritrea<\/option><option value=\"Estonia\">Estonia<\/option><option value=\"Ethiopia\">Ethiopia<\/option><option value=\"Fiji\">Fiji<\/option><option value=\"Finland\">Finland<\/option><option value=\"France\">France<\/option><option value=\"Gabon\">Gabon<\/option><option value=\"Gambia, The Georgia\">Gambia, The Georgia<\/option><option value=\"Germany\">Germany<\/option><option value=\"Ghana\">Ghana<\/option><option value=\"Greece\">Greece<\/option><option value=\"Grenada\">Grenada<\/option><option value=\"Guatemala\">Guatemala<\/option><option value=\"Guinea\">Guinea<\/option><option value=\"Guinea-Bissau\">Guinea-Bissau<\/option><option value=\"Guyana\">Guyana<\/option><option value=\"Haiti\">Haiti<\/option><option value=\"Honduras\">Honduras<\/option><option value=\"Hungary\">Hungary<\/option><option value=\"Iceland\">Iceland<\/option><option value=\"Indonesia\">Indonesia<\/option><option value=\"Iran\">Iran<\/option><option value=\"Iraq\">Iraq<\/option><option value=\"Ireland\">Ireland<\/option><option value=\"Israel\">Israel<\/option><option value=\"Italy\">Italy<\/option><option value=\"Jamaica\">Jamaica<\/option><option value=\"Japan\">Japan<\/option><option value=\"Jordan\">Jordan<\/option><option value=\"Kazakhstan\">Kazakhstan<\/option><option value=\"Kenya\">Kenya<\/option><option value=\"Kiribati\">Kiribati<\/option><option value=\"Korea, North\">Korea, North<\/option><option value=\"Korea, South\">Korea, South<\/option><option value=\"Kuwait\">Kuwait<\/option><option value=\"Kyrgyzstan\">Kyrgyzstan<\/option><option value=\"Laos\">Laos<\/option><option value=\"Latvia\">Latvia<\/option><option value=\"Lebanon\">Lebanon<\/option><option value=\"Lesotho\">Lesotho<\/option><option value=\"Liberia\">Liberia<\/option><option value=\"Libya\">Libya<\/option><option value=\"Liechtenstein\">Liechtenstein<\/option><option value=\"Lithuania\">Lithuania<\/option><option value=\"Luxembourg\">Luxembourg<\/option><option value=\"Macedonia\">Macedonia<\/option><option value=\"Madagascar\">Madagascar<\/option><option value=\"Malawi\">Malawi<\/option><option value=\"Malaysia\">Malaysia<\/option><option value=\"Maldives\">Maldives<\/option><option value=\"Mali\">Mali<\/option><option value=\"Malta\">Malta<\/option><option value=\"Marshall Islands\">Marshall Islands<\/option><option value=\"Mauritania\">Mauritania<\/option><option value=\"Mauritius\">Mauritius<\/option><option value=\"Mexico\">Mexico<\/option><option value=\"Micronesia\">Micronesia<\/option><option value=\"Moldova\">Moldova<\/option><option value=\"Monaco\">Monaco<\/option><option value=\"Mongolia\">Mongolia<\/option><option value=\"Morocco\">Morocco<\/option><option value=\"Mozambique\">Mozambique<\/option><option value=\"Myanmar\">Myanmar<\/option><option value=\"Namibia\">Namibia<\/option><option value=\"Nauru\">Nauru<\/option><option value=\"Nepa\">Nepa<\/option><option value=\"Netherlands\">Netherlands<\/option><option value=\"New Zealand\">New Zealand<\/option><option value=\"Nicaragua\">Nicaragua<\/option><option value=\"Niger\">Niger<\/option><option value=\"Nigeria\">Nigeria<\/option><option value=\"Norway\">Norway<\/option><option value=\"Oman\">Oman<\/option><option value=\"Pakistan\">Pakistan<\/option><option value=\"Palau\">Palau<\/option><option value=\"Panama\">Panama<\/option><option value=\"Papua New Guinea\">Papua New Guinea<\/option><option value=\"Paraguay\">Paraguay<\/option><option value=\"Peru\">Peru<\/option><option value=\"Philippines\">Philippines<\/option><option value=\"Poland\">Poland<\/option><option value=\"Portugal\">Portugal<\/option><option value=\"Qatar\">Qatar<\/option><option value=\"Romania\">Romania<\/option><option value=\"Russia\">Russia<\/option><option value=\"Rwanda\">Rwanda<\/option><option value=\"Saint Kitts and Nevis\">Saint Kitts and Nevis<\/option><option value=\"Saint Lucia\">Saint Lucia<\/option><option value=\"Saint Vincent\">Saint Vincent<\/option><option value=\"Samoa\">Samoa<\/option><option value=\"San Marino\">San Marino<\/option><option value=\"Sao Tome and Principe\">Sao Tome and Principe<\/option><option value=\"Saudi Arabia\">Saudi Arabia<\/option><option value=\"Senegal\">Senegal<\/option><option value=\"Serbia and Montenegro\">Serbia and Montenegro<\/option><option value=\"Seychelles\">Seychelles<\/option><option value=\"Sierra Leone\">Sierra Leone<\/option><option value=\"Singapore\">Singapore<\/option><option value=\"Slovakia\">Slovakia<\/option><option value=\"Slovenia\">Slovenia<\/option><option value=\"Solomon Islands\">Solomon Islands<\/option><option value=\"Somalia\">Somalia<\/option><option value=\"South Africa\">South Africa<\/option><option value=\"Spain\">Spain<\/option><option value=\"Sri Lanka\">Sri Lanka<\/option><option value=\"Sudan\">Sudan<\/option><option value=\"Suriname\">Suriname<\/option><option value=\"Swaziland\">Swaziland<\/option><option value=\"Sweden\">Sweden<\/option><option value=\"Switzerland\">Switzerland<\/option><option value=\"Syria\">Syria<\/option><option value=\"Taiwan\">Taiwan<\/option><option value=\"Tajikistan\">Tajikistan<\/option><option value=\"Tanzania\">Tanzania<\/option><option value=\"Thailand\">Thailand<\/option><option value=\"Togo\">Togo<\/option><option value=\"Tonga\">Tonga<\/option><option value=\"Trinidad and Tobago\">Trinidad and Tobago<\/option><option value=\"Tunisia\">Tunisia<\/option><option value=\"Turkey\">Turkey<\/option><option value=\"Turkmenistan\">Turkmenistan<\/option><option value=\"Tuvalu\">Tuvalu<\/option><option value=\"Uganda\">Uganda<\/option><option value=\"Ukraine\">Ukraine<\/option><option value=\"United Arab Emirates\">United Arab Emirates<\/option><option value=\"United Kingdom\">United Kingdom<\/option><option value=\"Uruguay\">Uruguay<\/option><option value=\"Uzbekistan\">Uzbekistan<\/option><option value=\"Vanuatu\">Vanuatu<\/option><option value=\"Vatican City\">Vatican City<\/option><option value=\"Venezuela\">Venezuela<\/option><option value=\"Vietnam\">Vietnam<\/option><option value=\"Yemen\">Yemen<\/option><option value=\"Zambia\">Zambia<\/option><option value=\"Zimbabwe\">Zimbabwe<\/option><\/select><span class=\"errmsgcountry error-text red-text\"><\/span><\/div>\n<\/div>\n<\/div>\n<div class=\"row\">\n<div class=\"input-field col s12\">\n<div class=\"hfn-input-group\"><input id=\"gendermale\" class=\"with-gap\" checked=\"checked\" name=\"gender\" type=\"radio\" value=\"Male\" \/><label for=\"gendermale\">Male<\/label>\u00a0<input id=\"genderfemale\" class=\"with-gap\" name=\"gender\" type=\"radio\" value=\"Female\" \/><label for=\"genderfemale\">Female<\/label><\/div>\n<\/div>\n<\/div>\n<div class=\"row\">\n<div class=\"input-field col s12\">\n<div class=\"hfn-input-group\"><label for=\"terms\"><input id=\"terms\" class=\"filled-in\" name=\"terms\" type=\"checkbox\" value=\"yes\" \/><span>I am either over 18 years of age or have parental consent and agree to <a href=\"\/en\/terms\/\" target=\"_blank\" rel=\"noopener noreferrer\">terms of use<\/a><\/span><br \/>\n<span class=\"errmsgterm error-text red-text\"><\/span><\/label><\/div>\n<\/div>\n<\/div>\n<div><input type=\"hidden\" class=\"form-control\" name=\"source\" id=\"source\" \/><\/div>\n<div class=\"row pt-3\">\n<div class=\"input-field col s12 hfn-mag-check\">\n<div class=\"hfn-input-group\"><label for=\"newsletter\"><input id=\"newsletter\" class=\"filled-in\" checked=\"checked\" name=\"newsletter\" type=\"checkbox\" value=\"yes\" \/><span>Subscribe to Heartfulness Magazine\/Newsletters<\/span><\/label><\/div>\n<\/div>\n<\/div>\n<div class=\"row\">\n<div class=\"input-field col s12 hfn-connect-captcha\">\n<div class=\"hfn-input-group\">\n<div class=\"g-recaptcha\" data-sitekey=\"6LeQgEYUAAAAAD22rx_i62OKQ4W6Zlv2bhXN4kKy\" style=\"margin-top:20px;\"><\/div>\n<p><span class=\"errmsgcaptcha captcha-error-text red-text\"><\/span>\n<\/div>\n<\/div>\n<\/div>\n<div class=\"row\">\n<div id=\"wait\" class=\"form-group\" style=\"display: none; padding: 2px; margin-bottom: 0px !important; text-align: center;\"><img loading=\"lazy\" src=\"\/\/prodwritenode.heartfulness.org\/fi\/wp-content\/uploads\/2020\/04\/demo_wait.gif\" width=\"20\" height=\"20\" \/><br \/>\nLoading..<\/div>\n<div class=\"alert alert-success\"><\/div>\n<div class=\"alert alert-danger\"><\/div>\n<div class=\"col s12\"><input class=\"btn login-button hfn-colorbtn w-100  border-0\" type=\"submit\" value=\"Submit\" \/><\/div>\n<\/div>\n<\/form><\/div>\n<\/div>\n<\/div>\n<\/div>\n<\/div>\n<\/div>\n<div class=\"hfn-container py-5 px-4\">\n<div class=\"row\">\n<div class=\"col-lg-4 col-md-6 newcontact-box-height\">\n<div class=\"bg-white shadow my-4 p-4\">\n<img src=\"\/\/prodwritenode.heartfulness.org\/fi\/wp-content\/uploads\/2020\/04\/contact-user-img.png\" class=\"shadow rounded p-3\" style=\"background: #0680BB;\"><\/p>\n<h4 class=\"theme-color mt-3 mb-2\">Connect<\/h4>\n<h6 class=\"gotham-light\">Toivomme yhteydenottoasi, kirjoita meille: finland@heartfulness.org. Kutsu joku, josta v\u00e4lit\u00e4t tutustumaan Heartfulness-meditaatioon<\/h6>\n<\/div>\n<\/div>\n<div class=\"col-lg-4 col-md-6 newcontact-box-height\">\n<div class=\"bg-white shadow my-4 p-4\">\n<img src=\"\/\/prodwritenode.heartfulness.org\/fi\/wp-content\/uploads\/2020\/04\/contact-call-img.png\" class=\"shadow rounded p-3\" style=\"background: #878A8D;\"><\/p>\n<h4 class=\"theme-color mt-3 mb-2\">Puhelin <\/h4>\n<h6 class=\"gotham-light\">Finland: 00358 50 5340783<\/h6>\n<h6 class=\"gotham-light\">WhatsApp: 00358 50 5340783<\/h6>\n<\/div>\n<\/div>\n<div class=\"col-lg-4 col-md-6 newcontact-box-height\">\n<div class=\"bg-white shadow my-4 p-4\">\n<img src=\"\/\/prodwritenode.heartfulness.org\/fi\/wp-content\/uploads\/2020\/04\/contact-mail-img.png\" class=\"shadow rounded p-3\" style=\"background: #D21B68;\"><\/p>\n<h4 class=\"theme-color mt-3 mb-2\">S\u00e4hk\u00f6posti  <\/h4>\n<h6 class=\"gotham-light\">Finland : finland@heartfulness.org<\/h6>\n<h6 class=\"gotham-light\">Rest of the World : info@heartfulness.org<\/h6>\n<\/div>\n<\/div>\n<\/div>\n<\/div>\n<div class=\"container px-4 pb-5\">\n<div class=\"row\">\n<div class=\"col-md-12 pb-4\">\n<div class=\"bg-white shadow my-2 p-5\" style=\"border-top: 5px groove #089EC8; \">\n<h5 class=\"gotham-light\">Heartfulness-ohjaaja ottaa sinuun yhteytt\u00e4 s\u00e4hk\u00f6postin kautta ja saat kolme tai nelj\u00e4 ohjattua meditaatio-istuntoa per\u00e4kk\u00e4isin\u00e4 p\u00e4ivin\u00e4. N\u00e4m\u00e4 istunnot voidaan toteuttaa siten, kuin teille molemmille on sopivinta: et\u00e4isyyden p\u00e4\u00e4st\u00e4 tai sovituissa tapaamisissa. Heartfulness-meditaatio, siihen liittyv\u00e4t istunnot ja kaikki t\u00e4ll\u00e4 sivustolla annettu opetus on maksutonta. Sinulle tullaan l\u00e4hett\u00e4m\u00e4\u00e4n Heartfulness-tiedote, joka auttaa sinua eteenp\u00e4in henkisell\u00e4 matkallasi.<\/h5>\n<\/div>\n<\/div>\n<\/div>\n<\/div>\n","protected":false},"excerpt":{"rendered":"<p>Ota meihin yhteytt\u00e4 Heartfulness on hiljainen, ikiaikainen virta, joka koskettaa meit\u00e4 jokaista. Tutustu Heartfulness T\u00e4yt\u00e4 rekister\u00f6intikaavake transmission kanssa tapahtuvaan Heartfulness-meditaatioon. Meditaatioistunnot voidaan toteuttaa et\u00e4isyyden p\u00e4\u00e4st\u00e4 tai kahdenkeskisiss\u00e4 tapaamisissa, niin kuin sinulle ja Heartfulness-ohjaajallesi on sopivinta account_circleFirst Name account_circleLast Name emailEmail Id phonePhone No language&#8211; Select Country &#8211;IndiaUnited StatesAfghanistanAlbaniaAlgeriaAndorraAngolaAntigua and BarbudaArgentinaArmeniaAustraliaAustriaAzerbaijanBahamasBahrainBangladeshBarbadosBelarusBelgiumBelizeBeninBhutanBoliviaBosnia and HerzegovinaBotswanaBrazilBruneiBulgariaBurkina FasoBurundiCambodiaCameroonCanadaCape VerdeCayman IslandsCentral African RepublicChadChileChinaColombiComorosCongo (Brazzaville)CongoCosta RicaCote d\u2019IvoireCroatiaCubaCyprusCzech&hellip;&#8230; <a href=\"https:\/\/heartfulness.org\/fi\/connect-with-us\/\">Read More<\/a>.<\/p>\n","protected":false},"author":4,"featured_media":0,"parent":0,"menu_order":0,"comment_status":"closed","ping_status":"closed","template":"","meta":[],"yst_prominent_words":[2052,21,23,27,16,28,15,13,19,31,30,2051,18,20,2049,29,2050,24,25,26],"_links":{"self":[{"href":"https:\/\/heartfulness.org\/fi\/wp-json\/wp\/v2\/pages\/202"}],"collection":[{"href":"https:\/\/heartfulness.org\/fi\/wp-json\/wp\/v2\/pages"}],"about":[{"href":"https:\/\/heartfulness.org\/fi\/wp-json\/wp\/v2\/types\/page"}],"author":[{"embeddable":true,"href":"https:\/\/heartfulness.org\/fi\/wp-json\/wp\/v2\/users\/4"}],"replies":[{"embeddable":true,"href":"https:\/\/heartfulness.org\/fi\/wp-json\/wp\/v2\/comments?post=202"}],"version-history":[{"count":87,"href":"https:\/\/heartfulness.org\/fi\/wp-json\/wp\/v2\/pages\/202\/revisions"}],"predecessor-version":[{"id":11520,"href":"https:\/\/heartfulness.org\/fi\/wp-json\/wp\/v2\/pages\/202\/revisions\/11520"}],"wp:attachment":[{"href":"https:\/\/heartfulness.org\/fi\/wp-json\/wp\/v2\/media?parent=202"}],"wp:term":[{"taxonomy":"yst_prominent_words","embeddable":true,"href":"https:\/\/heartfulness.org\/fi\/wp-json\/wp\/v2\/yst_prominent_words?post=202"}],"curies":[{"name":"wp","href":"https:\/\/api.w.org\/{rel}","templated":true}]}}