{"id":9144,"date":"2020-11-01T01:32:48","date_gmt":"2020-11-01T01:32:48","guid":{"rendered":"https:\/\/www.e-test.work\/?page_id=200"},"modified":"2022-03-15T06:35:59","modified_gmt":"2022-03-15T01:05:59","slug":"la-ciencia-de-la-espiritualidad","status":"publish","type":"page","link":"https:\/\/heartfulness.org\/es\/la-ciencia-de-la-espiritualidad\/","title":{"rendered":"La ciencia de la espiritualidad"},"content":{"rendered":"\n<p class=\"has-vivid-cyan-blue-color has-text-color\"><strong>LA CIENCIA DE LA ESPIRITUALIDAD<\/strong><\/p>\n\n\n\n<p><strong><em>Por Kamlesh D Patel<\/em><\/strong><\/p>\n\n\n\n<div class=\"wp-block-columns is-layout-flex wp-container-core-columns-layout-1 wp-block-columns-is-layout-flex\">\n<div class=\"wp-block-column is-layout-flow wp-block-column-is-layout-flow\">\n<p>En este momento de la historia humana, todos tenemos la oportunidad de experimentar esta oferta transformadora de la vida desde la Fuente, donde sea que estemos. En las \u00faltimas d\u00e9cadas, la meditaci\u00f3n ha adquirido un reconocimiento universal por sus numerosos efectos positivos. Hay muchos m\u00e9todos de meditaci\u00f3n disponibles y es posible que todos sean buenos. La t\u00e9cnica de meditaci\u00f3n Heartfulness tambi\u00e9n es buena, pero lo que la hace \u00fanica es la adici\u00f3n de otro elemento conocido como <em>pranahuti<\/em> o transmisi\u00f3n y\u00f3guica.<\/p>\n\n\n\n<p><strong><em>\u201cLa transmisi\u00f3n y\u00f3guica hace que la meditaci\u00f3n sea realmente din\u00e1mica\u201d<\/em><\/strong><\/p>\n\n\n\n<p class=\"has-vivid-cyan-blue-color has-text-color\"><a rel=\"noreferrer noopener\" href=\"https:\/\/www.heartfulnessmagazine.com\/transmission\/\" data-type=\"URL\" data-id=\"https:\/\/www.heartfulnessmagazine.com\/transmission\/\" target=\"_blank\">Art\u00edculo en ingl\u00e9s<\/a> \u00a0 | <a href=\"https:\/\/cdn-web.heartfulness.org\/es\/wp-content\/uploads\/2022\/03\/Ciencia-de-la-espiritualidad_Kamlesh-D-Patel.pdf\" data-type=\"URL\" data-id=\"https:\/\/cdn-web.heartfulness.org\/es\/wp-content\/uploads\/2022\/03\/Ciencia-de-la-espiritualidad_Kamlesh-D-Patel.pdf\" target=\"_blank\" rel=\"noreferrer noopener\">Art\u00edculo en espa\u00f1ol\u00a0<\/a><\/p>\n<\/div>\n\n\n\n<div class=\"wp-block-column is-layout-flow wp-block-column-is-layout-flow\">\n<div class=\"wp-block-image\"><figure class=\"aligncenter size-large\"><img decoding=\"async\" src=\"https:\/\/www.e-test.work\/wp-content\/uploads\/2020\/11\/transmission1.jpg\" alt=\"\" class=\"wp-image-324\"\/><\/figure><\/div>\n<\/div>\n<\/div>\n\n\n\n<p class=\"has-text-align-center\">Una sesi\u00f3n de meditaci\u00f3n con transmisi\u00f3n y\u00f3guica puede ayudarle a percibir los efectos de la meditaci\u00f3n m\u00e1s profundamente. Cuando se sienta listo, le invitamos a experimentar los beneficios \u00fanicos de la transmisi\u00f3n y\u00f3guica en una sesi\u00f3n guiada con un facilitador Heartfulness.&nbsp;<\/p>\n\n\n\n<p class=\"has-text-align-center\">\u00a1No se necesita fe o conocimientos para experimentar!&nbsp;<\/p>\n\n\n\n<p class=\"has-text-align-center\">Simplemente \u00a1h\u00e1galo y si\u00e9ntalo!<\/p>\n\n\n\n<p class=\"has-text-align-center has-vivid-cyan-blue-color has-text-color\"><a href=\"https:\/\/heartfulness.org\/es\/cerca-de-ti-espana\/\" data-type=\"URL\" data-id=\"https:\/\/heartfulness.org\/es\/cerca-de-ti-espana\/\">Medita con un facilitador<\/a><\/p>\n\n\n\n<p class=\"has-text-align-center\">Las sesiones de meditaci\u00f3n con un facilitador Heartfulness siempre son gratuitas.&nbsp;<\/p>\n","protected":false},"excerpt":{"rendered":"<p>LA CIENCIA DE LA ESPIRITUALIDAD Por Kamlesh D Patel En este momento de la historia humana, todos tenemos la oportunidad de experimentar esta oferta transformadora de la vida desde la Fuente, donde sea que estemos. En las \u00faltimas d\u00e9cadas, la meditaci\u00f3n ha adquirido un reconocimiento universal por sus numerosos efectos positivos. Hay muchos m\u00e9todos de&hellip; <br \/> <a class=\"button small blue\" href=\"https:\/\/heartfulness.org\/es\/la-ciencia-de-la-espiritualidad\/\">Read more<\/a><\/p>\n","protected":false},"author":29,"featured_media":0,"parent":0,"menu_order":0,"comment_status":"closed","ping_status":"closed","template":"","meta":{"footnotes":""},"_links":{"self":[{"href":"https:\/\/heartfulness.org\/es\/wp-json\/wp\/v2\/pages\/9144"}],"collection":[{"href":"https:\/\/heartfulness.org\/es\/wp-json\/wp\/v2\/pages"}],"about":[{"href":"https:\/\/heartfulness.org\/es\/wp-json\/wp\/v2\/types\/page"}],"author":[{"embeddable":true,"href":"https:\/\/heartfulness.org\/es\/wp-json\/wp\/v2\/users\/29"}],"replies":[{"embeddable":true,"href":"https:\/\/heartfulness.org\/es\/wp-json\/wp\/v2\/comments?post=9144"}],"version-history":[{"count":2,"href":"https:\/\/heartfulness.org\/es\/wp-json\/wp\/v2\/pages\/9144\/revisions"}],"predecessor-version":[{"id":9327,"href":"https:\/\/heartfulness.org\/es\/wp-json\/wp\/v2\/pages\/9144\/revisions\/9327"}],"wp:attachment":[{"href":"https:\/\/heartfulness.org\/es\/wp-json\/wp\/v2\/media?parent=9144"}],"curies":[{"name":"wp","href":"https:\/\/api.w.org\/{rel}","templated":true}]}}