{"id":9143,"date":"2020-11-01T01:30:24","date_gmt":"2020-11-01T01:30:24","guid":{"rendered":"https:\/\/www.e-test.work\/?page_id=196"},"modified":"2020-11-01T01:30:24","modified_gmt":"2020-11-01T01:30:24","slug":"el-camino-de-la-experiencia","status":"publish","type":"page","link":"https:\/\/heartfulness.org\/es\/el-camino-de-la-experiencia\/","title":{"rendered":"El Camino de la Experiencia"},"content":{"rendered":"\n<p class=\"has-vivid-cyan-blue-color has-text-color\"><strong>El Camino de la Experiencia<\/strong><\/p>\n\n\n\n<p class=\"has-text-align-center\"><em>\u201cLa experiencia es la fuente de donde el verdadero conocimiento comienza.\u201d<\/em><\/p>\n\n\n\n<div class=\"wp-block-columns is-layout-flex wp-container-core-columns-layout-1 wp-block-columns-is-layout-flex\">\n<div class=\"wp-block-column is-layout-flow wp-block-column-is-layout-flow\">\n<p>&nbsp;Aprendemos de muchas fuentes como las escrituras, conferencias espirituales y libros modernos sobre la espiritualidad. Pero cuando la conferencia termina o cuando terminamos de leer el libro, seguimos siendo los mismos que antes. La experiencia es el oro que respalda la moneda del conocimiento. Sin experiencia, todo el conocimiento permanece abstracto y vac\u00edo. A\u00fan no es nuestro.<\/p>\n\n\n\n<p>Heartfulness es un camino para experimentar nuestro Ser interior. Nos ense\u00f1a a sumergirnos en lo profundo de nuestro coraz\u00f3n y a permanecer en un estado natural de amor, paz y calma. Cuando se practica con regularidad, la meditaci\u00f3n nos ayuda a estar en sinton\u00eda con nuestro coraz\u00f3n y a desarrollar la capacidad de permanecer tranquilos y equilibrados todo el tiempo.&nbsp;<\/p>\n<\/div>\n\n\n\n<div class=\"wp-block-column is-layout-flow wp-block-column-is-layout-flow\">\n<iframe loading=\"lazy\" width=\"560\" height=\"315\" src=\"https:\/\/www.youtube.com\/embed\/j5ABqSeHga0\" frameborder=\"0\" allow=\"accelerometer; autoplay; clipboard-write; encrypted-media; gyroscope; picture-in-picture\" allowfullscreen=\"\"><\/iframe>\n<\/div>\n<\/div>\n","protected":false},"excerpt":{"rendered":"<p>El Camino de la Experiencia \u201cLa experiencia es la fuente de donde el verdadero conocimiento comienza.\u201d &nbsp;Aprendemos de muchas fuentes como las escrituras, conferencias espirituales y libros modernos sobre la espiritualidad. Pero cuando la conferencia termina o cuando terminamos de leer el libro, seguimos siendo los mismos que antes. La experiencia es el oro que&hellip; <br \/> <a class=\"button small blue\" href=\"https:\/\/heartfulness.org\/es\/el-camino-de-la-experiencia\/\">Read more<\/a><\/p>\n","protected":false},"author":29,"featured_media":0,"parent":0,"menu_order":0,"comment_status":"closed","ping_status":"closed","template":"","meta":{"footnotes":""},"_links":{"self":[{"href":"https:\/\/heartfulness.org\/es\/wp-json\/wp\/v2\/pages\/9143"}],"collection":[{"href":"https:\/\/heartfulness.org\/es\/wp-json\/wp\/v2\/pages"}],"about":[{"href":"https:\/\/heartfulness.org\/es\/wp-json\/wp\/v2\/types\/page"}],"author":[{"embeddable":true,"href":"https:\/\/heartfulness.org\/es\/wp-json\/wp\/v2\/users\/29"}],"replies":[{"embeddable":true,"href":"https:\/\/heartfulness.org\/es\/wp-json\/wp\/v2\/comments?post=9143"}],"version-history":[{"count":0,"href":"https:\/\/heartfulness.org\/es\/wp-json\/wp\/v2\/pages\/9143\/revisions"}],"wp:attachment":[{"href":"https:\/\/heartfulness.org\/es\/wp-json\/wp\/v2\/media?parent=9143"}],"curies":[{"name":"wp","href":"https:\/\/api.w.org\/{rel}","templated":true}]}}