{"id":569,"date":"2017-05-15T15:09:18","date_gmt":"2017-05-15T09:39:18","guid":{"rendered":"http:\/\/staging.prod.heartfulness.org\/in\/en\/?page_id=569"},"modified":"2020-05-20T22:05:52","modified_gmt":"2020-05-20T16:35:52","slug":"about-heartfulness","status":"publish","type":"page","link":"https:\/\/heartfulness.org\/es\/about-heartfulness\/","title":{"rendered":"About Heartfulness"},"content":{"rendered":"<p>[vc_row][vc_column][vc_column_text]<\/p>\n<div class=\"about grey lighten-2 padd-tb45\">\n<div class=\"container\">\n<div class=\"row\">\n<div class=\"col-md-12\">\n<h2 id=\"about-text-big\" class=\"font-book text-center\">El camino de la Humanidad hacia adelante es a trav\u00e9s del coraz\u00f3n<\/h2>\n<div class=\"row padd-tb25\">\n<div class=\"col-md-6 cat-img-col\"><img decoding=\"async\" class=\"img-responsive\" src=\"\/\/cdn-prod.heartfulness.org\/hfn\/images\/2017\/oct\/hfn-about-us-img.png\" alt=\"Humanity\u2019s way forward is through the heart\" \/><\/div>\n<div class=\"col-md-6\">\n<h5 class=\"cat-block-intro\">Heartfulness es una pr\u00e1ctica de meditaci\u00f3n simple y sutil que nos conecta con la luz y el amor en nuestros corazones. A trav\u00e9s de nuestra red de miles de centros en todo el mundo <a class=\"link-color\" href=\"\/\/heartspots.heartfulness.org\" target=\"_blank\" rel=\"noopener noreferrer\"> HeartSpots <\/a> y una magnifica aplicaci\u00f3n para tel\u00e9fonos m\u00f3viles, ofrecemos al mundo una pr\u00e1ctica diaria que despierta nuestro potencial para llevar una existencia simple y alegre. Este precioso regalo para la transformaci\u00f3n humana se ofrece de forma gratuita. Obtenga m\u00e1s informaci\u00f3n:<\/h5>\n<h5 class=\"cat-block-intro padd-t15\"><a class=\"link-color\" href=\"http:\/\/www.daaji.org\/\" target=\"_blank\" rel=\"noopener noreferrer\">Daaji<\/a> | <a class=\"link-color\" href=\"http:\/\/www.heartfulnessmagazine.com\/\" target=\"_blank\" rel=\"noopener noreferrer\">Revista Heartfulness<\/a> | <a class=\"link-color\" href=\"https:\/\/play.google.com\/store\/apps\/details?id=com.letsmeditate&amp;hl=enOur app\" target=\"_blank\" rel=\"noopener noreferrer\">Nuestra Applicaci\u00f3n<\/a><\/h5>\n<\/div>\n<\/div>\n<\/div>\n<\/div>\n<\/div>\n<\/div>\n<div class=\"hfn-module-block padd-tb60 hfn-divider-single\">\n<div class=\"container\">\n<div class=\"row\">\n<div class=\"col-md-12\">\n<h1 class=\"font-book text-center\">Los 4 Maestros<\/h1>\n<div class=\"col-md-12 padd-0\">\n<div class=\"hfn-cat-hr padd-tb20\">\n<hr \/>\n<\/div>\n<\/div>\n<\/div>\n<\/div>\n<div class=\"row block-order\">\n<div class=\"col-md-6 padd-0\">\n<div class=\"cat-block-col\">\n<h4 class=\"text-right font-book theme-color\">Lalaji<\/h4>\n<p class=\"text-right master-year-info\">1873 \u2013 1931<\/p>\n<p class=\"cat-block-intro text-justify\">Shri Ram Chandra de Fatehgarh, cari\u00f1osamente conocido como Lalaji, fue el primer gur\u00fa de la tradici\u00f3n Heartfulness. \u00c9l recuper\u00f3 el antiguo arte de la Transmisi\u00f3n Y\u00f3guica para que todos los buscadores con inter\u00e9s sincero en su evoluci\u00f3n pudieran experimentarla \u2026 <a class=\"link-color\" href=\"lalaji\">Leer m\u00e1s<\/a><a class=\"link-color\" href=\"lalaji\"> &gt; <\/a><\/p>\n<\/div>\n<\/div>\n<div class=\"col-md-6 padd-0\">\n<div class=\"cat-img-col\"><img decoding=\"async\" class=\"img-responsive\" src=\"\/\/cdn-prod.heartfulness.org\/hfn\/images\/2018\/feb\/lalaji-master-history.jpg\" alt=\"Lalaji\" \/><\/div>\n<\/div>\n<\/div>\n<div class=\"row\">\n<div class=\"col-md-6 padd-0\">\n<div class=\"cat-img-col\"><img decoding=\"async\" class=\"img-responsive\" src=\"\/\/cdn-prod.heartfulness.org\/hfn\/images\/2018\/feb\/babuji-master-history.jpg\" alt=\"Babuji\" \/><\/div>\n<\/div>\n<div class=\"col-md-6 padd-0\">\n<div class=\"cat-block-col\">\n<h4 class=\"text-left font-book theme-color\">Babuji<\/h4>\n<p class=\"text-left master-year-info\">1899 \u2013 1983<\/p>\n<p class=\"cat-block-intro text-justify\">El sucesor de Lalaji tambi\u00e9n se llamaba Shri Ram Chandra, y se le conoce como Babuji. \u00c9l tambi\u00e9n vivi\u00f3 en Uttar Pradesh, en el pueblo de Shahjahanpur. Llevando una vida familiar, ejerci\u00f3 su carrera como funcionario en un juzgado local durante m\u00e1s de 30 a\u00f1os \u2026<a class=\"link-color\" href=\"babuji\">Leia mais &gt; <\/a><\/p>\n<\/div>\n<\/div>\n<\/div>\n<div class=\"row block-order\">\n<div class=\"col-md-6 padd-0\">\n<div class=\"cat-block-col\">\n<h4 class=\"text-right font-book theme-color\">Chariji<\/h4>\n<p class=\"text-right master-year-info\">1927 \u2013 2014<\/p>\n<p class=\"cat-block-intro text-justify\">El sucesor de Babuji fue Parthasarathi Rajagopalachari, y es conocido como Chariji. Naci\u00f3 cerca de Chennai en el sur de India y fue educado en el sistema brit\u00e1nico; se gradu\u00f3 en la Universidad India de Benar\u00e9s y se gradu\u00f3 en Ciencias\u2026<a class=\"link-color\" href=\"chariji\">Leia mais &gt; <\/a><\/p>\n<\/div>\n<\/div>\n<div class=\"col-md-6 padd-0\">\n<div class=\"cat-img-col\"><img decoding=\"async\" class=\"img-responsive\" src=\"\/\/cdn-prod.heartfulness.org\/hfn\/images\/2018\/feb\/chariji-master-history.jpg\" alt=\"Charji\" \/><\/div>\n<\/div>\n<\/div>\n<div class=\"row\">\n<div class=\"col-md-6 padd-0\">\n<div class=\"cat-img-col\"><img decoding=\"async\" class=\"img-responsive\" src=\"\/\/cdn-prod.heartfulness.org\/hfn\/images\/kamlesh-d-patel-daaji.png\" alt=\"Kamlesh D Patel\" \/><\/div>\n<\/div>\n<div class=\"col-md-6 padd-0\">\n<div class=\"cat-block-col\">\n<h4 class=\"text-left font-book theme-color\">Kamlesh Patel<\/h4>\n<p class=\"text-left master-year-info\">1956 \u2013hasta hoy<\/p>\n<p class=\"cat-block-intro text-justify\">Conocido por muchos como Daaji, sus ense\u00f1anzas de la meditaci\u00f3n Heartfulness surgen de su experiencia personal, a la vez que reflejan un profundo esp\u00edritu de investigaci\u00f3n y respeto por las m\u00e1s grandes tradiciones espirituales y avances cient\u00edficos \u2026<a class=\"link-color\" href=\"kamlesh-d-patel\">Leia mais &gt; <\/a><\/p>\n<\/div>\n<\/div>\n<\/div>\n<\/div>\n<\/div>\n<div class=\"about-testimonial-block padd-tb60 hfn-divider-single\">\n<div class=\"container\">\n<div class=\"row\">\n<div class=\"col-md-12 padd-0\">\n<h2 class=\"font-book text-center\">Testimoniales<\/h2>\n<div class=\"hfn-cat-hr padd-tb20\">\n<hr \/>\n<\/div>\n<\/div>\n<\/div>\n<div class=\"row\">\n<div class=\"col-md-12\">[dt_testimonials_carousel order=&#8221;asc&#8221; dis_posts_total=&#8221;20&#8243; content_layout=&#8221;layout_1&#8243; content_alignment=&#8221;center&#8221; content_bg=&#8221;n&#8221; show_avatar=&#8221;n&#8221; slides_on_wide_desk=&#8221;1&#8243; slides_on_desk=&#8221;1&#8243; slides_on_lapt=&#8221;1&#8243; slides_on_h_tabs=&#8221;1&#8243; autoplay=&#8221;y&#8221; testimonial_name=&#8221;n&#8221; testimonial_position=&#8221;n&#8221; post_content=&#8221;show_content&#8221; content_bottom_margin=&#8221;0px&#8221; next_icon=&#8221;Defaults-chevron-right&#8221; prev_icon=&#8221;Defaults-chevron-left&#8221; arrow_bg_width=&#8221;36x&#8221; arrow_border_width=&#8221;0px&#8221; arrow_icon_color=&#8221;#686868&#8243; arrow_icon_color_hover=&#8221;rgba(10,10,10,0.75)&#8221; r_arrow_icon_paddings=&#8221;0px 0px 0px 0px&#8221; r_arrow_v_offset=&#8221;0px&#8221; l_arrow_icon_paddings=&#8221;0px 0px 0px 0px&#8221; l_arrow_v_offset=&#8221;0px&#8221; category=&#8221;3455&#8243;]<\/div>\n<\/div>\n<\/div>\n<\/div>\n","protected":false},"excerpt":{"rendered":"<p>[vc_row][vc_column][vc_column_text] El camino de la Humanidad hacia adelante es a trav\u00e9s del coraz\u00f3n Heartfulness es una pr\u00e1ctica de meditaci\u00f3n simple y sutil que nos conecta con la luz y el amor en nuestros corazones. A trav\u00e9s de nuestra red de miles de centros en todo el mundo HeartSpots y una magnifica aplicaci\u00f3n para tel\u00e9fonos m\u00f3viles,&hellip; <br \/> <a class=\"button small blue\" href=\"https:\/\/heartfulness.org\/es\/about-heartfulness\/\">Read more<\/a><\/p>\n","protected":false},"author":4,"featured_media":0,"parent":0,"menu_order":0,"comment_status":"closed","ping_status":"closed","template":"","meta":{"footnotes":""},"_links":{"self":[{"href":"https:\/\/heartfulness.org\/es\/wp-json\/wp\/v2\/pages\/569"}],"collection":[{"href":"https:\/\/heartfulness.org\/es\/wp-json\/wp\/v2\/pages"}],"about":[{"href":"https:\/\/heartfulness.org\/es\/wp-json\/wp\/v2\/types\/page"}],"author":[{"embeddable":true,"href":"https:\/\/heartfulness.org\/es\/wp-json\/wp\/v2\/users\/4"}],"replies":[{"embeddable":true,"href":"https:\/\/heartfulness.org\/es\/wp-json\/wp\/v2\/comments?post=569"}],"version-history":[{"count":90,"href":"https:\/\/heartfulness.org\/es\/wp-json\/wp\/v2\/pages\/569\/revisions"}],"predecessor-version":[{"id":8955,"href":"https:\/\/heartfulness.org\/es\/wp-json\/wp\/v2\/pages\/569\/revisions\/8955"}],"wp:attachment":[{"href":"https:\/\/heartfulness.org\/es\/wp-json\/wp\/v2\/media?parent=569"}],"curies":[{"name":"wp","href":"https:\/\/api.w.org\/{rel}","templated":true}]}}