{"id":5575,"date":"2018-02-20T11:38:47","date_gmt":"2018-02-20T06:08:47","guid":{"rendered":"http:\/\/prod.heartfulness.org\/?page_id=5575"},"modified":"2019-06-12T14:01:28","modified_gmt":"2019-06-12T08:31:28","slug":"learn-the-basics","status":"publish","type":"page","link":"https:\/\/heartfulness.org\/es\/learn-the-basics\/","title":{"rendered":"Aprenda lo b\u00e1sico"},"content":{"rendered":"<div class=\"hfn-home-category-block\">\n<div class=\"container\">\n<div class=\"row\">\n<div class=\"col-md-6 padd-0\">\n<div class=\"cat-block-col\">\n<h2 class=\"text-right block-heading theme-color\">Rel\u00e1jese.<\/h2>\n<div class=\"cat-block-intro\">\n<p class=\"text-right padd-tb5 black-color\"><strong>Expanda la conciencia<\/strong><\/p>\n<p class=\"text-right\">Aprenda la Relajaci\u00f3n Heartfulness para obtener una coherencia f\u00edsico-mental y  calma, seguido de la Meditaci\u00f3n Heartfulness sobre la fuente de luz en su coraz\u00f3n para que profundice en su interior.<\/p>\n<\/p><\/div>\n<\/p><\/div>\n<\/p><\/div>\n<div class=\"col-md-6 padd-0\">\n<div class=\"cat-img-col\">\n                    <a href=\"https:\/\/youtu.be\/-bGeWAKKckc\" target=\"_blank\"><img decoding=\"async\" src=\"\/\/cdn-prod.heartfulness.org\/hfn\/images\/2018\/feb\/relax-basic.jpg\" alt=\"Relax basic\" class=\"img-responsive\"><\/a>\n                <\/div>\n<\/p><\/div>\n<\/p><\/div>\n<div class=\"row block-order\">\n<div class=\"col-md-6 padd-0\">\n<div class=\"cat-img-col\">\n                    <a href=\"https:\/\/youtu.be\/b_6-tX9U9xU\" target=\"_blank\"><img decoding=\"async\" src=\"\/\/cdn-prod.heartfulness.org\/hfn\/images\/2018\/feb\/rejuvenate-basic.jpg\" alt=\"Rejuvenate basic\" class=\"img-responsive\"><\/a><\/p><\/div>\n<div class=\"cat-sub-col\">\n<div class=\"\">\n<p class=\"text-center\">\n<\/p><\/div>\n<\/p><\/div>\n<\/p><\/div>\n<div class=\"col-md-6 padd-0\">\n<div class=\"cat-block-col\">\n<h2 class=\"text-left block-heading theme-color\">Renu\u00e9vese<\/h2>\n<div class=\"cat-block-intro \">\n<p class=\"text-leftpadd-tb5 black-color\"><strong>Sea sencillo <\/strong><\/p>\n<p class=\"text-left\">Daaji le guiar\u00e1 a trav\u00e9s de un simple m\u00e9todo renovador para desintoxicar su mente. Es \u00fatil al final del d\u00eda para dejar ir el estr\u00e9s y las emociones complejas, y le llevar\u00e1 a sentirse ligero y refrescado.<\/p>\n<\/p><\/div>\n<\/p><\/div>\n<\/p><\/div>\n<\/p><\/div>\n<div class=\"row\">\n<div class=\"col-md-6 padd-0\">\n<div class=\"cat-block-col hfn-community-block\">\n<h2 class=\"text-right block-heading theme-color\">Con\u00e9ctese<\/h2>\n<div class=\"cat-block-intro\">\n<p class=\"text-right padd-tb5 black-color\"><strong>Con su ser interior<\/strong><\/p>\n<p class=\"text-right padd-tb5\">Aprenda a conectarse con su ser interior escuchando la voz del coraz\u00f3n. Observe sus sentimientos m\u00e1s profundos, tome decisiones sabias y teje su destino.<\/p>\n<\/p><\/div>\n<\/p><\/div>\n<\/p><\/div>\n<div class=\"col-md-6  padd-0\">\n<div class=\"cat-img-col \">\n                  <a href=\"https:\/\/youtu.be\/LE_AI1Vb4C0\" target=\"_blank\"><img decoding=\"async\" src=\"\/\/cdn-prod.heartfulness.org\/hfn\/images\/2018\/feb\/connect-basic.jpg\" alt=\"Connect basic\" class=\"img-responsive\"><\/a>\n              <\/div>\n<\/p><\/div>\n<\/p><\/div>\n<\/p><\/div>\n<\/div>\n","protected":false},"excerpt":{"rendered":"<p>Rel\u00e1jese. Expanda la conciencia Aprenda la Relajaci\u00f3n Heartfulness para obtener una coherencia f\u00edsico-mental y calma, seguido de la Meditaci\u00f3n Heartfulness sobre la fuente de luz en su coraz\u00f3n para que profundice en su interior. Renu\u00e9vese Sea sencillo Daaji le guiar\u00e1 a trav\u00e9s de un simple m\u00e9todo renovador para desintoxicar su mente. Es \u00fatil al final&hellip; <br \/> <a class=\"button small blue\" href=\"https:\/\/heartfulness.org\/es\/learn-the-basics\/\">Read more<\/a><\/p>\n","protected":false},"author":11,"featured_media":0,"parent":0,"menu_order":0,"comment_status":"closed","ping_status":"closed","template":"","meta":{"footnotes":""},"_links":{"self":[{"href":"https:\/\/heartfulness.org\/es\/wp-json\/wp\/v2\/pages\/5575"}],"collection":[{"href":"https:\/\/heartfulness.org\/es\/wp-json\/wp\/v2\/pages"}],"about":[{"href":"https:\/\/heartfulness.org\/es\/wp-json\/wp\/v2\/types\/page"}],"author":[{"embeddable":true,"href":"https:\/\/heartfulness.org\/es\/wp-json\/wp\/v2\/users\/11"}],"replies":[{"embeddable":true,"href":"https:\/\/heartfulness.org\/es\/wp-json\/wp\/v2\/comments?post=5575"}],"version-history":[{"count":13,"href":"https:\/\/heartfulness.org\/es\/wp-json\/wp\/v2\/pages\/5575\/revisions"}],"predecessor-version":[{"id":7742,"href":"https:\/\/heartfulness.org\/es\/wp-json\/wp\/v2\/pages\/5575\/revisions\/7742"}],"wp:attachment":[{"href":"https:\/\/heartfulness.org\/es\/wp-json\/wp\/v2\/media?parent=5575"}],"curies":[{"name":"wp","href":"https:\/\/api.w.org\/{rel}","templated":true}]}}