{"id":4777,"date":"2017-11-11T13:44:22","date_gmt":"2017-11-11T08:14:22","guid":{"rendered":"http:\/\/staging.prod.heartfulness.org\/in\/en\/?page_id=4777"},"modified":"2019-06-12T19:35:52","modified_gmt":"2019-06-12T14:05:52","slug":"kamlesh-d-patel","status":"publish","type":"page","link":"https:\/\/heartfulness.org\/es\/kamlesh-d-patel\/","title":{"rendered":"Kamlesh D Patel"},"content":{"rendered":"<div class=\"daaji\">\n<div class=\"container\">\n<div class=\"row padd-tb50\">\n<div class=\"col-md-12\">\n<h4 class=\"text-left font-book theme-color\">Kamlesh D Patel<\/h4>\n<p class=\"text-left master-year-info\">(1956 &#8211; Present)<\/p>\n<p class=\"content-bottom padd-t20\">Kamlesh D. Patel es una voz nueva en una vieja tradici\u00f3n. Conocido por muchos como Daaji, sus ense\u00f1anzas sobre la Meditaci\u00f3n Heartfulness surgen de su experiencia personal, a la vez que reflejan su profundo esp\u00edritu de investigaci\u00f3n y respeto por las grandes tradiciones espirituales y los avances cient\u00edficos del mundo.<\/p>\n<p class=\"content-bottom\">Nacido en Gujarat en 1956, Daaji mostr\u00f3 un temprano inter\u00e9s en la meditaci\u00f3n y la espiritualidad. Comenz\u00f3 la Meditaci\u00f3n Heartfulness a la edad de diecinueve a\u00f1os, mientras estudiaba para ser farmac\u00e9utico. Poco despu\u00e9s, conoci\u00f3 a su primer Gur\u00fa, Babuji, el segundo gu\u00eda del linaje Heartfulness. Despu\u00e9s de graduarse con honores de L.M. College of Pharmacy en Ahmedabad, Daaji se cas\u00f3 y se mud\u00f3 a la ciudad de Nueva York. All\u00ed, \u00e9l y su esposa criaron a sus dos hijos, mientras que \u00e9l desarrollaba un exitoso negocio de farmacia. Al mismo tiempo, Daaji continu\u00f3 su amor por la meditaci\u00f3n como disc\u00edpulo devoto del sucesor de Babuji, Chariji. A lo largo de los a\u00f1os, Daaji desempe\u00f1\u00f3 un papel cada vez m\u00e1s activo en el Movimiento Heartfulness, tanto en lo que concierne a la organizaci\u00f3n como a la difusi\u00f3n de su mensaje y a la ense\u00f1anza de su m\u00e9todo. En 2011, Chariji eligi\u00f3 a Daaji como su sucesor espiritual.<\/p>\n<p class=\"content-bottom\">Como l\u00edder del Movimiento Heartfulness, Daaji ahora cumple con los muchos deberes de un gur\u00fa moderno, viajando ampliamente y extendiendo su apoyo a los buscadores de todo el mundo. Daaji cree firmemente en la formaci\u00f3n de la juventud actual con herramientas pr\u00e1cticas de autogesti\u00f3n y valores universales. Bajo su direcci\u00f3n, los estudiantes y el profesorado de m\u00e1s de 2.500 escuelas, universidades y colegios se est\u00e1n beneficiando ahora de una variedad de programas de autodesarrollo basados en valores.<\/p>\n<p class=\"content-bottom\">Como un estudiante  autodidacta de la espiritualidad, Daaji dedica gran parte de su tiempo y energ\u00eda a la investigaci\u00f3n personal en el campo de la espiritualidad y la conciencia, y comparte regularmente sus hallazgos a trav\u00e9s de conferencias p\u00fablicas, su sitio web y plataformas de medios sociales, y en radiodifusi\u00f3n, prensa escrita y medios digitales. Los art\u00edculos de Daaji han aparecido en varias publicaciones l\u00edderes como Huffington Post, Chicago Tribune, Times of India y Business Standard. Su bien recibida serie de Radio City Swaran, Dil Ki Awaaz, dur\u00f3 doce episodios.<\/p>\n<p class=\"content-bottom\">Daaji aboga por tender un puente entre la tradici\u00f3n antigua y la comprensi\u00f3n cient\u00edfica moderna, y ha reunido a un equipo de cien cient\u00edficos para investigar los efectos fisiol\u00f3gicos y gen\u00e9ticos de la meditaci\u00f3n y la transmisi\u00f3n y\u00f3guica. Cree en el enfoque de la espiritualidad con metodolog\u00eda cient\u00edfica &#8211; un enfoque pr\u00e1ctico que proviene de su propia experiencia y dominio en el campo. Como dice a menudo: &#8220;Usted es el experimentador, el experimento y tambi\u00e9n su resultado &#8220;.<\/p>\n<p class=\"content-bottom\">El deseo de Daaji es que la Meditaci\u00f3n Heartfulness est\u00e9 disponible para todos los hogares del mundo. Bajo su direcci\u00f3n, las organizaciones de Heartfulness ofrecen entrenamiento gratuito en meditaci\u00f3n en miles de centros (HeartSpots) y Centros de Retiro en 130 pa\u00edses, y los entrenadores de Heartfulness est\u00e1n disponibles en todo el mundo para meditaci\u00f3n individual y grupal, en persona o a distancia,  a trav\u00e9s de la aplicaci\u00f3n HeartsApp para iPhone y Android.<\/p>\n<p class=\"content-bottom\">Para obtener m\u00e1s informaci\u00f3n sobre Daaji, visite <a target=\"_blank\" href=\"http:\/\/www.daaji.org\/\">http:\/\/www.daaji.org\/<\/a><\/p>\n<\/div>\n<\/div>\n<\/div>\n<\/div>\n","protected":false},"excerpt":{"rendered":"<p>Kamlesh D Patel (1956 &#8211; Present) Kamlesh D. Patel es una voz nueva en una vieja tradici\u00f3n. Conocido por muchos como Daaji, sus ense\u00f1anzas sobre la Meditaci\u00f3n Heartfulness surgen de su experiencia personal, a la vez que reflejan su profundo esp\u00edritu de investigaci\u00f3n y respeto por las grandes tradiciones espirituales y los avances cient\u00edficos del&hellip; <br \/> <a class=\"button small blue\" href=\"https:\/\/heartfulness.org\/es\/kamlesh-d-patel\/\">Read more<\/a><\/p>\n","protected":false},"author":4,"featured_media":0,"parent":0,"menu_order":0,"comment_status":"closed","ping_status":"closed","template":"","meta":{"footnotes":""},"_links":{"self":[{"href":"https:\/\/heartfulness.org\/es\/wp-json\/wp\/v2\/pages\/4777"}],"collection":[{"href":"https:\/\/heartfulness.org\/es\/wp-json\/wp\/v2\/pages"}],"about":[{"href":"https:\/\/heartfulness.org\/es\/wp-json\/wp\/v2\/types\/page"}],"author":[{"embeddable":true,"href":"https:\/\/heartfulness.org\/es\/wp-json\/wp\/v2\/users\/4"}],"replies":[{"embeddable":true,"href":"https:\/\/heartfulness.org\/es\/wp-json\/wp\/v2\/comments?post=4777"}],"version-history":[{"count":13,"href":"https:\/\/heartfulness.org\/es\/wp-json\/wp\/v2\/pages\/4777\/revisions"}],"predecessor-version":[{"id":7774,"href":"https:\/\/heartfulness.org\/es\/wp-json\/wp\/v2\/pages\/4777\/revisions\/7774"}],"wp:attachment":[{"href":"https:\/\/heartfulness.org\/es\/wp-json\/wp\/v2\/media?parent=4777"}],"curies":[{"name":"wp","href":"https:\/\/api.w.org\/{rel}","templated":true}]}}