{"id":4774,"date":"2017-11-11T13:42:57","date_gmt":"2017-11-11T08:12:57","guid":{"rendered":"http:\/\/staging.prod.heartfulness.org\/in\/en\/?page_id=4774"},"modified":"2019-06-12T19:32:41","modified_gmt":"2019-06-12T14:02:41","slug":"chariji","status":"publish","type":"page","link":"https:\/\/heartfulness.org\/es\/chariji\/","title":{"rendered":"Chariji"},"content":{"rendered":"<div class=\"daaji\">\n<div class=\"container\">\n<div class=\"row padd-tb40\">\n<div class=\"col-md-12\">\n<h4 class=\"text-left font-book theme-color\">Chariji Maharaj <\/h4>\n<p class=\"text-left master-year-info\">1927 A.D \u2013 2014 A.D.<\/p>\n<p class=\"content-bottom padd-t20\">Shri Parthasarathi Rajagopalachari, tambi\u00e9n conocido como Chariji, naci\u00f3 en Vayalur (cerca de Chennai) en el sur de la India.<\/p>\n<p class=\"content-bottom\">Las aspiraciones espirituales conscientes de Chariji se despertaron a la edad de dieciocho a\u00f1os cuando escuch\u00f3 una conferencia sobre el Bhagavad Gita, pero continu\u00f3 con sus estudios, y se gradu\u00f3 de la Universidad Hind\u00fa de Benar\u00e9s con una licenciatura en Ciencias. Su primer trabajo fue en ingenier\u00eda qu\u00edmica, despu\u00e9s de lo cual pas\u00f3 dos a\u00f1os en Yugoslavia estudiando t\u00e9cnicas de fabricaci\u00f3n de pl\u00e1sticos.<\/p>\n<p class=\"content-bottom\">Se cas\u00f3 en 1955 y se uni\u00f3 al grupo de empresas T.T. Krishnamachari ese mismo a\u00f1o, ascendiendo pronto al puesto de director ejecutivo de una de las empresas del grupo. Su trabajo le oblig\u00f3 a viajar extensamente por India y el extranjero, estableciendo una pauta de viajes por el mundo que continu\u00f3 a lo largo de su vida, tanto profesionalmente como en su papel de gu\u00eda de  Heartfulness.<\/p>\n<p class=\"content-bottom\">En 1964 Chariji fue introducido a la pr\u00e1ctica de Heartfulness y varios meses despu\u00e9s conoci\u00f3 a Babuji. Desde su primer encuentro con Babuji, como escribi\u00f3 en su libro, <em>Mi Maestro<\/em>, &#8220;supe inmediata e intuitivamente que hab\u00eda encontrado a la \u00fanica persona que pod\u00eda ser mi Maestro y llevarme a mi meta&#8221;.<\/p>\n<p class=\"content-bottom\">Mientras continuaba cumpliendo con sus responsabilidades familiares y empresariales, Chariji era asiduo en su pr\u00e1ctica espiritual y ferviente en su devoci\u00f3n hacia Babuji. Se dedic\u00f3 a ayudar a Babuji a actualizar su visi\u00f3n de la humanidad.<\/p>\n<p class=\"content-bottom\">Chariji acompa\u00f1\u00f3 a Babuji en extensos viajes por toda India. Tras la llegada a India de europeos atra\u00eddos por Babuji y sus ense\u00f1anzas, Chariji en 1972 acompa\u00f1\u00f3 a Babuji en el primero de una serie de viajes a Europa y Am\u00e9rica. Se reunieron con los aspirantes, dirigieron meditaciones, dieron charlas y respondieron preguntas. Una relaci\u00f3n de amorosa interdependencia creci\u00f3 entre ellos.<\/p>\n<p class=\"content-bottom\">Durante su vida, Babuji nombr\u00f3 a Chariji como su sucesor y en 1983, cuando Babuji falleci\u00f3, Chariji asumi\u00f3 el cargo como su representante espiritual. Se dedic\u00f3 a continuar el trabajo que Babuji hab\u00eda comenzado y a promover su visi\u00f3n de la humanidad. Bajo su direcci\u00f3n, la organizaci\u00f3n que Babuji hab\u00eda creado prolifer\u00f3 tanto en India como en otros cien pa\u00edses. En el momento de la muerte de Chariji, el n\u00famero de miembros hab\u00eda aumentado de 5.000, como en tiempos de Babuji, a 500.000. Siempre se ha basado en el   trabajo voluntario y se ha financiado con  donaciones.<\/p>\n<p class=\"content-bottom\">Chariji demostr\u00f3 ser lo que Babuji hab\u00eda definido como el ser humano ideal: una mente occidental con un coraz\u00f3n oriental.<\/p>\n<p class=\"content-bottom\">Adem\u00e1s de ser un orador brillante, su capacidad de trabajo parec\u00eda casi sobrehumana. A pesar del n\u00famero de personas que vinieron a verlo y que conoci\u00f3 en el transcurso de sus viajes, era conocido por su dispocisi\u00f3n para relacionarse con las personas que se acercaban a \u00e9l libremente. Decenas de miles de personas tienen historias de encuentros personales con \u00e9l que transformaron sus vidas.<\/p>\n<p class=\"content-bottom\">Escribi\u00f3 y public\u00f3 m\u00e1s de cien libros. Su libro, Mi Maestro, un tributo a su amado Babuji, ha sido traducido a 20 idiomas. Otros libros incluyen diarios de sus viajes al extranjero con Babuji, una autobiograf\u00eda y numerosos vol\u00famenes de sus charlas en la India y en el extranjero que representan y ampl\u00edan las ense\u00f1anzas de su Maestro.<\/p>\n<p class=\"content-bottom\">A partir de 2008, Chariji sufri\u00f3 de mala salud y en 2010, Chariji utiliz\u00f3 la tecnolog\u00eda de la \u00e9poca para hacer saber a todos sus seguidores que Kamlesh D. Patel iba a ser su sucesor despu\u00e9s de su fallecimiento. Esta era su manera de asegurar que desde el principio, hubiera un apoyo total hacia \u00e9l en lo que hab\u00eda llegado a ser una tarea enorme. Desde ese d\u00eda, hasta su muerte, estuvieron casi siempre juntos.<\/p>\n<p class=\"content-bottom\">Chariji falleci\u00f3 el 20 de diciembre de 2014, pasando el papel del gu\u00eda global de la Heartfulness a Shri Kamlesh D. Patel, conocido cari\u00f1osamente como <a href=\"kamlesh-d-patel\" class=\"link-color\">Daaji<\/a>.<\/p>\n<\/div>\n<\/div>\n<\/div>\n<\/div>\n","protected":false},"excerpt":{"rendered":"<p>Chariji Maharaj 1927 A.D \u2013 2014 A.D. Shri Parthasarathi Rajagopalachari, tambi\u00e9n conocido como Chariji, naci\u00f3 en Vayalur (cerca de Chennai) en el sur de la India. Las aspiraciones espirituales conscientes de Chariji se despertaron a la edad de dieciocho a\u00f1os cuando escuch\u00f3 una conferencia sobre el Bhagavad Gita, pero continu\u00f3 con sus estudios, y se&hellip; <br \/> <a class=\"button small blue\" href=\"https:\/\/heartfulness.org\/es\/chariji\/\">Read more<\/a><\/p>\n","protected":false},"author":4,"featured_media":0,"parent":0,"menu_order":0,"comment_status":"closed","ping_status":"closed","template":"","meta":{"footnotes":""},"_links":{"self":[{"href":"https:\/\/heartfulness.org\/es\/wp-json\/wp\/v2\/pages\/4774"}],"collection":[{"href":"https:\/\/heartfulness.org\/es\/wp-json\/wp\/v2\/pages"}],"about":[{"href":"https:\/\/heartfulness.org\/es\/wp-json\/wp\/v2\/types\/page"}],"author":[{"embeddable":true,"href":"https:\/\/heartfulness.org\/es\/wp-json\/wp\/v2\/users\/4"}],"replies":[{"embeddable":true,"href":"https:\/\/heartfulness.org\/es\/wp-json\/wp\/v2\/comments?post=4774"}],"version-history":[{"count":17,"href":"https:\/\/heartfulness.org\/es\/wp-json\/wp\/v2\/pages\/4774\/revisions"}],"predecessor-version":[{"id":7772,"href":"https:\/\/heartfulness.org\/es\/wp-json\/wp\/v2\/pages\/4774\/revisions\/7772"}],"wp:attachment":[{"href":"https:\/\/heartfulness.org\/es\/wp-json\/wp\/v2\/media?parent=4774"}],"curies":[{"name":"wp","href":"https:\/\/api.w.org\/{rel}","templated":true}]}}