{"id":4771,"date":"2017-11-11T13:39:50","date_gmt":"2017-11-11T08:09:50","guid":{"rendered":"http:\/\/staging.prod.heartfulness.org\/in\/en\/?page_id=4771"},"modified":"2019-06-12T19:28:31","modified_gmt":"2019-06-12T13:58:31","slug":"babuji","status":"publish","type":"page","link":"https:\/\/heartfulness.org\/es\/babuji\/","title":{"rendered":"Babuji"},"content":{"rendered":"<div class=\"daaji\">\n<div class=\"container\">\n<div class=\"row padd-tb40\">\n<div class=\"col-md-12\">\n<h4 class=\"text-left font-book theme-color\">Babuji Maharaj<\/h4>\n<p class=\"text-left master-year-info\">1899 A.D.\u2013 1983 A.D.<\/p>\n<p class=\"content-bottom padd-t20\">Babuji naci\u00f3 el 30 de abril de 1899 en la ciudad norte\u00f1a de Shahjahanpur (Uttar Pradesh). Desde temprana edad, mostr\u00f3 un anhelo por la realizaci\u00f3n espiritual que eclipsaba todos los dem\u00e1s intereses.<\/p>\n<p class=\"content-bottom\">Ocup\u00f3 el cargo de secretario en el tribunal de distrito de Shahjahanpur durante m\u00e1s de treinta a\u00f1os. Se cas\u00f3 a los diecinueve a\u00f1os y su esposa, Bhagwati, le dio a luz dos hijas y cuatro hijos antes de su muerte en 1949. <\/p>\n<p class=\"content-bottom\">En junio de 1922, a la edad de veintid\u00f3s a\u00f1os, conoci\u00f3 a Lalaji, quien reconoci\u00f3 a Babuji como la persona que hab\u00eda aparecido a\u00f1os antes en sus sue\u00f1os como su sucesor.<\/p>\n<p class=\"content-bottom\">Aunque hubo muy pocos encuentros entre gur\u00fa y disc\u00edpulo antes de que Lalaji dejara su cuerpo f\u00edsico en 1931, Babuji estuvo en recuerdo perpetuo de Lalaji e insist\u00eda en que no pod\u00eda vivir ni un segundo sin su gu\u00eda interior. Babuji cre\u00eda que la evoluci\u00f3n de la conciencia es el derecho de nacimiento de todos y debe ser ofrecida libremente a los buscadores sinceros en todas partes. Cre\u00eda que un verdadero Gur\u00fa es el siervo supremo, y vivi\u00f3 su vida sirviendo a todos, independientemente de su casta, credo, religi\u00f3n, g\u00e9nero o nacionalidad. Ense\u00f1\u00f3 que la vida material y espiritual van de la mano, como las dos alas de un p\u00e1jaro, y que la vida normal de un cabeza de familia es el mejor ambiente en el cual aprender las virtudes gemelas del amor y el sacrificio. Por consiguiente, simplific\u00f3 y perfeccion\u00f3 el sistema de raja yoga para que todos pudieran practicar y beneficiarse de \u00e9l.<\/p>\n<p class=\"content-bottom\">Aconsej\u00f3 a sus seguidores que no se desanimaran por sus faltas y defectos, sino que dejaran ir los errores, proponi\u00e9ndose a no repetirlos de nuevo. Les record\u00f3 que es en el presente donde desarrollamos nuestro car\u00e1cter y as\u00ed creamos un futuro m\u00e1s brillante.<\/p>\n<p class=\"content-bottom\">Babuji era, por naturaleza, el m\u00e1s humilde entre la gente y ten\u00eda una fe inmensa en su gur\u00fa. Estaba seguro de que los buscadores de todas las culturas y nacionalidades adoptar\u00edan las pr\u00e1cticas simples y eficaces que ofrec\u00eda. En 1972, llev\u00f3 el m\u00e9todo de Heartfulness a Europa y Am\u00e9rica, acompa\u00f1ado por su asistente, Shri Parthasarathi Rajagopalachari de Chennai. Parthasarathi, conocido por sus asociados como <a href=\"chariji\" class=\"link-color\">Chariji<\/a>, fue elegido m\u00e1s tarde para suceder a Babuji como el tercer gur\u00fa de la tradici\u00f3n de Heartfulness.<\/p>\n<\/div>\n<\/div>\n<\/div>\n<\/div>\n","protected":false},"excerpt":{"rendered":"<p>Babuji Maharaj 1899 A.D.\u2013 1983 A.D. Babuji naci\u00f3 el 30 de abril de 1899 en la ciudad norte\u00f1a de Shahjahanpur (Uttar Pradesh). Desde temprana edad, mostr\u00f3 un anhelo por la realizaci\u00f3n espiritual que eclipsaba todos los dem\u00e1s intereses. Ocup\u00f3 el cargo de secretario en el tribunal de distrito de Shahjahanpur durante m\u00e1s de treinta a\u00f1os.&hellip; <br \/> <a class=\"button small blue\" href=\"https:\/\/heartfulness.org\/es\/babuji\/\">Read more<\/a><\/p>\n","protected":false},"author":4,"featured_media":0,"parent":0,"menu_order":0,"comment_status":"closed","ping_status":"closed","template":"","meta":{"footnotes":""},"_links":{"self":[{"href":"https:\/\/heartfulness.org\/es\/wp-json\/wp\/v2\/pages\/4771"}],"collection":[{"href":"https:\/\/heartfulness.org\/es\/wp-json\/wp\/v2\/pages"}],"about":[{"href":"https:\/\/heartfulness.org\/es\/wp-json\/wp\/v2\/types\/page"}],"author":[{"embeddable":true,"href":"https:\/\/heartfulness.org\/es\/wp-json\/wp\/v2\/users\/4"}],"replies":[{"embeddable":true,"href":"https:\/\/heartfulness.org\/es\/wp-json\/wp\/v2\/comments?post=4771"}],"version-history":[{"count":17,"href":"https:\/\/heartfulness.org\/es\/wp-json\/wp\/v2\/pages\/4771\/revisions"}],"predecessor-version":[{"id":7771,"href":"https:\/\/heartfulness.org\/es\/wp-json\/wp\/v2\/pages\/4771\/revisions\/7771"}],"wp:attachment":[{"href":"https:\/\/heartfulness.org\/es\/wp-json\/wp\/v2\/media?parent=4771"}],"curies":[{"name":"wp","href":"https:\/\/api.w.org\/{rel}","templated":true}]}}