{"id":4767,"date":"2017-11-11T13:34:44","date_gmt":"2017-11-11T08:04:44","guid":{"rendered":"http:\/\/staging.prod.heartfulness.org\/in\/en\/?page_id=4767"},"modified":"2019-06-12T16:27:43","modified_gmt":"2019-06-12T10:57:43","slug":"lalaji","status":"publish","type":"page","link":"https:\/\/heartfulness.org\/es\/lalaji\/","title":{"rendered":"Lalaji"},"content":{"rendered":"<div class=\"about-lalaji\">\n<div class=\"container\">\n<div class=\"row padd-tb40\">\n<div class=\"col-md-12\">\n<h4 class=\"text-left font-book theme-color\">Lalaji Maharaj<\/h2>\n<p class=\"text-left master-year-info\">1873 A.D. \u2013 1931 A.D.<\/p>\n<p class=\"content-bottom padd-t20\">Shri Ram Chandra de Fatehgarh, cari\u00f1osamente conocido como Lalaji, fue el primer gur\u00fa en la tradici\u00f3n de Heartfulness. \u00c9l recuper\u00f3 el antiguo arte de la transmisi\u00f3n y\u00f3guica para que todos los buscadores con un inter\u00e9s sincero por su evoluci\u00f3n pudieran experimentar la m\u00e1s elevada expansi\u00f3n de conciencia.<\/p>\n<p class=\"content-bottom\">Lalaji estaba convencido de que la vida familiar era la m\u00e1s propicia para el autodesarrollo. De hecho, le atribuy\u00f3 a su esposa el haberle inspirado y el haberlo mantenido alerta en el camino de la verdad.<\/p>\n<p class=\"content-bottom\">Por naturaleza, Lalaji siempre estaba tranquilo, pero se conmov\u00eda f\u00e1cilmente por los dolores y goces de los dem\u00e1s. Rara vez se enojaba. No dado a hablar superficialmente, era un experto en el uso del lenguaje para comunicar sus pensamientos y cautivar los corazones de sus oyentes. Su personalidad, su modo de vida y su comportamiento general le ganaron a Lalaji el afecto y el respeto de todos.<\/p>\n<p class=\"content-bottom\">Lalaji pod\u00eda provocar el despertar espiritual en una persona con solo un movimiento de sus p\u00e1rpados, pero no le gustaban exhibiciones de ning\u00fan tipo. Para eliminar varias complejidades del coraz\u00f3n, pidi\u00f3 a sus seguidores que se hicieran amigos de sus enemigos. \u00c9l consideraba que la moralidad era esencial para la Auto-Realizaci\u00f3n, y el amor, la principal pr\u00e1ctica. . \u00c9l ense\u00f1\u00f3 que las aflicciones son bendiciones divinas que guardan muchos secretos.<\/p>\n<p class=\"content-bottom\">Cuando no estaba en su oficina, Lalaji impart\u00eda entrenamiento a buscadores y por la noche les transmit\u00eda hasta las dos de la ma\u00f1ana. Despu\u00e9s de su jubilaci\u00f3n en 1929, comenz\u00f3 a dar todo su tiempo al trabajo espiritual, pasando dos o tres horas cada d\u00eda dictando libros, art\u00edculos y cartas. Era un gran erudito en urdu, persa y \u00e1rabe, y ten\u00eda un s\u00f3lido conocimiento del hindi y del s\u00e1nscrito.<\/p>\n<p class=\"content-bottom\">Lalaji llev\u00f3 una vida sencilla y piadosa. Su nombre se difundi\u00f3 por todas partes, y mucha gente se acerc\u00f3 a \u00e9l en busca de consuelo y gu\u00eda espiritual. Nunca rechaz\u00f3 a nadie sin bendecirlo con progreso espiritual. \u00c9l mismo fue bendecido con una voz melodiosa, y sus canciones ten\u00edan el poder de tocar el alma misma de su p\u00fablico. Es gracias al trabajo realizado por este gran gu\u00eda que hoy, Heartfulness es capaz de ofrecer una pr\u00e1ctica simple y efectiva a todos los buscadores interesados de la espiritualidad.<\/p>\n<p class=\"content-bottom\">El arte de la transmisi\u00f3n fue pasado de Lalaji a Shri Ram Chandra de Shahjahanpur (conocido como <a href=\"babuji\" class=\"link-color\">Babuji<\/a>), quien se convirti\u00f3 en el segundo gu\u00eda en la tradici\u00f3n de Heartfulness&#8221;.<\/p>\n<\/p><\/div>\n<\/p><\/div>\n<\/p><\/div>\n<\/div>\n","protected":false},"excerpt":{"rendered":"<p>Lalaji Maharaj 1873 A.D. \u2013 1931 A.D. Shri Ram Chandra de Fatehgarh, cari\u00f1osamente conocido como Lalaji, fue el primer gur\u00fa en la tradici\u00f3n de Heartfulness. \u00c9l recuper\u00f3 el antiguo arte de la transmisi\u00f3n y\u00f3guica para que todos los buscadores con un inter\u00e9s sincero por su evoluci\u00f3n pudieran experimentar la m\u00e1s elevada expansi\u00f3n de conciencia. Lalaji&hellip; <br \/> <a class=\"button small blue\" href=\"https:\/\/heartfulness.org\/es\/lalaji\/\">Read more<\/a><\/p>\n","protected":false},"author":4,"featured_media":0,"parent":0,"menu_order":0,"comment_status":"closed","ping_status":"closed","template":"","meta":{"footnotes":""},"_links":{"self":[{"href":"https:\/\/heartfulness.org\/es\/wp-json\/wp\/v2\/pages\/4767"}],"collection":[{"href":"https:\/\/heartfulness.org\/es\/wp-json\/wp\/v2\/pages"}],"about":[{"href":"https:\/\/heartfulness.org\/es\/wp-json\/wp\/v2\/types\/page"}],"author":[{"embeddable":true,"href":"https:\/\/heartfulness.org\/es\/wp-json\/wp\/v2\/users\/4"}],"replies":[{"embeddable":true,"href":"https:\/\/heartfulness.org\/es\/wp-json\/wp\/v2\/comments?post=4767"}],"version-history":[{"count":10,"href":"https:\/\/heartfulness.org\/es\/wp-json\/wp\/v2\/pages\/4767\/revisions"}],"predecessor-version":[{"id":7770,"href":"https:\/\/heartfulness.org\/es\/wp-json\/wp\/v2\/pages\/4767\/revisions\/7770"}],"wp:attachment":[{"href":"https:\/\/heartfulness.org\/es\/wp-json\/wp\/v2\/media?parent=4767"}],"curies":[{"name":"wp","href":"https:\/\/api.w.org\/{rel}","templated":true}]}}