{"id":363,"date":"2020-11-20T21:36:21","date_gmt":"2020-11-20T21:36:21","guid":{"rendered":"https:\/\/www.e-test.work\/?page_id=363"},"modified":"2020-11-20T21:36:21","modified_gmt":"2020-11-20T21:36:21","slug":"oracion-universal","status":"publish","type":"page","link":"https:\/\/heartfulness.org\/es\/oracion-universal\/","title":{"rendered":"Oraci\u00f3n Universal"},"content":{"rendered":"\n<p class=\"has-vivid-cyan-blue-color has-text-color has-large-font-size\"><strong>Oraci\u00f3n Universal a las 9:00 PM<\/strong><\/p>\n\n\n\n<p>La oraci\u00f3n universal es una pr\u00e1ctica diaria de Heartfulness que se dedica para el bienestar de todos. A las 9:00 p.m. en punto, todos los que quieran hacerlo, dondequiera que est\u00e9n en ese momento, pueden detener sus actividades y meditar durante quince minutos, pensando que:\u00a0<\/p>\n\n\n\n<p><strong><em>&#8220;Los corazones de todos los hermanos y hermanas se colman de verdadera devoci\u00f3n, de amor y de fraternidad universales y una aut\u00e9ntica fe est\u00e1 creciendo m\u00e1s fuerte en ellos&#8221;<\/em><\/strong><\/p>\n\n\n\n<p>Al ofrecer esta oraci\u00f3n a las 9:00 p.m., hora local, cuando muchos de nosotros en diferentes partes del mundo la practicamos, se ofrecen continuamente oraciones por el bienestar espiritual de toda la humanidad durante un ciclo de 24 horas de cada d\u00eda. Todos est\u00e1n invitados y animados a unirse a esta oraci\u00f3n universal.<\/p>\n","protected":false},"excerpt":{"rendered":"<p>Oraci\u00f3n Universal a las 9:00 PM La oraci\u00f3n universal es una pr\u00e1ctica diaria de Heartfulness que se dedica para el bienestar de todos. A las 9:00 p.m. en punto, todos los que quieran hacerlo, dondequiera que est\u00e9n en ese momento, pueden detener sus actividades y meditar durante quince minutos, pensando que:\u00a0 &#8220;Los corazones de todos&hellip; <br \/> <a class=\"button small blue\" href=\"https:\/\/heartfulness.org\/es\/oracion-universal\/\">Read more<\/a><\/p>\n","protected":false},"author":29,"featured_media":0,"parent":0,"menu_order":0,"comment_status":"closed","ping_status":"closed","template":"","meta":{"footnotes":""},"_links":{"self":[{"href":"https:\/\/heartfulness.org\/es\/wp-json\/wp\/v2\/pages\/363"}],"collection":[{"href":"https:\/\/heartfulness.org\/es\/wp-json\/wp\/v2\/pages"}],"about":[{"href":"https:\/\/heartfulness.org\/es\/wp-json\/wp\/v2\/types\/page"}],"author":[{"embeddable":true,"href":"https:\/\/heartfulness.org\/es\/wp-json\/wp\/v2\/users\/29"}],"replies":[{"embeddable":true,"href":"https:\/\/heartfulness.org\/es\/wp-json\/wp\/v2\/comments?post=363"}],"version-history":[{"count":0,"href":"https:\/\/heartfulness.org\/es\/wp-json\/wp\/v2\/pages\/363\/revisions"}],"wp:attachment":[{"href":"https:\/\/heartfulness.org\/es\/wp-json\/wp\/v2\/media?parent=363"}],"curies":[{"name":"wp","href":"https:\/\/api.w.org\/{rel}","templated":true}]}}