{"id":101,"date":"2020-10-27T21:31:17","date_gmt":"2020-10-27T21:31:17","guid":{"rendered":"https:\/\/www.e-test.work\/?page_id=101"},"modified":"2020-10-27T21:31:17","modified_gmt":"2020-10-27T21:31:17","slug":"cerca-de-ti-latinoamerica","status":"publish","type":"page","link":"https:\/\/heartfulness.org\/es\/cerca-de-ti-latinoamerica\/","title":{"rendered":"Cont\u00e1ctanos"},"content":{"rendered":"\n<p class=\"has-text-align-center titulo-paginas margin-bottom-10 has-vivid-cyan-blue-color has-text-color\">Un facilitador Heartfulness cerca de ti<\/p>\n\n\n\n<div class=\"wp-block-columns is-layout-flex wp-container-core-columns-layout-2 wp-block-columns-is-layout-flex\">\n<div class=\"wp-block-column is-layout-flow wp-block-column-is-layout-flow\">\n<div class=\"wp-block-columns is-layout-flex wp-container-core-columns-layout-1 wp-block-columns-is-layout-flex\">\n<div class=\"wp-block-column is-layout-flow wp-block-column-is-layout-flow\">\n<ul style=\"text-align: left;\">\n<li>Argentina<\/li>\n<li>Brasil<\/li>\n<li>Colombia<\/li>\n<li>Chile<\/li>\n<\/ul>\n<\/div>\n\n\n\n<div class=\"wp-block-column is-layout-flow wp-block-column-is-layout-flow\">\n<ul style=\"text-align: left;\">\n<li>Ecuador<\/li>\n<li>M\u00e9xico<\/li>\n<li>Nicaragua<\/li>\n<li>Venezuela<\/li>\n<\/ul>\n<\/div>\n<\/div>\n\n\n\n<p>Para contactar con un facilitador de meditaci\u00f3n en Latinoam\u00e9rica, env\u00edanos un correo a: <a href=\"mailto:latin@heartfulness.org\">latin@heartfulness.org<\/a><\/p>\n\n\n\n<p>Hay m\u00e1s de 13 000 facilitadores de meditaci\u00f3n Heartfulness alrededor del mundo.&nbsp;<\/p>\n\n\n\n<a href=\"https:\/\/heartspots.heartfulness.org\/\" target=\"_blank\" rel=\"noopener noreferrer\"><div class=\"button blue\" style=\"margin-bottom:10%;margin-top:10%;\">Encuentra uno<\/div><\/a>\n\n<a href=\"https:\/\/www.e-test.work\/cerca-de-ti-espana\/\" rel=\"noopener noreferrer\"><div class=\"button blue\" style=\"margin-bottom:10%;margin-top:10%;\">Espa\u00f1a<\/div><\/a>\n<\/div>\n\n\n\n<div class=\"wp-block-column is-layout-flow wp-block-column-is-layout-flow\">\n<figure class=\"wp-block-image size-large\"><img decoding=\"async\" src=\"https:\/\/www.e-test.work\/wp-content\/uploads\/2020\/10\/Heartspots-1024x1024.jpg\" alt=\"\" class=\"wp-image-98\"\/><\/figure>\n<\/div>\n<\/div>\n\n\n\n<p class=\"has-text-align-center titulo-paginas margin-top-10 has-vivid-cyan-blue-color has-text-color\"><strong>La pr\u00e1ctica de meditaci\u00f3n con un facilitador Heartfulness siempre es gratuita<\/strong><\/p>\n","protected":false},"excerpt":{"rendered":"<p>Un facilitador Heartfulness cerca de ti Argentina Brasil Colombia Chile Ecuador M\u00e9xico Nicaragua Venezuela Para contactar con un facilitador de meditaci\u00f3n en Latinoam\u00e9rica, env\u00edanos un correo a: latin@heartfulness.org Hay m\u00e1s de 13 000 facilitadores de meditaci\u00f3n Heartfulness alrededor del mundo.&nbsp; Encuentra uno Espa\u00f1a La pr\u00e1ctica de meditaci\u00f3n con un facilitador Heartfulness siempre es gratuita<\/p>\n","protected":false},"author":29,"featured_media":0,"parent":0,"menu_order":0,"comment_status":"closed","ping_status":"closed","template":"","meta":{"footnotes":""},"_links":{"self":[{"href":"https:\/\/heartfulness.org\/es\/wp-json\/wp\/v2\/pages\/101"}],"collection":[{"href":"https:\/\/heartfulness.org\/es\/wp-json\/wp\/v2\/pages"}],"about":[{"href":"https:\/\/heartfulness.org\/es\/wp-json\/wp\/v2\/types\/page"}],"author":[{"embeddable":true,"href":"https:\/\/heartfulness.org\/es\/wp-json\/wp\/v2\/users\/29"}],"replies":[{"embeddable":true,"href":"https:\/\/heartfulness.org\/es\/wp-json\/wp\/v2\/comments?post=101"}],"version-history":[{"count":0,"href":"https:\/\/heartfulness.org\/es\/wp-json\/wp\/v2\/pages\/101\/revisions"}],"wp:attachment":[{"href":"https:\/\/heartfulness.org\/es\/wp-json\/wp\/v2\/media?parent=101"}],"curies":[{"name":"wp","href":"https:\/\/api.w.org\/{rel}","templated":true}]}}