{"id":39940,"date":"2024-09-27T13:46:05","date_gmt":"2024-09-27T13:46:05","guid":{"rendered":"https:\/\/prodeduwritenode.heartfulness.org\/education\/?page_id=39940"},"modified":"2026-02-19T05:55:35","modified_gmt":"2026-02-19T05:55:35","slug":"gitopadesh-courses","status":"publish","type":"page","link":"https:\/\/heartfulness.org\/education\/gitopadesh-courses\/","title":{"rendered":"GITOPADESH COURSES"},"content":{"rendered":"<section>\n<div class=\"row banner-bg\">\n<div class=\"col-md-12 btn-btm\">\n<div class=\"row spc justify-content-center align-items-center\">\n<div class=\" w-auto\">\n                    <!-- <a href=\"#\"> <span class=\"icon\">\n                        <\/span>\n                    <\/a> -->\n                <\/div>\n<div class=\"w-auto text-center pl-35\">\n         <span> <a href=\"#know-more\" class=\"main-btn btn-know text-decoration-none\">Our Courses<\/a> <\/span> <span> <a href=\"https:\/\/heartfulness.org\/education\/gitopadesh-summit\/\" target=\"_blank\" class=\"main-btn text-decoration-none\" rel=\"noopener\">Gitopadesh Summit<\/a> <\/span>\n        <\/div>\n<\/p><\/div>\n<\/p><\/div>\n<\/p><\/div>\n<\/section>\n<section class=\"py-5 bg-color\" id=\"know-more\">\n<div class=\"container pt-3\">\n<div class=\"text-center pb-3\">\n<h2 class=\"title-heading gotham-bold pt-3\">\n            <u>Individual Courses<\/u><br \/>\n          <\/h2>\n<\/div>\n<div class=\"Gitopadesh-for-Schools pb-2\">\n<div class=\"row\">\n<div class=\"col-md-6 pb-4 d-flex flex-column\">\n<div class=\"box bg-white p-4\">\n<div class=\"text-center\">\n      <img\n        loading=\"lazy\"\n        src=\"https:\/\/prodeduwritenode.heartfulness.org\/education\/wp-content\/uploads\/2024\/05\/Gitopadesh-Visvasakshi-on-Top-of-the-poster.png\"\n        alt=\"...\"\n        width=\"156px\"\n        height=\"161px\"\n        class=\"pb-3\"\n      \/><\/p>\n<h3 class=\"new-course-title\"><b>Vi\u015bva-s\u0101k\u1e63\u012b<\/b><\/h3>\n<\/p><\/div>\n<div class=\"new-course-list pt-4\">\n<ol>\n<li>\n          Vi\u015bva-s\u0101k\u1e63\u012b is an assisted online program tailored for children and youth aged 10 to 14 and 15 to 21. This program offers twice a week live online sessions accompanied by comprehensive thematic modules covering 10 Value-based Themes.\n        <\/li>\n<li>\n          Participants delve into Patanjali\u2019s Yoga Sutras, selected slokas from the Bhagavad Gita, and the Ashtavakra Gita, exploring profound teachings through engaging discussions and interactive assignments.\n        <\/li>\n<\/ol>\n<div class=\"text-center mt-auto\">\n<p class=\"button-reg py-4\">\n          <a href=\"\/education\/visvasakshi\/\" target=\"_blank\" class=\"reg-btn text-decoration-none text-white\" rel=\"noopener\">Register Now<\/a>\n        <\/p>\n<\/p><\/div>\n<\/p><\/div>\n<\/p><\/div>\n<\/div>\n<div class=\"col-md-6 pb-4\">\n<div class=\"box bg-white p-4 d-flex flex-column\">\n<div class=\"text-center\">\n      <img\n        loading=\"lazy\"\n        src=\"https:\/\/prodeduwritenode.heartfulness.org\/education\/wp-content\/uploads\/2024\/05\/Gitopadesh-Sthitaprajna-on-top-of-the-poster.png\"\n        alt=\"...\"\n        width=\"156px\"\n        height=\"161px\"\n        class=\"pb-3\"\n      \/><\/p>\n<h3 class=\"new-course-title\"><b>Sthitapraj\u00f1a<\/b><\/h3>\n<\/p><\/div>\n<div class=\"new-course-list pt-4\">\n<ol>\n<li>\n          Sthitapraj\u00f1a is an assisted online program tailored for adults aged 22 and above. It features twice-weekly live online sessions correlating the teachings of the Bhagavad Gita with core Heartfulness practices like relaxation, meditation, rejuvenation, and inner connect.\n        <\/li>\n<li>\n          Scholar experts provide insights and guidance, fostering a deeper understanding of the Gita\u2019s principles.\n        <\/li>\n<\/ol><\/div>\n<div class=\"text-center mt-auto\">\n<p class=\"button-reg py-4\">\n        <a href=\"\/education\/sthitaprajna\/\" target=\"_blank\" class=\"reg-btn text-decoration-none text-white\" rel=\"noopener\">Register Now<\/a>\n      <\/p>\n<\/p><\/div>\n<\/p><\/div>\n<\/div>\n<\/div><\/div>\n<div class=\"Nurture-Spiritual-Culture\">\n<div class=\"row justify-content-center\">\n<div class=\"col-md-6 pb-4\">\n<div class=\"box bg-white p-4 d-flex flex-column\">\n<div class=\"text-center\">\n              <img\n                loading=\"lazy\"\n                src=\"https:\/\/prodeduwritenode.heartfulness.org\/education\/wp-content\/uploads\/2023\/10\/prajna-border-1.png\"\n                alt=\"...\"\n                width=\"156px\"\n                height=\"161px\"\n                class=\"pb-3\"\n              \/><\/p>\n<h3 class=\"new-course-title\"><b>Praj\u00f1a<\/b><\/h3>\n<\/p><\/div>\n<div class=\"new-course-list pt-4 flex-grow-1\"> <!-- Added flex-grow-1 to fill available space --><\/p>\n<ol>\n<li>\n                  Praj\u00f1a is a self-paced online course designed for children aged 5 to 15. It offers a structured learning journey through 120 selected slokas of the Bhagavad Gita, divided into 20 thematic modules.\n                <\/li>\n<li>\n                  Each module explores essential life concepts, such as \u201cSelf-Mastery\u201d, \u201cAttitude Towards Food\u201d, and \u201cExploring Inner Potential\u201d, using interactive activities.\n                <\/li>\n<\/ol><\/div>\n<div class=\"text-center mt-auto\"> <!-- Added mt-auto --><\/p>\n<p class=\"button-reg py-4\">\n                <a href=\"\/education\/prajna-1\/\" target=\"_blank\" class=\"reg-btn text-decoration-none text-white\" rel=\"noopener\">Register Now<\/a>\n              <\/p>\n<\/p><\/div>\n<\/p><\/div>\n<\/p><\/div>\n<div class=\"col-md-6 pb-4\">\n<div class=\"box bg-white p-4 d-flex flex-column\">\n<div class=\"text-center\">\n              <img\n                loading=\"lazy\"\n                src=\"https:\/\/prodeduwritenode.heartfulness.org\/education\/wp-content\/uploads\/2023\/10\/prajna-border.png\"\n                alt=\"...\"\n                width=\"156px\"\n                height=\"161px\"\n                class=\"pb-3\"\n              \/><\/p>\n<h3 class=\"new-course-title\"><b>Vidy\u0101rthi<\/b><\/h3>\n<\/p><\/div>\n<div class=\"new-course-list pt-4 flex-grow-1\"> <!-- Added flex-grow-1 to fill available space --><\/p>\n<ol>\n<li>\n                  Vidy\u0101rthi is an assisted online program designed for children aged 5 to 15. Vidyarthi features twice a week live online sessions complemented by comprehensive thematic modules covering 120 selected shlokas of the Bhagavad Gita along with audio tutorials and assignments.\n                <\/li>\n<li>\n                  Participants engage in interactive discussions, hands-on assignments, and self-paced study to deepen their understanding of key life concepts.\n                <\/li>\n<\/ol><\/div>\n<div class=\"text-center mt-auto\"> <!-- Added mt-auto --><\/p>\n<p class=\"button-reg py-4\">\n                <a href=\"\/education\/vidyarthi-1\/\" target=\"_blank\" class=\"reg-btn text-decoration-none text-white\" rel=\"noopener\">Register Now<\/a>\n              <\/p>\n<\/p><\/div>\n<\/p><\/div>\n<\/p><\/div>\n<div class=\"col-md-6 pb-4\">\n<div class=\"box bg-white p-4 d-flex flex-column\">\n<div class=\"text-center\">\n              <img\n                loading=\"lazy\"\n                src=\"https:\/\/prodeduwritenode.heartfulness.org\/education\/wp-content\/uploads\/2023\/10\/prajna-border.png\"\n                alt=\"...\"\n                width=\"156px\"\n                height=\"161px\"\n                class=\"pb-3\"\n              \/><\/p>\n<h3 class=\"new-course-title\"><b>Vidy\u0101rthi Plus<\/b><\/h3>\n<\/p><\/div>\n<div class=\"new-course-list pt-4 flex-grow-1\"> <!-- Added flex-grow-1 to fill available space --><\/p>\n<ol>\n<li>\n                  Vidy\u0101rthi Plus is an assisted online course designed for children aged 5 to 15 years that uses Workbooks designed for the entire family. It features Twice-a-month live online sessions complemented by 20 value-based themes covering the Bhagavad Gita.\n                <\/li>\n<li>\n                  These workbooks include interactive exercises and contemplative assignments with pre-recorded video tutorials accessed through QR codes. The workbooks are designed to energize the Wisdom Bridge between the generations towards learning the key life concepts.\n                <\/li>\n<\/ol><\/div>\n<div class=\"text-center mt-auto\"> <!-- Added mt-auto --><\/p>\n<p class=\"button-reg py-4\">\n                <!-- <a href=\"\/education\/gitopadesh-notify\/\" target=\"_blank\" class=\"reg-btn text-decoration-none text-white\" rel=\"noopener\">Register & Order Now<\/a> --><br \/>\n<a class=\"reg-btn text-decoration-none text-white disabled\" rel=\"noopener\" style=\"opacity: 0.6;\">Out of Stock<\/a>\n              <\/p>\n<\/p><\/div>\n<\/p><\/div>\n<\/p><\/div>\n<\/p><\/div>\n<\/p><\/div>\n<div class=\"text-center pt-5\">\n<p class=\"gotham-bold\" style=\"font-size: 18px\">\n        For questions and clarifications\n      <\/p>\n<p class=\"gotham-bold\" style=\"font-size: 18px\">\n   WhatsApp on +91 9840294781, +91 9704463483 or <a style=\"color: blue\" href=\"mailto:gitopadesh@heartfulness.org\">gitopadesh@heartfulness.org<\/a\n        >\n      <\/p>\n<\/p><\/div>\n<\/p><\/div>\n<\/section>\n","protected":false},"excerpt":{"rendered":"<p>Our Courses Gitopadesh Summit Individual Courses Vi\u015bva-s\u0101k\u1e63\u012b Vi\u015bva-s\u0101k\u1e63\u012b is an assisted online program tailored for children and youth aged 10 to 14 and 15 to 21. This program offers twice a week live online sessions accompanied by comprehensive thematic modules covering 10 Value-based Themes. Participants delve into Patanjali\u2019s Yoga Sutras, selected slokas from the Bhagavad&hellip;<\/p>\n","protected":false},"author":31,"featured_media":0,"parent":0,"menu_order":0,"comment_status":"closed","ping_status":"closed","template":"","meta":{"footnotes":""},"yst_prominent_words":[],"acf":[],"_links":{"self":[{"href":"https:\/\/heartfulness.org\/education\/wp-json\/wp\/v2\/pages\/39940"}],"collection":[{"href":"https:\/\/heartfulness.org\/education\/wp-json\/wp\/v2\/pages"}],"about":[{"href":"https:\/\/heartfulness.org\/education\/wp-json\/wp\/v2\/types\/page"}],"author":[{"embeddable":true,"href":"https:\/\/heartfulness.org\/education\/wp-json\/wp\/v2\/users\/31"}],"replies":[{"embeddable":true,"href":"https:\/\/heartfulness.org\/education\/wp-json\/wp\/v2\/comments?post=39940"}],"version-history":[{"count":19,"href":"https:\/\/heartfulness.org\/education\/wp-json\/wp\/v2\/pages\/39940\/revisions"}],"predecessor-version":[{"id":44450,"href":"https:\/\/heartfulness.org\/education\/wp-json\/wp\/v2\/pages\/39940\/revisions\/44450"}],"wp:attachment":[{"href":"https:\/\/heartfulness.org\/education\/wp-json\/wp\/v2\/media?parent=39940"}],"wp:term":[{"taxonomy":"yst_prominent_words","embeddable":true,"href":"https:\/\/heartfulness.org\/education\/wp-json\/wp\/v2\/yst_prominent_words?post=39940"}],"curies":[{"name":"wp","href":"https:\/\/api.w.org\/{rel}","templated":true}]}}