{"id":38269,"date":"2023-01-27T05:27:49","date_gmt":"2023-01-27T05:27:49","guid":{"rendered":"https:\/\/prodeduwritenode.heartfulness.org\/education\/five88-chia-se-kinh-nghiem-can-biet-truoc-khi-dat-cuoc-tai-sanh-t-sportsheartfulness-education-trust-center-for-education-innovations\/"},"modified":"2023-01-27T05:27:49","modified_gmt":"2023-01-27T05:27:49","slug":"five88-chia-se-kinh-nghiem-can-biet-truoc-khi-dat-cuoc-tai-sanh-t-sportsheartfulness-education-trust-center-for-education-innovations","status":"publish","type":"page","link":"https:\/\/heartfulness.org\/education\/five88-chia-se-kinh-nghiem-can-biet-truoc-khi-dat-cuoc-tai-sanh-t-sportsheartfulness-education-trust-center-for-education-innovations\/","title":{"rendered":"Five88 chia s\u1ebb kinh nghi\u1ec7m c\u1ea7n bi\u1ebft tr\u01b0\u1edbc khi \u0111\u1eb7t c\u01b0\u1ee3c t\u1ea1i s\u1ea3nh T-Sports|Heartfulness Education Trust | Center for Education Innovations"},"content":{"rendered":"<p><span style=\"font-size:13.6px\"><em><span style=\"color:rgb(225, 77, 67)\"><strong>T-Sports<\/strong><\/span>\u00a0l\u00e0 m\u1ed9t trong nh\u1eefng s\u1ea3nh c\u01b0\u1ee3c n\u1ed5i b\u1eadt nh\u1ea5t m\u00e0 nh\u00e0 c\u00e1i\u00a0<span style=\"color:rgb(249, 155, 28)\"><strong>Five88<\/strong><\/span>\u00a0t\u1ea1o ra. T\u1ea1i s\u1ea3nh c\u01b0\u1ee3c n\u00e0y, ng\u01b0\u1eddi ch\u01a1i c\u00f3 th\u1ec3 tha h\u1ed3 t\u1eadn h\u01b0\u1edfng nh\u1eefng \u01b0u \u0111\u00e3i, khuy\u1ebfn m\u00e3i c\u1ef1c to t\u1edbi t\u1eeb nh\u00e0 c\u00e1i. Ngo\u00e0i ra, s\u1ea3nh c\u01b0\u1ee3c n\u00e0y c\u0169ng h\u1ed7 tr\u1ee3 ng\u01b0\u1eddi ch\u01a1i v\u1edbi nhi\u1ec1u n\u1ec1n t\u1ea3ng nh\u01b0 th\u1ed1ng k\u00ea th\u00f4ng tin,\u00a0 s\u1ef1 thay \u0111\u1ed5i c\u1ee7a t\u1ef7 tr\u1ecdng c\u01b0\u1ee3c. V\u1edbi nhi\u1ec1u \u01b0u th\u1ebf nh\u01b0 v\u1eady th\u00ec\u00a0<span style=\"color:rgb(225, 77, 67)\"><strong>T-Sports<\/strong><\/span>\u00a0kh\u00f4ng kh\u00f3 kh\u0103n khi\u1ebfn anh em m\u00ea m\u1ea9n, \u0111\u1eafm say. V\u1eady c\u00f3 \u0111i\u1ec1u g\u00ec m\u00e0 anh em n\u00ean \u0111\u1ec3 \u00fd tr\u01b0\u1edbc l\u00fac b\u1eaft \u0111\u1ea7u ch\u01a1i t\u1ea1i\u00a0<img decoding=\"async\" alt=\"Five88 chia s\u1ebb kinh nghi\u1ec7m c\u1ea7n bi\u1ebft tr\u01b0\u1edbc khi \u0111\u1eb7t c\u01b0\u1ee3c t\u1ea1i s\u1ea3nh T-Sports\" src=\"https:\/\/lookaside.fbsbx.com\/lookaside\/crawler\/media\/?media_id=1235444956886134\" style=\"width:auto; height:auto;\" title=\"Five88 chia s\u1ebb kinh nghi\u1ec7m c\u1ea7n bi\u1ebft tr\u01b0\u1edbc khi \u0111\u1eb7t c\u01b0\u1ee3c t\u1ea1i s\u1ea3nh T-Sports\"\/><span style=\"color:rgb(225, 77, 67)\"><strong>T-Sports<\/strong><\/span>\u00a0t\u1ea1i nh\u00e0 c\u00e1i\u00a0<iframe loading=\"lazy\" allowfullscreen=\"\" height=\"315\" src=\"https:\/\/www.youtube.com\/embed\/FONOJgKhYXg\" title=\"Five88 chia s\u1ebb kinh nghi\u1ec7m c\u1ea7n bi\u1ebft tr\u01b0\u1edbc khi \u0111\u1eb7t c\u01b0\u1ee3c t\u1ea1i s\u1ea3nh T-Sports\" width=\"560\"><\/iframe><span style=\"color:rgb(249, 155, 28)\"><strong>Five88<\/strong><\/span>? H\u00e3y c\u00f9ng ch\u00fang t\u00f4i t\u01b0 duy k\u1ef9 h\u01a1n v\u1ec1 c\u00e1c th\u00f4ng tin li\u00ean quan \u0111\u1ebfn tips ch\u01a1i, kinh nghi\u1ec7m trong post d\u01b0\u1edbi \u0111\u00e2y nh\u00e9.<\/em><\/span><\/p>\n<blockquote>\n<p><font color=\"#2d2d2d\" face=\"lato, sans-serif\" size=\"3\">\u00a0<\/font><span style=\"color:rgb(45, 45, 45); font-family:lato,sans-serif; font-size:medium\">Xem th\u00eam:\u00a0<\/span><a href=\"https:\/\/five88.beer\/\">five88 beer<\/a><\/p>\n<\/blockquote>\n<div class=\"text\" id=\"text-328115673\" style=\"box-sizing: border-box; font-size: 0.8rem; color: rgb(45, 45, 45); font-family: Lato, sans-serif;\">\n<h2><strong>Gi\u1edbi thi\u1ec7u nh\u1eefng th\u00f4ng tin anh em c\u1ea7n bi\u1ebft tr\u01b0\u1edbc khi b\u1eaft \u0111\u1ea7u ch\u01a1i s\u1ea3nh c\u01b0\u1ee3c T-Sports c\u1ee7a Five88<\/strong><\/h2>\n<\/div>\n<p><span style=\"font-size:13.6px\"><span style=\"color:rgb(225, 77, 67)\"><strong>T-Sports<\/strong><\/span>\u00a0c\u1ee7a\u00a0<span style=\"color:rgb(249, 155, 28)\"><strong>Five88<\/strong><\/span>\u00a0l\u00e0 m\u1ed9t trong nh\u1eefng s\u1ea3nh c\u01b0\u1ee3c \u0111\u1ea7u ti\u00ean m\u00e0 nh\u00e0 c\u00e1i\u00a0<span style=\"color:rgb(249, 155, 28)\"><strong>Five88<\/strong><\/span>\u00a0cho ra \u0111\u1eddi. S\u1ea3nh c\u01b0\u1ee3c n\u00e0y c\u00f3 kh\u00e1 nhi\u1ec1u c\u00e1c \u01b0u th\u1ebf n\u1ed5i tr\u1ed9i khi\u1ebfn cho ng\u01b0\u1eddi ch\u01a1i m\u00ea \u0111\u1eafm. Khi ch\u01a1i t\u1ea1i \u0111\u00e2y, anh em c\u00f3 th\u1eddi c\u01a1 nh\u1eadn \u0111\u01b0\u1ee3c nhi\u1ec1u ph\u1ea7n th\u01b0\u1edfng, \u01b0u \u0111\u00e3i khuy\u1ebfn m\u00e3i c\u1ef1c k\u1ef3 quy\u1ebfn r\u0169.<\/span><\/p>\n<div class=\"text\" id=\"text-727273024\" style=\"box-sizing: border-box; font-size: 0.8rem; color: rgb(45, 45, 45); font-family: Lato, sans-serif;\">\n<h3><strong>\u01afu \u0111i\u1ec3m l\u00fac \u0111\u1eb7t c\u01b0\u1ee3c v\u00e0 ch\u01a1i t\u1ea1i A-Sports \u1edf Five88<\/strong><\/h3>\n<p><img decoding=\"async\" alt=\"Five88 chia s\u1ebb kinh nghi\u1ec7m c\u1ea7n bi\u1ebft tr\u01b0\u1edbc khi \u0111\u1eb7t c\u01b0\u1ee3c t\u1ea1i s\u1ea3nh T-Sports\" src=\"https:\/\/wstar77.org\/wp-content\/uploads\/2022\/04\/huong-dan-cach-choi-bai-Baccarat-3.jpg\" style=\"width:auto; height:auto;\" title=\"Five88 chia s\u1ebb kinh nghi\u1ec7m c\u1ea7n bi\u1ebft tr\u01b0\u1edbc khi \u0111\u1eb7t c\u01b0\u1ee3c t\u1ea1i s\u1ea3nh T-Sports\"\/>\n<\/div>\n<ul>\n<li><span style=\"font-size:13.6px\">T\u1ea1i s\u1ea3nh c\u01b0\u1ee3c<span style=\"color:rgb(225, 77, 67)\"><strong>\u00a0T-Sports<\/strong><\/span>\u00a0th\u00ec ng\u01b0\u1eddi ch\u01a1i \u0111\u1ee7 s\u1ee9c \u0111\u1eb7t c\u01b0\u1ee3c t\u1ea1i nh\u1eefng b\u1ed9 m\u00f4n thu h\u00fat nh\u1ea5t hi\u1ec7n nay. C\u00e1c gi\u1ea3i \u0111\u1ea5u h\u00e0ng \u0111\u1ea7u t\u1edbi t\u1eeb ch\u00e2u \u00c2u, ch\u00e2u \u00c1 r\u01b0a r\u1ee9a ch\u00e2u M\u1ef9 lu\u00f4n \u0111\u01b0\u1ee3c anh em quan t\u00e2m v\u00e0 \u0111\u00e1nh m\u1ed7i ng\u00e0y t\u1ea1i<span style=\"color:rgb(225, 77, 67)\"><strong>\u00a0T-Sports<\/strong><\/span>. M\u1ed9t s\u1ed1 gi\u1ea3i \u0111\u1ea5u n\u1ed5i b\u1eadt c\u00f3 nhi\u1ec1u ng\u01b0\u1eddi tham gia l\u00e0\u00a0<span style=\"color:rgb(225, 77, 67)\"><strong>NBA c\u1ee7a b\u00f3ng r\u1ed5, Premier League, La Liga, Champion League c\u1ee7a b\u00f3ng \u0111\u00e1, c\u00e1c gi\u1ea3i \u0111\u1ea5u E-Sport c\u1ee7a nh\u1eefng b\u1ed9 m\u00f4n nh\u01b0 Dota 2, CS 2, LMHT\u2026<\/strong><\/span><\/span><\/li>\n<p><iframe loading=\"lazy\" allowfullscreen=\"\" height=\"315\" src=\"https:\/\/www.youtube.com\/embed\/OnDHy8O44F4\" title=\"Five88 chia s\u1ebb kinh nghi\u1ec7m c\u1ea7n bi\u1ebft tr\u01b0\u1edbc khi \u0111\u1eb7t c\u01b0\u1ee3c t\u1ea1i s\u1ea3nh T-Sports\" width=\"560\"><\/iframe><\/p>\n<li><span style=\"font-size:13.6px\">T\u1ef7 l\u1ec7 th\u01b0\u1edfng khi ch\u01a1i t\u1ea1i s\u1ea3nh c\u01b0\u1ee3c n\u00e0y c\u0169ng v\u00f4 c\u00f9ng thu h\u00fat khi so s\u00e1nh v\u1edbi nh\u1eefng nh\u00e0 c\u00e1i kh\u00e1c. C\u1ee5 th\u1ec3, theo th\u1ed1ng k\u00ea t\u1eeb ch\u00fang t\u00f4i th\u00ec\u00a0<span style=\"color:rgb(225, 77, 67)\"><strong>T-Sports<\/strong><\/span>\u00a0cho ra\u00a0<span style=\"color:rgb(225, 77, 67)\"><strong>t\u1ef7 l\u1ec7 c\u01b0\u1ee3c<\/strong><\/span>\u00a0nh\u1ec9nh h\u01a1n\u00a0<span style=\"color:rgb(225, 77, 67)\"><strong>t\u1eeb 3% \u0111\u1ed1i v\u1edbi k\u00e8o c\u01b0\u1ee3c ch\u00e2u \u00c1 v\u00e0 5%<\/strong><\/span>\u00a0so v\u1edbi k\u00e8o c\u01b0\u1ee3c ch\u00e2u \u00c2u. Ngo\u00e0i ra,\u00a0<img decoding=\"async\" alt=\"Five88 chia s\u1ebb kinh nghi\u1ec7m c\u1ea7n bi\u1ebft tr\u01b0\u1edbc khi \u0111\u1eb7t c\u01b0\u1ee3c t\u1ea1i s\u1ea3nh T-Sports\" src=\"https:\/\/i.ytimg.com\/vi\/Pz3NjU0K2tM\/hqdefault.jpg\" style=\"width:auto; height:auto;\" title=\"Five88 chia s\u1ebb kinh nghi\u1ec7m c\u1ea7n bi\u1ebft tr\u01b0\u1edbc khi \u0111\u1eb7t c\u01b0\u1ee3c t\u1ea1i s\u1ea3nh T-Sports\"\/><span style=\"color:rgb(225, 77, 67)\"><strong>T-Sports<\/strong><\/span><iframe loading=\"lazy\" allowfullscreen=\"\" height=\"315\" src=\"https:\/\/www.youtube.com\/embed\/https:\/\/www.youtube.com\/shorts\/wqb5voau3Nk\" title=\"Five88 chia s\u1ebb kinh nghi\u1ec7m c\u1ea7n bi\u1ebft tr\u01b0\u1edbc khi \u0111\u1eb7t c\u01b0\u1ee3c t\u1ea1i s\u1ea3nh T-Sports\" width=\"560\"><\/iframe>\u00a0c\u0169ng\u00a0<span style=\"color:rgb(225, 77, 67)\"><strong>support ho\u00e0n c\u01b0\u1ee3c t\u1ed1i \u0111a l\u00ean t\u1edbi 5%<\/strong><\/span>\u00a0m\u1eb7t h\u00e0ng tu\u1ea7n cho anh em. S\u1ed1 ti\u1ec1n ho\u00e0n c\u01b0\u1ee3c s\u1ebd chuy\u1ec3n tr\u1ef1c ti\u1ebfp v\u1ec1 t\u00e0i kho\u1ea3n ch\u00ednh v\u00e0 anh em \u0111\u1ee7 s\u1ee9c r\u00fat ngay v\u1ec1 t\u00e0i kho\u1ea3n sau khi nh\u1eadn \u0111\u01b0\u1ee3c.<\/span><\/li>\n<p><img decoding=\"async\" alt=\"Five88 chia s\u1ebb kinh nghi\u1ec7m c\u1ea7n bi\u1ebft tr\u01b0\u1edbc khi \u0111\u1eb7t c\u01b0\u1ee3c t\u1ea1i s\u1ea3nh T-Sports\" src=\"https:\/\/banghiepxuanthu.com\/wp-content\/uploads\/2022\/01\/five88.jpg\" style=\"width:auto; height:auto;\" title=\"Five88 chia s\u1ebb kinh nghi\u1ec7m c\u1ea7n bi\u1ebft tr\u01b0\u1edbc khi \u0111\u1eb7t c\u01b0\u1ee3c t\u1ea1i s\u1ea3nh T-Sports\"\/><\/p>\n<li><span style=\"font-size:13.6px\">Ngo\u00e0i ra,\u00a0<span style=\"color:rgb(225, 77, 67)\"><strong>T-Sports<\/strong><\/span>\u00a0c\u0169ng khuy\u1ebfn kh\u00edch ng\u01b0\u1eddi ch\u01a1i tham gia \u0111\u1eb7t c\u01b0\u1ee3c v\u00e0o nhi\u1ec1u th\u1ec3 lo\u1ea1i kh\u00e1c nhau. C\u1ee5 th\u1ec3, m\u1eb7t h\u00e0ng tu\u1ea7n,\u00a0<iframe loading=\"lazy\" allowfullscreen=\"\" height=\"315\" src=\"https:\/\/www.youtube.com\/embed\/AB0ZJGCROsE\" title=\"Five88 chia s\u1ebb kinh nghi\u1ec7m c\u1ea7n bi\u1ebft tr\u01b0\u1edbc khi \u0111\u1eb7t c\u01b0\u1ee3c t\u1ea1i s\u1ea3nh T-Sports\" width=\"560\"><\/iframe><span style=\"color:rgb(225, 77, 67)\"><strong>T-Sports<\/strong><\/span>\u00a0s\u1ebd c\u00f3 khuy\u1ebfn m\u00e3i cho ng\u01b0\u1eddi ch\u01a1i t\u00ecnh c\u1edd trong n\u1ec1n t\u1ea3ng. Nh\u1eefng khuy\u1ebfn m\u00e3i n\u00e0y \u0111\u1ee7 s\u1ee9c xu\u1ea5t hi\u1ec7n d\u01b0\u1edbi th\u1ec3 lo\u1ea1i ph\u1ea7n th\u01b0\u1edfng, m\u00e3 n\u1ea1p th\u01b0\u1edfng hay v\u00f2ng quay may m\u1eafn. Anh em ch\u1ec9 c\u1ea7n c\u1ed1 g\u1eafng c\u00e1 c\u01b0\u1ee3c th\u1ec3 thao t\u1ea1i\u00a0<img decoding=\"async\" alt=\"Five88 chia s\u1ebb kinh nghi\u1ec7m c\u1ea7n bi\u1ebft tr\u01b0\u1edbc khi \u0111\u1eb7t c\u01b0\u1ee3c t\u1ea1i s\u1ea3nh T-Sports\" src=\"https:\/\/fcb888.net\/wp-content\/uploads\/2022\/05\/bbin-anh-dai-dien.jpg\" style=\"width:auto; height:auto;\" title=\"Five88 chia s\u1ebb kinh nghi\u1ec7m c\u1ea7n bi\u1ebft tr\u01b0\u1edbc khi \u0111\u1eb7t c\u01b0\u1ee3c t\u1ea1i s\u1ea3nh T-Sports\"\/><strong>T-<span style=\"color:rgb(225, 77, 67)\">Sports<\/span><\/strong>\u00a0c\u1ee7a\u00a0<span style=\"color:rgb(249, 155, 28)\"><strong>Five88<\/strong><\/span>\u00a0l\u00e0 s\u1ebd c\u00f3 c\u01a1 may nh\u1eadn qu\u00e0 \u0111\u00f3.<\/span><\/li>\n<\/ul>\n<h3><span style=\"font-size:17px\"><strong>C\u00e1ch th\u1ee9c \u0111\u0103ng k\u00fd t\u00e0i kho\u1ea3n \u0111\u1ec3 ch\u01a1i t\u1ea1i s\u1ea3nh c\u01b0\u1ee3c T-Sports c\u1ee7a Five88<\/strong><\/span><\/h3>\n<p><span style=\"font-size:13.6px\">\u0110\u1ec3 c\u00f3 th\u1ec3 s\u1edf h\u1eefu t\u00e0i kho\u1ea3n c\u1ee7a\u00a0<span style=\"color:rgb(249, 155, 28)\"><strong>Five88<\/strong><\/span>\u00a0v\u00e0 ch\u01a1i t\u1ea1i s\u1ea3nh c\u01b0\u1ee3c\u00a0<span style=\"color:rgb(225, 77, 67)\"><strong>T-Sports<\/strong><\/span>\u00a0l\u00e0 \u0111i\u1ec1u v\u00f4 c\u00f9ng \u0111\u01a1n thu\u1ea7n. Anh em ch\u1ec9 c\u1ea7n l\u00e0m theo h\u01b0\u1edbng k\u00e9o d\u01b0\u1edbi \u0111\u00e2y c\u1ee7a ch\u00fang t\u00f4i l\u00e0 \u0111\u1ee7 n\u1ed9i l\u1ef1c t\u1eadn h\u01b0\u1edfng \u0111am m\u00ea c\u00e1 c\u01b0\u1ee3c c\u1ee7a ch\u00ednh m\u00ecnh.<\/span><\/p>\n<ul>\n<li><span style=\"font-size:13.6px\">Truy c\u1eadp v\u00e0o trang ch\u1ee7 c\u1ee7a nh\u00e0 c\u00e1i\u00a0<span style=\"color:rgb(249, 155, 28)\"><strong>Five88<\/strong><\/span><img decoding=\"async\" alt=\"Five88 chia s\u1ebb kinh nghi\u1ec7m c\u1ea7n bi\u1ebft tr\u01b0\u1edbc khi \u0111\u1eb7t c\u01b0\u1ee3c t\u1ea1i s\u1ea3nh T-Sports\" src=\"https:\/\/wewin.games\/images\/article\/tai-xiu-online.jpg\" style=\"width:auto; height:auto;\" title=\"Five88 chia s\u1ebb kinh nghi\u1ec7m c\u1ea7n bi\u1ebft tr\u01b0\u1edbc khi \u0111\u1eb7t c\u01b0\u1ee3c t\u1ea1i s\u1ea3nh T-Sports\"\/>\u00a0v\u00e0 nh\u1ea5n v\u00e0o m\u1ee5c t\u1ea3i k\u00fd t\u00e0i kho\u1ea3n m\u1edbi.<\/span><\/li>\n<li><span style=\"font-size:13.6px\">\u0110i\u1ec1n ID, m\u1eadt kh\u1ea9u v\u00e0 s\u1ed1 \u0111i\u1ec7n tho\u1ea1i \u0111\u1ec3 \u0111\u1ee7 n\u1ed9i l\u1ef1c \u0111\u0103ng k\u00fd t\u00e0i kho\u1ea3n th\u00e0nh c\u00f4ng.<\/span><\/li>\n<li><span style=\"font-size:13.6px\">Sau khi xong c\u00e1ch t\u1ea3i k\u00fd, anh em ch\u1ec9 c\u1ea7n nh\u1ea5n v\u00e0o m\u1ee5c n\u1ea1p ti\u1ec1n v\u00e0o t\u00e0i kho\u1ea3n \u0111\u1ec3 \u0111\u1ee7 n\u1ed9i l\u1ef1c t\u1eadn h\u01b0\u1edfng d\u1ecbch v\u1ee5. Sau khi l\u1ef1a ch\u1ecdn ph\u01b0\u01a1ng th\u1ee9c n\u1ea1p ti\u1ec1n mong mu\u1ed1n th\u00ec anh em giao thi\u1ec7p theo h\u01b0\u1edbng d\u1eabn c\u1ee7a h\u1ec7 th\u1ed1ng.<\/span><\/li>\n<li><span style=\"font-size:13.6px\">Sau sau khi c\u00f3 ti\u1ec1n trong t\u00e0i kho\u1ea3n th\u00ec anh em ch\u1ec9 c\u1ea7n nh\u1ea5n v\u00e0o m\u1ee5c th\u1ec3 thao. T\u1ea1i \u0111\u00e2y, s\u1ebd c\u00f3 4 s\u1ea3nh c\u01b0\u1ee3c kh\u00f4ng gi\u1ed1ng nhau l\u00e0<span style=\"color:rgb(225, 77, 67)\"><strong>\u00a0A-Sports, S-Sports, T-Sports v\u00e0 K-Sports<\/strong><\/span><img decoding=\"async\" alt=\"Five88 chia s\u1ebb kinh nghi\u1ec7m c\u1ea7n bi\u1ebft tr\u01b0\u1edbc khi \u0111\u1eb7t c\u01b0\u1ee3c t\u1ea1i s\u1ea3nh T-Sports\" src=\"https:\/\/xebanhmithonhiky.vn\/wp-content\/uploads\/2020\/04\/ban-hang-rong-1024x768.jpg\" style=\"width:auto; height:auto;\" title=\"Five88 chia s\u1ebb kinh nghi\u1ec7m c\u1ea7n bi\u1ebft tr\u01b0\u1edbc khi \u0111\u1eb7t c\u01b0\u1ee3c t\u1ea1i s\u1ea3nh T-Sports\"\/>. H\u00e3y l\u1ef1a l\u1ef1a ch\u1ecdn v\u00e0o s\u1ea3nh c\u01b0\u1ee3c\u00a0<span style=\"color:rgb(225, 77, 67)\"><strong>T-Sports<\/strong><\/span>\u00a0c\u1ee7a\u00a0<iframe loading=\"lazy\" allowfullscreen=\"\" height=\"315\" src=\"https:\/\/www.youtube.com\/embed\/PiekaCgx54Q\" title=\"Five88 chia s\u1ebb kinh nghi\u1ec7m c\u1ea7n bi\u1ebft tr\u01b0\u1edbc khi \u0111\u1eb7t c\u01b0\u1ee3c t\u1ea1i s\u1ea3nh T-Sports\" width=\"560\"><\/iframe><span style=\"color:rgb(225, 77, 67)\"><strong>Five88<\/strong>\u00a0<\/span>\u0111\u1ec3 ch\u01a1i nh\u00e9.<\/span><\/li>\n<\/ul>\n<div class=\"text\" id=\"text-2349013960\" style=\"box-sizing: border-box; font-size: 0.8rem; color: rgb(45, 45, 45); font-family: Lato, sans-serif;\">\n<h2><strong>M\u1ed9t s\u1ed1 tri\u1ebft l\u00fd soi k\u00e8o anh em n\u00ean n\u1eafm v\u1eefng khi tham gia s\u1ea3nh c\u01b0\u1ee3c T-Sports c\u1ee7a Five88<\/strong><\/h2>\n<\/div>\n<p><span style=\"font-size:13.6px\">Hi\u1ec3u r\u00f5 \u0111\u01b0\u1ee3c s\u1ea3nh c\u01b0\u1ee3c\u00a0<span style=\"color:rgb(225, 77, 67)\"><strong>T-Sports<\/strong><\/span>\u00a0l\u00e0 c\u00e1ch \u0111\u1ea7u tr\u00ean con \u0111\u01b0\u1eddng l\u00e0m gi\u00e0u khi ch\u01a1i t\u1ea1i nh\u00e0 c\u00e1i\u00a0<strong><span style=\"color:rgb(249, 155, 28)\">Five88<\/span><\/strong>. H\u00f4m nay, ch\u00fang t\u00f4i s\u1ebd t\u1ed5ng h\u1ee3p cho anh em m\u1ed9t s\u1ed1 kinh nghi\u1ec7m qu\u00fd gi\u00e1 n\u00ean bi\u1ebft khi ch\u01a1i t\u1ea1i \u0111\u00e2y.<\/span><\/p>\n<p><img decoding=\"async\" alt=\"Five88 chia s\u1ebb kinh nghi\u1ec7m c\u1ea7n bi\u1ebft tr\u01b0\u1edbc khi \u0111\u1eb7t c\u01b0\u1ee3c t\u1ea1i s\u1ea3nh T-Sports\" src=\"https:\/\/lh5.googleusercontent.com\/V-3hpIOxEkIqLInmyS4ph1Ia6Xul7uJARHquqpJ7-BcV4dF3nTj1SLyfrdTPXYXpg48LuLM6mP1qsQxnpstT-fW_CXR1pxb0W0djlSoNekMXDZl7tCkYdxCaFoisFr5MLg-XDERH\" style=\"width:auto; height:auto;\" title=\"Five88 chia s\u1ebb kinh nghi\u1ec7m c\u1ea7n bi\u1ebft tr\u01b0\u1edbc khi \u0111\u1eb7t c\u01b0\u1ee3c t\u1ea1i s\u1ea3nh T-Sports\"\/><\/p>\n<h3><span style=\"font-size:17px\"><strong>L\u1ef1a ch\u1ecdn b\u1ed9 m\u00f4n c\u00e1 c\u01b0\u1ee3c m\u00ecnh c\u00f3 tri\u1ebft l\u00fd, \u0111\u00e3 theo d\u00f5i l\u00e2u<\/strong><\/span><\/h3>\n<p><span style=\"font-size:13.6px\">Nhi\u1ec1u anh em \u0111\u1eb7t c\u01b0\u1ee3c v\u00ec th\u00edch th\u00fa, \u1ee7ng h\u1ed9 \u0111\u1ed9i m\u00ecnh y\u00eau th\u00edch m\u1ed9t ph\u01b0\u01a1ng th\u1ee9c c\u1ed1 ch\u1ea5p v\u00e0 mu\u1ed1n h\u1ecd th\u1eafng \u0111\u1ec3 vui v\u00e0 c\u00f3 ti\u1ec1n. Tuy nhi\u00ean, c\u00e1ch th\u1ee9c th\u1ee9c n\u00e0y ko h\u1ee3p l\u00fd ch\u00fat n\u00e0o v\u00e0 anh em s\u1ebd b\u1ecb gi\u1edbi h\u1ea1n k\u00e8o c\u01b0\u1ee3c. \u0110\u1ec3 t\u0103ng th\u00eam kh\u1ea3 n\u0103ng c\u1ee7a m\u00ecnh, anh em n\u00ean l\u1ef1a l\u1ef1a ch\u1ecdn b\u1ed9 m\u00f4n m\u00e0 m\u00ecnh \u0111ang n\u1eafm v\u1eefng, c\u00f3 nhi\u1ec1u tri\u1ebft l\u00fd khi theo d\u00f5i.<\/span><\/p>\n<p><span style=\"font-size:13.6px\"><strong><span style=\"color:rgb(225, 77, 67)\">V\u00ed d\u1ee5:<\/span><\/strong>\u00a0N\u1ebfu anh em c\u01b0\u1ee3c b\u00f3ng r\u1ed5 nh\u00e0 ngh\u1ec1 M\u1ef9 gi\u1ea3i NBA th\u00ec anh em n\u00ean bi\u1ebft \u0111\u1ed9i n\u00e0o y\u1ebfu, \u0111\u1ed9i n\u00e0o m\u1ea1nh. B\u00ean c\u1ea1nh \u0111\u00f3, n\u00ean hi\u1ec3u r\u00f5 chi\u1ebfn thu\u1eadt c\u1ee7a c\u00e1c \u0111\u1ed9i s\u1ebd mang ra trong m\u00f9a gi\u1ea3i n\u00e0y \u0111\u1ec3 \u0111\u1ee7 s\u1ee9c \u0111\u1eb7t c\u01b0\u1ee3c h\u1ee3p l\u00fd. Nh\u00ecn chung, anh em c\u1ea7n b\u1ecf ra nhi\u1ec1u th\u1eddi gian \u0111\u1ec3 theo d\u00f5i, quan s\u00e1t tr\u01b0\u1edbc khi b\u1eaft \u0111\u1ea7u quy tr\u00ecnh \u0111\u1eb7t c\u01b0\u1ee3c.<\/span><\/p>\n<h3><span style=\"font-size:17px\"><strong>Qu\u1ea3n l\u00fd power v\u1ed1n khi \u0111\u1eb7t c\u01b0\u1ee3c t\u1ea1i Five88 m\u1ed9t c\u00e1ch k\u1ebft qu\u1ea3, t\u1ed1i \u01b0u<\/strong><\/span><\/h3>\n<p><span style=\"font-size:13.6px\">Khi tham gia \u0111\u1eb7t c\u01b0\u1ee3c t\u1ea1i\u00a0<strong><span style=\"color:rgb(249, 155, 28)\">Five88<\/span><\/strong>\u00a0th\u00ec anh em n\u00ean qu\u1ea3n l\u00fd t\u1ed1t power v\u1ed1n m\u00ecnh c\u00f3 trong tay. Ngo\u00e0i ra, h\u00e3y t\u1eadn d\u1ee5ng c\u00e1c ch\u01b0\u01a1ng tr\u00ecnh \u01b0u \u0111\u00e3i, khuy\u1ebfn m\u00e3i m\u00e0 nh\u00e0 c\u00e1i cung c\u1ea5p \u0111\u1ec3 t\u0103ng th\u00eam s\u1ed1 v\u1ed1n m\u00ecnh c\u00f3.\u00a0<\/span><\/p>\n<p><span style=\"font-size:13.6px\">V\u1eady qu\u1ea3n l\u00fd power ngu\u1ed3n v\u1ed1n ntn m\u1edbi l\u00e0 t\u1ed1t l\u00fac ch\u01a1i c\u00e1 c\u01b0\u1ee3c? Anh em n\u00ean bi\u1ebft r\u00f5 m\u1ed9t th\u00e1ng m\u00ecnh s\u1eed d\u1ee5ng \u0111\u01b0\u1ee3c bao nhi\u00eau ti\u1ec1n, sau khi \u0111\u00e3 tr\u1eeb \u0111i c\u00e1c kho\u1ea3n chi ti\u00eau th\u00ec c\u00f2n l\u1ea1i bao nhi\u00eau. Sau \u0111\u00f3, anh em n\u00ean tr\u00edch ra m\u1ed9t ph\u1ea7n nh\u1ecf trong ph\u1ea7n ti\u1ec1n c\u00f2n l\u1ea1i \u0111\u1ec3 n\u1ea1p ti\u1ec1n v\u00e0 ch\u1ec9 ch\u01a1i b\u1eb1ng ph\u1ea7n ti\u1ec1n \u0111\u00f3. \u0110i\u1ec1u n\u00e0y s\u1ebd khi\u1ebfn cho anh em b\u1edbt b\u1ecb \u1ea3nh h\u01b0\u1edfng do c\u1ea3m t\u00ednh khi c\u00e1 c\u01b0\u1ee3c, t\u01b0\u01a1ng t\u1ef1 qu\u00e1 cay c\u00fa khi thua c\u01b0\u1ee3c.<\/span><\/p>\n<p><span style=\"font-size:13.6px\">Ngo\u00e0i ra, anh em c\u0169ng n\u00ean ch\u1ed1t l\u00e3i m\u1ed9t c\u00e1ch ph\u00f9 h\u1ee3p m\u1ef1c l\u00fac \u0111\u1ea1t \u0111\u1ebfn \u0111\u00fang m\u1ee9c l\u00e3i m\u00ecnh mong mu\u1ed1n. Gi\u1ea3 s\u1eed anh em mu\u1ed1n x3 v\u1ed1n trong th\u00e1ng n\u00e0y th\u00ec l\u00fac \u0111\u1ea1t \u0111\u01b0\u1ee3c m\u1ed1c n\u00e0y, h\u00e3y \u0111\u1ec3 ti\u1ec1n l\u1ea1i trong t\u00e0i kho\u1ea3n th\u00e1ng sau ti\u1ebfn c\u00f4ng ti\u1ebfp ho\u1eb7c r\u00fat ra \u0111\u1ec3 chi ti\u00eau.<\/span><\/p>\n<p><img decoding=\"async\" alt=\"Five88 chia s\u1ebb kinh nghi\u1ec7m c\u1ea7n bi\u1ebft tr\u01b0\u1edbc khi \u0111\u1eb7t c\u01b0\u1ee3c t\u1ea1i s\u1ea3nh T-Sports\" src=\"https:\/\/cakhialink.info\/wp-content\/uploads\/2021\/12\/chia-se-kinh-nghiem-choi-ca-cuoc-tai-jun88.jpg\" style=\"width:auto; height:auto;\" title=\"Five88 chia s\u1ebb kinh nghi\u1ec7m c\u1ea7n bi\u1ebft tr\u01b0\u1edbc khi \u0111\u1eb7t c\u01b0\u1ee3c t\u1ea1i s\u1ea3nh T-Sports\"\/><\/p>\n<h2><strong>L\u1eddi k\u1ebft<\/strong><\/h2>\n<p><span style=\"font-size:13.6px\">V\u1edbi m\u1ed9t s\u1ed1 th\u00f4ng tin chia s\u1ebb nh\u1ecf v\u1ec1 s\u1ea3nh c\u01b0\u1ee3c\u00a0<span style=\"color:rgb(225, 77, 67)\"><strong>T-Sports<\/strong><\/span>\u00a0c\u1ee7a\u00a0<span style=\"color:rgb(249, 155, 28)\"><strong>Five88<\/strong><\/span>\u00a0th\u00ec ch\u00fang t\u00f4i hi v\u1ecdng anh em s\u1ebd n\u1eafm \u0111\u01b0\u1ee3c r\u00f5 h\u01a1n v\u1ec1 s\u1ea3nh c\u01b0\u1ee3c t\u01b0\u01a1ng t\u1ef1 nh\u00e0 c\u00e1i n\u00e0y. Th\u1eddi gian t\u1edbi, s\u1ebd c\u00f3 kh\u00e1 nhi\u1ec1u m\u00e3 khuy\u1ebfn m\u00e3i to \u0111\u1ec3 anh em nh\u1eadn l\u00fac ch\u01a1i t\u1ea1i\u00a0<span style=\"color:rgb(249, 155, 28)\"><strong>Five88<\/strong><\/span>. H\u00e3y \u0111\u0103ng k\u00fd ngay m\u1ed9t t\u00e0i kho\u1ea3n th\u1ebf h\u1ec7 v\u00e0 b\u1eaft \u0111\u1ea7u con \u0111\u01b0\u1eddng l\u00e0m gi\u00e0u l\u00fac tham gia c\u00e1 c\u01b0\u1ee3c t\u1ea1i\u00a0<span style=\"color:rgb(225, 77, 67)\"><strong>T-Sports<\/strong><\/span>\u00a0n\u00e0o.<\/span><\/p>\n<div>\u00a0<\/div>\n<div class=\"blog-share text-center\" style=\"box-sizing: border-box; text-align: center; color: rgb(45, 45, 45); font-family: Lato, sans-serif; font-size: medium;\">\u00a0<\/div>\n<p style=\"text-align: center;font-size: 8px;font-weight: 600;display: flex;justify-content: center;color: blueviolet;\">POSTER FOXSEOTOOL<\/p>\n","protected":false},"excerpt":{"rendered":"<p>T-Sports\u00a0l\u00e0 m\u1ed9t trong nh\u1eefng s\u1ea3nh c\u01b0\u1ee3c n\u1ed5i b\u1eadt nh\u1ea5t m\u00e0 nh\u00e0 c\u00e1i\u00a0Five88\u00a0t\u1ea1o ra. T\u1ea1i s\u1ea3nh c\u01b0\u1ee3c n\u00e0y, ng\u01b0\u1eddi ch\u01a1i c\u00f3 th\u1ec3 tha h\u1ed3 t\u1eadn h\u01b0\u1edfng nh\u1eefng \u01b0u \u0111\u00e3i, khuy\u1ebfn m\u00e3i c\u1ef1c to t\u1edbi t\u1eeb nh\u00e0 c\u00e1i. Ngo\u00e0i ra, s\u1ea3nh c\u01b0\u1ee3c n\u00e0y c\u0169ng h\u1ed7 tr\u1ee3 ng\u01b0\u1eddi ch\u01a1i v\u1edbi nhi\u1ec1u n\u1ec1n t\u1ea3ng nh\u01b0 th\u1ed1ng k\u00ea th\u00f4ng tin,\u00a0&hellip;<\/p>\n","protected":false},"author":19,"featured_media":0,"parent":0,"menu_order":0,"comment_status":"closed","ping_status":"open","template":"","meta":{"footnotes":""},"yst_prominent_words":[],"acf":[],"_links":{"self":[{"href":"https:\/\/heartfulness.org\/education\/wp-json\/wp\/v2\/pages\/38269"}],"collection":[{"href":"https:\/\/heartfulness.org\/education\/wp-json\/wp\/v2\/pages"}],"about":[{"href":"https:\/\/heartfulness.org\/education\/wp-json\/wp\/v2\/types\/page"}],"author":[{"embeddable":true,"href":"https:\/\/heartfulness.org\/education\/wp-json\/wp\/v2\/users\/19"}],"replies":[{"embeddable":true,"href":"https:\/\/heartfulness.org\/education\/wp-json\/wp\/v2\/comments?post=38269"}],"version-history":[{"count":0,"href":"https:\/\/heartfulness.org\/education\/wp-json\/wp\/v2\/pages\/38269\/revisions"}],"wp:attachment":[{"href":"https:\/\/heartfulness.org\/education\/wp-json\/wp\/v2\/media?parent=38269"}],"wp:term":[{"taxonomy":"yst_prominent_words","embeddable":true,"href":"https:\/\/heartfulness.org\/education\/wp-json\/wp\/v2\/yst_prominent_words?post=38269"}],"curies":[{"name":"wp","href":"https:\/\/api.w.org\/{rel}","templated":true}]}}